{"id":112,"date":"2018-12-26T16:32:35","date_gmt":"2018-12-26T19:32:35","guid":{"rendered":"http:\/\/shortonargentina.com.ar\/?page_id=112"},"modified":"2020-02-18T18:28:14","modified_gmt":"2020-02-18T21:28:14","slug":"tripas-colageno","status":"publish","type":"page","link":"https:\/\/shortonargentina.com.ar\/en\/tripas-colageno\/","title":{"rendered":"TRIPAS DE COLAGENO"},"content":{"rendered":"<div data-vc-full-width=\"true\" data-vc-full-width-init=\"false\" class=\"vc_row wpb_row vc_row-fluid vc_custom_1545847769418 vc_row-has-fill\"><div class=\"wpb_column vc_column_container vc_col-sm-3\"><div class=\"vc_column-inner\"><div class=\"wpb_wrapper\">\n\t<div  class=\"wpb_single_image wpb_content_element vc_align_left\">\n\t\t\n\t\t<figure class=\"wpb_wrapper vc_figure\">\n\t\t\t<a href=\"https:\/\/shortonargentina.com.ar\/en\/tripas-naturales\/\" target=\"_self\" class=\"vc_single_image-wrapper   vc_box_border_grey\"><img width=\"222\" height=\"48\" src=\"https:\/\/shortonargentina.com.ar\/wp-content\/uploads\/2020\/02\/boton-tripas-naturales-OFF.png\" class=\"vc_single_image-img attachment-full\" alt=\"\" decoding=\"async\" loading=\"lazy\" srcset=\"https:\/\/shortonargentina.com.ar\/wp-content\/uploads\/2020\/02\/boton-tripas-naturales-OFF.png 222w, https:\/\/shortonargentina.com.ar\/wp-content\/uploads\/2020\/02\/boton-tripas-naturales-OFF-50x11.png 50w, https:\/\/shortonargentina.com.ar\/wp-content\/uploads\/2020\/02\/boton-tripas-naturales-OFF-150x32.png 150w\" sizes=\"(max-width:767px) 222px, 222px\" \/><\/a>\n\t\t<\/figure>\n\t<\/div>\n<\/div><\/div><\/div><div class=\"wpb_column vc_column_container vc_col-sm-3\"><div class=\"vc_column-inner\"><div class=\"wpb_wrapper\">\n\t<div  class=\"wpb_single_image wpb_content_element vc_align_left\">\n\t\t\n\t\t<figure class=\"wpb_wrapper vc_figure\">\n\t\t\t<a href=\"https:\/\/shortonargentina.com.ar\/en\/tripas-colageno\/\" target=\"_self\" class=\"vc_single_image-wrapper   vc_box_border_grey\"><img width=\"222\" height=\"48\" src=\"https:\/\/shortonargentina.com.ar\/wp-content\/uploads\/2020\/02\/boton-tripas-colageno.png\" class=\"vc_single_image-img attachment-full\" alt=\"\" decoding=\"async\" loading=\"lazy\" srcset=\"https:\/\/shortonargentina.com.ar\/wp-content\/uploads\/2020\/02\/boton-tripas-colageno.png 222w, https:\/\/shortonargentina.com.ar\/wp-content\/uploads\/2020\/02\/boton-tripas-colageno-50x11.png 50w, https:\/\/shortonargentina.com.ar\/wp-content\/uploads\/2020\/02\/boton-tripas-colageno-150x32.png 150w\" sizes=\"(max-width:767px) 222px, 222px\" \/><\/a>\n\t\t<\/figure>\n\t<\/div>\n<\/div><\/div><\/div><div class=\"wpb_column vc_column_container vc_col-sm-3\"><div class=\"vc_column-inner\"><div class=\"wpb_wrapper\">\n\t<div  class=\"wpb_single_image wpb_content_element vc_align_left\">\n\t\t\n\t\t<figure class=\"wpb_wrapper vc_figure\">\n\t\t\t<a href=\"https:\/\/shortonargentina.com.ar\/en\/tripas-fibrosas\/\" target=\"_self\" class=\"vc_single_image-wrapper   vc_box_border_grey\"><img width=\"222\" height=\"48\" src=\"https:\/\/shortonargentina.com.ar\/wp-content\/uploads\/2020\/02\/boton-tripas-fibrosas-OFF.png\" class=\"vc_single_image-img attachment-full\" alt=\"\" decoding=\"async\" loading=\"lazy\" srcset=\"https:\/\/shortonargentina.com.ar\/wp-content\/uploads\/2020\/02\/boton-tripas-fibrosas-OFF.png 222w, https:\/\/shortonargentina.com.ar\/wp-content\/uploads\/2020\/02\/boton-tripas-fibrosas-OFF-50x11.png 50w, https:\/\/shortonargentina.com.ar\/wp-content\/uploads\/2020\/02\/boton-tripas-fibrosas-OFF-150x32.png 150w\" sizes=\"(max-width:767px) 222px, 222px\" \/><\/a>\n\t\t<\/figure>\n\t<\/div>\n<\/div><\/div><\/div><div class=\"wpb_column vc_column_container vc_col-sm-3\"><div class=\"vc_column-inner\"><div class=\"wpb_wrapper\">\n\t<div  class=\"wpb_single_image wpb_content_element vc_align_left\">\n\t\t\n\t\t<figure class=\"wpb_wrapper vc_figure\">\n\t\t\t<a href=\"https:\/\/shortonargentina.com.ar\/en\/tripas-de-poliamida\/\" target=\"_self\" class=\"vc_single_image-wrapper   vc_box_border_grey\"><img width=\"222\" height=\"48\" src=\"https:\/\/shortonargentina.com.ar\/wp-content\/uploads\/2020\/02\/boton-tripas-POLIAMIDAS-OFF.png\" class=\"vc_single_image-img attachment-full\" alt=\"\" decoding=\"async\" loading=\"lazy\" srcset=\"https:\/\/shortonargentina.com.ar\/wp-content\/uploads\/2020\/02\/boton-tripas-POLIAMIDAS-OFF.png 222w, https:\/\/shortonargentina.com.ar\/wp-content\/uploads\/2020\/02\/boton-tripas-POLIAMIDAS-OFF-50x11.png 50w, https:\/\/shortonargentina.com.ar\/wp-content\/uploads\/2020\/02\/boton-tripas-POLIAMIDAS-OFF-150x32.png 150w\" sizes=\"(max-width:767px) 222px, 222px\" \/><\/a>\n\t\t<\/figure>\n\t<\/div>\n<\/div><\/div><\/div><\/div><div class=\"vc_row-full-width vc_clearfix\"><\/div><div data-vc-full-width=\"true\" data-vc-full-width-init=\"false\" class=\"vc_row wpb_row vc_row-fluid vc_custom_1545855901294 vc_row-has-fill vc_row-o-content-top vc_row-flex\"><div class=\"wpb_column vc_column_container vc_col-sm-12\"><div class=\"vc_column-inner\"><div class=\"wpb_wrapper\"><div class=\"vc_empty_space\"\n\t  style=\"height: 32px\"><span class=\"vc_empty_space_inner\"><\/span><\/div>\n<div class=\"vc_row wpb_row vc_inner vc_row-fluid vc_custom_1545850478717 vc_row-has-fill\"><div class=\"wpb_column vc_column_container vc_col-sm-6\"><div class=\"vc_column-inner\"><div class=\"wpb_wrapper\">\n\t<div class=\"wpb_text_column wpb_content_element\" >\n\t\t<div class=\"wpb_wrapper\">\n\t\t\t<h1 style=\"text-align: left;\"><span style=\"color: #ff6c2c;\">Tripas artificiales de col\u00e1geno<\/span><\/h1>\n<p class=\" translation-block\">SHORTON ARGENTINA SRL, is <strong>the exclusive representative<\/strong> in the Argentine Republic of the company FIBRACO 1998 SL (Spain), one of the most prestigious collagen casing suppliers in the world, with more than 30 years of experience in research, development, and sales of high-quality collagen casings.<\/p>\n\n\t\t<\/div>\n\t<\/div>\n<\/div><\/div><\/div><div class=\"wpb_column vc_column_container vc_col-sm-6\"><div class=\"vc_column-inner\"><div class=\"wpb_wrapper\"><\/div><\/div><\/div><\/div><div class=\"vc_row wpb_row vc_inner vc_row-fluid\"><div class=\"wpb_column vc_column_container vc_col-sm-6\"><div class=\"vc_column-inner\"><div class=\"wpb_wrapper\">\n\t<div  class=\"wpb_single_image wpb_content_element vc_align_left\">\n\t\t\n\t\t<figure class=\"wpb_wrapper vc_figure\">\n\t\t\t<div class=\"vc_single_image-wrapper   vc_box_border_grey\"><img width=\"739\" height=\"300\" src=\"https:\/\/shortonargentina.com.ar\/wp-content\/uploads\/2020\/02\/tripas-colageno-LS-recta.jpg\" class=\"vc_single_image-img attachment-full\" alt=\"\" decoding=\"async\" loading=\"lazy\" srcset=\"https:\/\/shortonargentina.com.ar\/wp-content\/uploads\/2020\/02\/tripas-colageno-LS-recta.jpg 739w, https:\/\/shortonargentina.com.ar\/wp-content\/uploads\/2020\/02\/tripas-colageno-LS-recta-300x122.jpg 300w, https:\/\/shortonargentina.com.ar\/wp-content\/uploads\/2020\/02\/tripas-colageno-LS-recta-260x106.jpg 260w, https:\/\/shortonargentina.com.ar\/wp-content\/uploads\/2020\/02\/tripas-colageno-LS-recta-50x20.jpg 50w, https:\/\/shortonargentina.com.ar\/wp-content\/uploads\/2020\/02\/tripas-colageno-LS-recta-150x61.jpg 150w\" sizes=\"(max-width:767px) 480px, 739px\" \/><\/div>\n\t\t<\/figure>\n\t<\/div>\n<\/div><\/div><\/div><div class=\"wpb_column vc_column_container vc_col-sm-6 vc_col-has-fill\"><div class=\"vc_column-inner vc_custom_1545850798870\"><div class=\"wpb_wrapper\">\n\t<div class=\"wpb_text_column wpb_content_element\" >\n\t\t<div class=\"wpb_wrapper\">\n\t\t\t<p>La tripa recta de Col\u00e1geno Recta est\u00e1 dise\u00f1ada para la fabricaci\u00f3n de embutidos oreados, secos, curados y ahumados tanto en secadores naturales como artificiales, ideal para la fabricaci\u00f3n de salames. Durante el proceso de curaci\u00f3n la tripa merma al mismo tiempo que la carne gracias a su composici\u00f3n de materias primas animales, dando al embutido un aspecto artesanal.<\/p>\n\n\t\t<\/div>\n\t<\/div>\n<div class=\"vc_btn3-container vc_btn3-inline\" >\n\t<a class=\"vc_general vc_btn3 vc_btn3-size-md vc_btn3-shape-square vc_btn3-style-outline vc_btn3-color-warning\" href=\"https:\/\/shortonargentina.com.ar\/en\/tripas-de-colageno-ls-recta-salames\/\" title=\"\">See more<\/a>\t<\/div>\n<\/div><\/div><\/div><\/div><div class=\"vc_row wpb_row vc_inner vc_row-fluid\"><div class=\"wpb_column vc_column_container vc_col-sm-6\"><div class=\"vc_column-inner\"><div class=\"wpb_wrapper\">\n\t<div  class=\"wpb_single_image wpb_content_element vc_align_left\">\n\t\t\n\t\t<figure class=\"wpb_wrapper vc_figure\">\n\t\t\t<div class=\"vc_single_image-wrapper   vc_box_border_grey\"><img width=\"739\" height=\"300\" src=\"https:\/\/shortonargentina.com.ar\/wp-content\/uploads\/2020\/02\/tripas-colageno-LS-curvada.jpg\" class=\"vc_single_image-img attachment-full\" alt=\"\" decoding=\"async\" loading=\"lazy\" srcset=\"https:\/\/shortonargentina.com.ar\/wp-content\/uploads\/2020\/02\/tripas-colageno-LS-curvada.jpg 739w, https:\/\/shortonargentina.com.ar\/wp-content\/uploads\/2020\/02\/tripas-colageno-LS-curvada-300x122.jpg 300w, https:\/\/shortonargentina.com.ar\/wp-content\/uploads\/2020\/02\/tripas-colageno-LS-curvada-260x106.jpg 260w, https:\/\/shortonargentina.com.ar\/wp-content\/uploads\/2020\/02\/tripas-colageno-LS-curvada-50x20.jpg 50w, https:\/\/shortonargentina.com.ar\/wp-content\/uploads\/2020\/02\/tripas-colageno-LS-curvada-150x61.jpg 150w\" sizes=\"(max-width:767px) 480px, 739px\" \/><\/div>\n\t\t<\/figure>\n\t<\/div>\n<\/div><\/div><\/div><div class=\"wpb_column vc_column_container vc_col-sm-6\"><div class=\"vc_column-inner\"><div class=\"wpb_wrapper\">\n\t<div class=\"wpb_text_column wpb_content_element\" >\n\t\t<div class=\"wpb_wrapper\">\n\t\t\t<p>La tripa de col\u00e1geno CURVA dise\u00f1ada para embutidos, oreados, secos y ahumados en forma de herradura o salam\u00edn curvo. Durante el proceso de curaci\u00f3n la tripa merma al mismo tiempo que la carne gracias a su composici\u00f3n de materias primas animales, dando al embutido un aspecto artesanal.<\/p>\n\n\t\t<\/div>\n\t<\/div>\n<div class=\"vc_btn3-container vc_btn3-inline\" >\n\t<a class=\"vc_general vc_btn3 vc_btn3-size-md vc_btn3-shape-square vc_btn3-style-outline vc_btn3-color-warning\" href=\"https:\/\/shortonargentina.com.ar\/en\/tripas-de-colageno-curvada-para-salamines\/\" title=\"\">See more<\/a>\t<\/div>\n<\/div><\/div><\/div><\/div><div class=\"vc_row wpb_row vc_inner vc_row-fluid\"><div class=\"wpb_column vc_column_container vc_col-sm-6\"><div class=\"vc_column-inner\"><div class=\"wpb_wrapper\">\n\t<div  class=\"wpb_single_image wpb_content_element vc_align_left\">\n\t\t\n\t\t<figure class=\"wpb_wrapper vc_figure\">\n\t\t\t<div class=\"vc_single_image-wrapper   vc_box_border_grey\"><img width=\"739\" height=\"300\" src=\"https:\/\/shortonargentina.com.ar\/wp-content\/uploads\/2020\/02\/tripas-colageno-comestible.jpg\" class=\"vc_single_image-img attachment-full\" alt=\"\" decoding=\"async\" loading=\"lazy\" srcset=\"https:\/\/shortonargentina.com.ar\/wp-content\/uploads\/2020\/02\/tripas-colageno-comestible.jpg 739w, https:\/\/shortonargentina.com.ar\/wp-content\/uploads\/2020\/02\/tripas-colageno-comestible-300x122.jpg 300w, https:\/\/shortonargentina.com.ar\/wp-content\/uploads\/2020\/02\/tripas-colageno-comestible-260x106.jpg 260w, https:\/\/shortonargentina.com.ar\/wp-content\/uploads\/2020\/02\/tripas-colageno-comestible-50x20.jpg 50w, https:\/\/shortonargentina.com.ar\/wp-content\/uploads\/2020\/02\/tripas-colageno-comestible-150x61.jpg 150w\" sizes=\"(max-width:767px) 480px, 739px\" \/><\/div>\n\t\t<\/figure>\n\t<\/div>\n<\/div><\/div><\/div><div class=\"wpb_column vc_column_container vc_col-sm-6\"><div class=\"vc_column-inner\"><div class=\"wpb_wrapper\">\n\t<div class=\"wpb_text_column wpb_content_element\" >\n\t\t<div class=\"wpb_wrapper\">\n\t\t\t<p>La gama de tripas comestibles JF y JP est\u00e1n pensadas para la elaboraci\u00f3n de salchichas frescas destinadas a la plancha, sart\u00e9n o parrilla y para salchichas cocidas tipo viena, ahumadas o no, con excelente procesamiento mec\u00e1nico y \u00f3ptima recepci\u00f3n del ahumado. Las tripas de col\u00e1geno JF y JP tienen una mordida excepcional que imita a la tripa natural. La apariencia de la salchicha lisa, de aspecto brillante y apetitoso. La tripa facilita una excelente capacidad de adaptaci\u00f3n en m\u00e1quinas de alto rendimiento.<\/p>\n\n\t\t<\/div>\n\t<\/div>\n<div class=\"vc_btn3-container vc_btn3-inline\" >\n\t<a class=\"vc_general vc_btn3 vc_btn3-size-md vc_btn3-shape-square vc_btn3-style-outline vc_btn3-color-warning\" href=\"https:\/\/shortonargentina.com.ar\/en\/tripa-comestible-fibraco-plus-para-salchichas\/\" title=\"\">See more<\/a>\t<\/div>\n<\/div><\/div><\/div><\/div><\/div><\/div><\/div><\/div><div class=\"vc_row-full-width vc_clearfix\"><\/div><div class=\"vc_row wpb_row vc_row-fluid\"><div class=\"wpb_column vc_column_container vc_col-sm-6\"><div class=\"vc_column-inner\"><div class=\"wpb_wrapper\">\n\t<div class=\"wpb_text_column wpb_content_element\" >\n\t\t<div class=\"wpb_wrapper\">\n\t\t\t<p>La representaci\u00f3n nos da la ventaja, de asegurar a nuestros clientes la confiabilidad en la mercader\u00eda, en cuanto a su almacenamiento, manipuleo, traslado, fechas aptas de consumo y proveerles los certificados sanitarios de SENASA requeridos, ya que son productos Habilitados por SENASA, para el consumo humano en la fabricaci\u00f3n de fiambres embutidos.<\/p>\n<h2>\u00bfQu\u00e9 es el col\u00e1geno?<\/h2>\n<p>El col\u00e1geno es una prote\u00edna vacuna, con largas fibras naturales de propiedades notables. De hecho, ha sido utilizado durante muchos a\u00f1os como materia prima para varias aplicaciones, adem\u00e1s de tripas para embutidos. Estos usos incluyen el campo de la biomedicina y la cosm\u00e9tica, as\u00ed como varios usos en la industria alimentaria.<br \/>\nFabricaci\u00f3n de las tripas de Col\u00e1geno<br \/>\nLas envolturas de col\u00e1geno est\u00e1n fabricadas mediante extrusi\u00f3n de col\u00e1geno de pieles seleccionadas de vacuno de la m\u00e1s alta calidad. Durante el proceso de fabricaci\u00f3n, la tripa se enriquece con diferentes aditivos para as\u00ed obtener las propiedades de flexibilidad y resistencia necesarias en las f\u00e1bricas de embutidos altamente automatizadas. Finalmente, las tripas o envolturas adquieren sus m\u00e1ximos atributos tras el proceso de hidrataci\u00f3n, secado y transformaci\u00f3n en sus distintos formatos de presentaci\u00f3n.<br \/>\nVentajas de las Tripas de Col\u00e1geno Frente a Otras Tripas Artificiales<br \/>\n\u2022 Las tripas de col\u00e1geno realzan la calidad del producto final embutido. Una virtud importante (que no tienen otras tripas artificiales) es que durante el proceso de curado la tripa merma al mismo tiempo que el embutido y se adhiere perfectamente, como si fuese tripa natural.<br \/>\n\u2022 Gracias a su alta permeabilidad, estas tripas permiten una perfecta oxigenaci\u00f3n del embutido, logrando que la tripa no se despegue ni separe durante el proceso de maduraci\u00f3n.<br \/>\n\u2022 La estructura de la tripa de col\u00e1geno permite a las substancias saborizantes penetrar en el embutido durante el proceso de ahumado y grad\u00faa el aroma del producto durante su almacenamiento.<br \/>\n\u2022 Su capacidad de reducci\u00f3n t\u00e9rmica permite conservar la forma del embutido a lo largo del proceso de curaci\u00f3n o enfriamiento y previene la aparici\u00f3n de bolsas de aire en el producto acabado.<br \/>\n\u2022 Finalmente, su capacidad retr\u00e1ctil provee una superficie lisa y realza la apariencia del embutido, a diferencia de las tripas fibrosas fabricadas a base de celulosa.<\/p>\n\n\t\t<\/div>\n\t<\/div>\n<\/div><\/div><\/div><div class=\"wpb_column vc_column_container vc_col-sm-6\"><div class=\"vc_column-inner\"><div class=\"wpb_wrapper\">\n\t<div class=\"wpb_text_column wpb_content_element\" >\n\t\t<div class=\"wpb_wrapper\">\n\t\t\t<h2>Beneficios de Utilizar Tripas de Fibraco 1998 S.L.<\/h2>\n<ul>\n<li>Los fabricantes de embutidos obtienen destacados beneficios al utilizar las tripas Fibraco 1998 S.L. suministradas por Shorton Argentina S.R.L. Entre ellos est\u00e1n:<\/li>\n<li>Se trata de mercader\u00eda aprobada por SENASA para el consumo humano.<\/li>\n<li>Alto stock de mercader\u00eda en dep\u00f3sito para un suministro seguro y a tiempo.<\/li>\n<li>Suministro de tripas de col\u00e1geno en los calibres deseados; rectas, curvas y comestibles, presentadas en rollos por 500 m, madejas, stickers corrugados o trozos clipeados a la medida deseada.<\/li>\n<li>Apariencia similar a la tripa natural.<\/li>\n<li>Es una materia prima segura, limpia y apta para su utilizaci\u00f3n como funda en embutidos de f\u00e1cil almacenamiento y sin refrigeraci\u00f3n.<\/li>\n<\/ul>\n<p>Y consumidor se beneficia de:<\/p>\n<ul>\n<li>Una mejor presentaci\u00f3n del producto final.<\/li>\n<li>Disfruta un mordisco tierno y agradable, siendo a su vez de f\u00e1cil cocci\u00f3n.<\/li>\n<li>Caracteres organol\u00e9pticos intactos: aroma, sabor, olor, color, textura.<\/li>\n<\/ul>\n\n\t\t<\/div>\n\t<\/div>\n<\/div><\/div><\/div><\/div><div data-vc-full-width=\"true\" data-vc-full-width-init=\"false\" class=\"vc_row wpb_row vc_row-fluid vc_custom_1545850234791 vc_row-has-fill\"><div class=\"wpb_column vc_column_container vc_col-sm-12\"><div class=\"vc_column-inner\"><div class=\"wpb_wrapper\"><\/div><\/div><\/div><\/div><div class=\"vc_row-full-width vc_clearfix\"><\/div>","protected":false},"excerpt":{"rendered":"Tripas artificiales de col\u00e1geno SHORTON ARGENTINA S.R.L.,\u00a0 es Representante Exclusivo en la Rep\u00fablica Argentina de la empresa FIBRACO 1998 S.L. de Espa\u00f1a, una de las empresas<span class=\"excerpt-hellip\"> [\u2026]<\/span>","protected":false},"author":1,"featured_media":0,"parent":0,"menu_order":0,"comment_status":"closed","ping_status":"closed","template":"","meta":{"footnotes":""},"yoast_head":"<!-- This site is optimized with the Yoast SEO plugin v16.1.1 - https:\/\/yoast.com\/wordpress\/plugins\/seo\/ -->\n<title>TRIPAS DE COLAGENO - Shorton Argentina SRL<\/title>\n<link rel=\"canonical\" href=\"https:\/\/shortonargentina.com.ar\/en\/tripas-colageno\/\" \/>\n<meta property=\"og:locale\" content=\"en_US\" \/>\n<meta property=\"og:type\" content=\"article\" \/>\n<meta property=\"og:title\" content=\"TRIPAS DE COLAGENO - Shorton Argentina SRL\" \/>\n<meta property=\"og:url\" content=\"https:\/\/shortonargentina.com.ar\/en\/tripas-colageno\/\" \/>\n<meta property=\"og:site_name\" content=\"Shorton Argentina SRL\" \/>\n<meta property=\"article:modified_time\" content=\"2020-02-18T21:28:14+00:00\" \/>\n<meta name=\"twitter:card\" content=\"summary_large_image\" \/>\n<meta name=\"twitter:label1\" content=\"Est. reading time\">\n\t<meta name=\"twitter:data1\" content=\"6 minutes\">\n<script type=\"application\/ld+json\" class=\"yoast-schema-graph\">{\"@context\":\"https:\/\/schema.org\",\"@graph\":[{\"@type\":\"WebSite\",\"@id\":\"https:\/\/shortonargentina.com.ar\/#website\",\"url\":\"https:\/\/shortonargentina.com.ar\/\",\"name\":\"Shorton Argentina SRL\",\"description\":\"Productores de tripas naturales para embutidos\",\"potentialAction\":[{\"@type\":\"SearchAction\",\"target\":\"https:\/\/shortonargentina.com.ar\/?s={search_term_string}\",\"query-input\":\"required name=search_term_string\"}],\"inLanguage\":\"en-US\"},{\"@type\":\"WebPage\",\"@id\":\"https:\/\/shortonargentina.com.ar\/tripas-colageno\/#webpage\",\"url\":\"https:\/\/shortonargentina.com.ar\/tripas-colageno\/\",\"name\":\"TRIPAS DE COLAGENO - Shorton Argentina SRL\",\"isPartOf\":{\"@id\":\"https:\/\/shortonargentina.com.ar\/#website\"},\"datePublished\":\"2018-12-26T19:32:35+00:00\",\"dateModified\":\"2020-02-18T21:28:14+00:00\",\"breadcrumb\":{\"@id\":\"https:\/\/shortonargentina.com.ar\/tripas-colageno\/#breadcrumb\"},\"inLanguage\":\"en-US\",\"potentialAction\":[{\"@type\":\"ReadAction\",\"target\":[\"https:\/\/shortonargentina.com.ar\/tripas-colageno\/\"]}]},{\"@type\":\"BreadcrumbList\",\"@id\":\"https:\/\/shortonargentina.com.ar\/tripas-colageno\/#breadcrumb\",\"itemListElement\":[{\"@type\":\"ListItem\",\"position\":1,\"item\":{\"@type\":\"WebPage\",\"@id\":\"https:\/\/shortonargentina.com.ar\/\",\"url\":\"https:\/\/shortonargentina.com.ar\/\",\"name\":\"Home\"}},{\"@type\":\"ListItem\",\"position\":2,\"item\":{\"@type\":\"WebPage\",\"@id\":\"https:\/\/shortonargentina.com.ar\/tripas-colageno\/\",\"url\":\"https:\/\/shortonargentina.com.ar\/tripas-colageno\/\",\"name\":\"TRIPAS DE COLAGENO\"}}]}]}<\/script>\n<!-- \/ Yoast SEO plugin. -->","_links":{"self":[{"href":"https:\/\/shortonargentina.com.ar\/en\/wp-json\/wp\/v2\/pages\/112"}],"collection":[{"href":"https:\/\/shortonargentina.com.ar\/en\/wp-json\/wp\/v2\/pages"}],"about":[{"href":"https:\/\/shortonargentina.com.ar\/en\/wp-json\/wp\/v2\/types\/page"}],"author":[{"embeddable":true,"href":"https:\/\/shortonargentina.com.ar\/en\/wp-json\/wp\/v2\/users\/1"}],"replies":[{"embeddable":true,"href":"https:\/\/shortonargentina.com.ar\/en\/wp-json\/wp\/v2\/comments?post=112"}],"version-history":[{"count":15,"href":"https:\/\/shortonargentina.com.ar\/en\/wp-json\/wp\/v2\/pages\/112\/revisions"}],"predecessor-version":[{"id":605,"href":"https:\/\/shortonargentina.com.ar\/en\/wp-json\/wp\/v2\/pages\/112\/revisions\/605"}],"wp:attachment":[{"href":"https:\/\/shortonargentina.com.ar\/en\/wp-json\/wp\/v2\/media?parent=112"}],"curies":[{"name":"wp","href":"https:\/\/api.w.org\/{rel}","templated":true}]}}