{"id":134,"date":"2018-12-27T11:16:21","date_gmt":"2018-12-27T14:16:21","guid":{"rendered":"http:\/\/shortonargentina.com.ar\/?page_id=134"},"modified":"2019-07-12T01:09:06","modified_gmt":"2019-07-12T04:09:06","slug":"tripas-de-colageno-lsc","status":"publish","type":"page","link":"https:\/\/shortonargentina.com.ar\/en\/tripas-de-colageno-lsc\/","title":{"rendered":"TRIPAS DE COLAGENO LSC"},"content":{"rendered":"<div data-vc-full-width=\"true\" data-vc-full-width-init=\"false\" class=\"vc_row wpb_row vc_row-fluid vc_custom_1545847769418 vc_row-has-fill\"><div class=\"wpb_column vc_column_container vc_col-sm-3\"><div class=\"vc_column-inner\"><div class=\"wpb_wrapper\">\n\t<div  class=\"wpb_single_image wpb_content_element vc_align_left\">\n\t\t\n\t\t<figure class=\"wpb_wrapper vc_figure\">\n\t\t\t<a href=\"https:\/\/shortonargentina.com.ar\/en\/tripas-naturales\/\" target=\"_self\" class=\"vc_single_image-wrapper   vc_box_border_grey\"><img width=\"222\" height=\"48\" src=\"https:\/\/shortonargentina.com.ar\/wp-content\/uploads\/2018\/12\/boton-tripas-naturales-OFF.png\" class=\"vc_single_image-img attachment-full\" alt=\"\" decoding=\"async\" loading=\"lazy\" srcset=\"https:\/\/shortonargentina.com.ar\/wp-content\/uploads\/2018\/12\/boton-tripas-naturales-OFF.png 222w, https:\/\/shortonargentina.com.ar\/wp-content\/uploads\/2018\/12\/boton-tripas-naturales-OFF-50x11.png 50w, https:\/\/shortonargentina.com.ar\/wp-content\/uploads\/2018\/12\/boton-tripas-naturales-OFF-150x32.png 150w\" sizes=\"(max-width:767px) 222px, 222px\" \/><\/a>\n\t\t<\/figure>\n\t<\/div>\n<\/div><\/div><\/div><div class=\"wpb_column vc_column_container vc_col-sm-3\"><div class=\"vc_column-inner\"><div class=\"wpb_wrapper\">\n\t<div  class=\"wpb_single_image wpb_content_element vc_align_left\">\n\t\t\n\t\t<figure class=\"wpb_wrapper vc_figure\">\n\t\t\t<a href=\"https:\/\/shortonargentina.com.ar\/en\/tripas-colageno\/\" target=\"_self\" class=\"vc_single_image-wrapper   vc_box_border_grey\"><img width=\"222\" height=\"48\" src=\"https:\/\/shortonargentina.com.ar\/wp-content\/uploads\/2018\/12\/boton-tripas-colageno.png\" class=\"vc_single_image-img attachment-full\" alt=\"\" decoding=\"async\" loading=\"lazy\" srcset=\"https:\/\/shortonargentina.com.ar\/wp-content\/uploads\/2018\/12\/boton-tripas-colageno.png 222w, https:\/\/shortonargentina.com.ar\/wp-content\/uploads\/2018\/12\/boton-tripas-colageno-50x11.png 50w, https:\/\/shortonargentina.com.ar\/wp-content\/uploads\/2018\/12\/boton-tripas-colageno-150x32.png 150w\" sizes=\"(max-width:767px) 222px, 222px\" \/><\/a>\n\t\t<\/figure>\n\t<\/div>\n<\/div><\/div><\/div><div class=\"wpb_column vc_column_container vc_col-sm-3\"><div class=\"vc_column-inner\"><div class=\"wpb_wrapper\">\n\t<div  class=\"wpb_single_image wpb_content_element vc_align_left\">\n\t\t\n\t\t<figure class=\"wpb_wrapper vc_figure\">\n\t\t\t<a href=\"https:\/\/shortonargentina.com.ar\/en\/tripas-fibrosas\/\" target=\"_self\" class=\"vc_single_image-wrapper   vc_box_border_grey\"><img width=\"222\" height=\"48\" src=\"https:\/\/shortonargentina.com.ar\/wp-content\/uploads\/2018\/12\/boton-tripas-fibrosas-OFF.png\" class=\"vc_single_image-img attachment-full\" alt=\"\" decoding=\"async\" loading=\"lazy\" srcset=\"https:\/\/shortonargentina.com.ar\/wp-content\/uploads\/2018\/12\/boton-tripas-fibrosas-OFF.png 222w, https:\/\/shortonargentina.com.ar\/wp-content\/uploads\/2018\/12\/boton-tripas-fibrosas-OFF-50x11.png 50w, https:\/\/shortonargentina.com.ar\/wp-content\/uploads\/2018\/12\/boton-tripas-fibrosas-OFF-150x32.png 150w\" sizes=\"(max-width:767px) 222px, 222px\" \/><\/a>\n\t\t<\/figure>\n\t<\/div>\n<\/div><\/div><\/div><div class=\"wpb_column vc_column_container vc_col-sm-3\"><div class=\"vc_column-inner\"><div class=\"wpb_wrapper\">\n\t<div  class=\"wpb_single_image wpb_content_element vc_align_left\">\n\t\t\n\t\t<figure class=\"wpb_wrapper vc_figure\">\n\t\t\t<a href=\"https:\/\/shortonargentina.com.ar\/en\/tripas-poliamida\/\" target=\"_self\" class=\"vc_single_image-wrapper   vc_box_border_grey\"><img width=\"222\" height=\"48\" src=\"https:\/\/shortonargentina.com.ar\/wp-content\/uploads\/2018\/12\/boton-tripas-POLIAMIDAS-OFF.png\" class=\"vc_single_image-img attachment-full\" alt=\"\" decoding=\"async\" loading=\"lazy\" srcset=\"https:\/\/shortonargentina.com.ar\/wp-content\/uploads\/2018\/12\/boton-tripas-POLIAMIDAS-OFF.png 222w, https:\/\/shortonargentina.com.ar\/wp-content\/uploads\/2018\/12\/boton-tripas-POLIAMIDAS-OFF-50x11.png 50w, https:\/\/shortonargentina.com.ar\/wp-content\/uploads\/2018\/12\/boton-tripas-POLIAMIDAS-OFF-150x32.png 150w\" sizes=\"(max-width:767px) 222px, 222px\" \/><\/a>\n\t\t<\/figure>\n\t<\/div>\n<\/div><\/div><\/div><\/div><div class=\"vc_row-full-width vc_clearfix\"><\/div><div data-vc-full-width=\"true\" data-vc-full-width-init=\"false\" class=\"vc_row wpb_row vc_row-fluid vc_custom_1545855901294 vc_row-has-fill vc_row-o-content-top vc_row-flex\"><div class=\"wpb_column vc_column_container vc_col-sm-12\"><div class=\"vc_column-inner\"><div class=\"wpb_wrapper\"><div class=\"vc_empty_space\"\n\t  style=\"height: 32px\"><span class=\"vc_empty_space_inner\"><\/span><\/div>\n<div class=\"vc_row wpb_row vc_inner vc_row-fluid vc_row-o-equal-height vc_row-flex\"><div class=\"wpb_column vc_column_container vc_col-sm-6\"><div class=\"vc_column-inner\"><div class=\"wpb_wrapper\">\n\t<div  class=\"wpb_single_image wpb_content_element vc_align_left\">\n\t\t\n\t\t<figure class=\"wpb_wrapper vc_figure\">\n\t\t\t<div class=\"vc_single_image-wrapper   vc_box_border_grey\"><img width=\"739\" height=\"300\" src=\"https:\/\/shortonargentina.com.ar\/wp-content\/uploads\/2018\/12\/tripas-colageno-LSC.jpg\" class=\"vc_single_image-img attachment-full\" alt=\"\" decoding=\"async\" loading=\"lazy\" srcset=\"https:\/\/shortonargentina.com.ar\/wp-content\/uploads\/2018\/12\/tripas-colageno-LSC.jpg 739w, https:\/\/shortonargentina.com.ar\/wp-content\/uploads\/2018\/12\/tripas-colageno-LSC-300x122.jpg 300w, https:\/\/shortonargentina.com.ar\/wp-content\/uploads\/2018\/12\/tripas-colageno-LSC-260x106.jpg 260w, https:\/\/shortonargentina.com.ar\/wp-content\/uploads\/2018\/12\/tripas-colageno-LSC-50x20.jpg 50w, https:\/\/shortonargentina.com.ar\/wp-content\/uploads\/2018\/12\/tripas-colageno-LSC-150x61.jpg 150w\" sizes=\"(max-width:767px) 480px, 739px\" \/><\/div>\n\t\t<\/figure>\n\t<\/div>\n<\/div><\/div><\/div><div class=\"wpb_column vc_column_container vc_col-sm-6\"><div class=\"vc_column-inner\"><div class=\"wpb_wrapper\">\n\t<div class=\"wpb_text_column wpb_content_element\" >\n\t\t<div class=\"wpb_wrapper\">\n\t\t\t<p>La calidad LSC es una de las \u00faltimas incorporaciones en nuestros canales de venta la cual se fabrica trav\u00e9s de un moderno y eficaz sistema de producci\u00f3n destinada para productos cocidos.<\/p>\n\n\t\t<\/div>\n\t<\/div>\n<\/div><\/div><\/div><\/div><div class=\"vc_row wpb_row vc_inner vc_row-fluid vc_custom_1545858253482 vc_row-has-fill\"><div class=\"wpb_column vc_column_container vc_col-sm-12\"><div class=\"vc_column-inner\"><div class=\"wpb_wrapper\">\n\t<div class=\"wpb_text_column wpb_content_element\" >\n\t\t<div class=\"wpb_wrapper\">\n\t\t\t<h1 style=\"text-align: left;\"><span style=\"color: #ff6c2c;\">Tripa de col\u00e1geno LSC<\/span><\/h1>\n<p>a\u00a0<strong>calidad LSC<\/strong>\u00a0es una de las \u00faltimas incorporaciones en nuestros canales de venta la cual se fabrica trav\u00e9s de un moderno y eficaz sistema de producci\u00f3n\u00a0<strong>destinada para productos cocidos<\/strong>. La tripa de col\u00e1geno LSC es pared delgada y excelente comportamiento a temperaturas de cocci\u00f3n hasta los 75\u00baC. La calidad LSC se fabrica a partir de col\u00e1geno como materia prima de pieles seleccionadas de vacuno de la m\u00e1s alta calidad. A partir de una masa de fluida de\u00a0<strong>fibrillas de col\u00e1geno<\/strong>, tras el\u00a0<strong>proceso de extrusi\u00f3n<\/strong>\u00a0la masa endurece y se forma el cuerpo tubular. Una vez endurecido se lava, se\u00a0<strong>curte y plastifica<\/strong>\u00a0pas\u00e1ndolo a trav\u00e9s de ba\u00f1os l\u00edquidos sucesivos para su posterior ingreso en la c\u00e1mara de maduraci\u00f3n.<\/p>\n<p>La calidad LSC es ideal para la fabricaci\u00f3n de productos cocidos y ahumados en los\u00a0<strong>calibres estrechos mediados y anchos<\/strong>. Para productos cocidos, el proceso de ebullici\u00f3n deber\u00e1 realizarse con un aumento lento y progresivo de la temperatura durante 15 \u2013 20 minutos a temperatura de 60\u00baC y posteriormente aumentar hasta un m\u00e1ximo de 75\u00baC.<\/p>\n<p>&nbsp;<\/p>\n<h2>Plisado<\/h2>\n<p>Este procedimiento permite que la tripa est\u00e9 corrugada sobre si misma de manera compacta en forma de stick rodeado por una red. Este moderno formato de empaquetado reduce los tiempos improductivos y aumenta la productividad ya que ahorra mucha mano de obra. Durante el proceso de preparaci\u00f3n, la tripa debe de ser remojada conjuntamente con la red para evitar una deformaci\u00f3n del stick. A la hora de embutir, cortar cuidadosamente uno de los extremos de la red e introducir el stick en el embudo. A continuaci\u00f3n se retira la totalidad de la red y se puede empezar a embutir.<\/p>\n<p>&nbsp;<\/p>\n<h2>Madejas<\/h2>\n<p>La tripa es plegada en plano sobre si misma formando una madeja. La largura de la madeja depende del cliente aunque nuestra medida est\u00e1ndar son los 40 metros por madeja. Este sistema de empaquetado permite cortar la tripa en el momento deseado a fin de realizar las porciones deseadas de manera manual. Al igual que en el formato plisado, la tripa debe de ser remojada antes de empezar a embutir.<\/p>\n<p>&nbsp;<\/p>\n<h2>Bobinas<\/h2>\n<p>La tripa se encuentra enrollada sobre un mandril cil\u00edndrico de cart\u00f3n formando bobinas de hasta 500 metros seg\u00fan calibre.<\/p>\n<p>&nbsp;<\/p>\n<h2>Calibres Disponibles<\/h2>\n<p>\u00d833, \u00d836, \u00d838, \u00d841, \u00d842, \u00d845, \u00d847, \u00d850, \u00d855, \u00d860, \u00d865, \u00d870, \u00d875, \u00d880, \u00d885, \u00d890, \u00d895, \u00d8100, \u00d8105, \u00d8110, \u00d8130.<\/p>\n\n\t\t<\/div>\n\t<\/div>\n<\/div><\/div><\/div><\/div><div class=\"vc_row wpb_row vc_inner vc_row-fluid vc_row-o-equal-height vc_row-flex\"><div class=\"wpb_column vc_column_container vc_col-sm-6\"><div class=\"vc_column-inner\"><div class=\"wpb_wrapper\">\n\t<div  class=\"wpb_single_image wpb_content_element vc_align_left\">\n\t\t\n\t\t<figure class=\"wpb_wrapper vc_figure\">\n\t\t\t<div class=\"vc_single_image-wrapper   vc_box_border_grey\"><img width=\"739\" height=\"300\" src=\"https:\/\/shortonargentina.com.ar\/wp-content\/uploads\/2018\/12\/tripas-colageno-LS-recta.jpg\" class=\"vc_single_image-img attachment-full\" alt=\"\" decoding=\"async\" loading=\"lazy\" srcset=\"https:\/\/shortonargentina.com.ar\/wp-content\/uploads\/2018\/12\/tripas-colageno-LS-recta.jpg 739w, https:\/\/shortonargentina.com.ar\/wp-content\/uploads\/2018\/12\/tripas-colageno-LS-recta-300x122.jpg 300w, https:\/\/shortonargentina.com.ar\/wp-content\/uploads\/2018\/12\/tripas-colageno-LS-recta-260x106.jpg 260w, https:\/\/shortonargentina.com.ar\/wp-content\/uploads\/2018\/12\/tripas-colageno-LS-recta-50x20.jpg 50w, https:\/\/shortonargentina.com.ar\/wp-content\/uploads\/2018\/12\/tripas-colageno-LS-recta-150x61.jpg 150w\" sizes=\"(max-width:767px) 480px, 739px\" \/><\/div>\n\t\t<\/figure>\n\t<\/div>\n<\/div><\/div><\/div><div class=\"wpb_column vc_column_container vc_col-sm-6 vc_col-has-fill\"><div class=\"vc_column-inner vc_custom_1545850798870\"><div class=\"wpb_wrapper\">\n\t<div class=\"wpb_text_column wpb_content_element\" >\n\t\t<div class=\"wpb_wrapper\">\n\t\t\t<p>La tripa recta de Col\u00e1geno LS est\u00e1 dise\u00f1ada para la fabricaci\u00f3n de embutidos oreados, secos, curados y ahumados tanto en secadores naturales como artificiales.<\/p>\n\n\t\t<\/div>\n\t<\/div>\n<div class=\"vc_btn3-container vc_btn3-inline\" >\n\t<a class=\"vc_general vc_btn3 vc_btn3-size-md vc_btn3-shape-square vc_btn3-style-outline vc_btn3-color-warning\" href=\"https:\/\/shortonargentina.com.ar\/en\/tripas-de-colageno-ls-recta-salames\/\" title=\"\">See more<\/a>\t<\/div>\n<\/div><\/div><\/div><\/div><div class=\"vc_row wpb_row vc_inner vc_row-fluid\"><div class=\"wpb_column vc_column_container vc_col-sm-6\"><div class=\"vc_column-inner\"><div class=\"wpb_wrapper\">\n\t<div  class=\"wpb_single_image wpb_content_element vc_align_left\">\n\t\t\n\t\t<figure class=\"wpb_wrapper vc_figure\">\n\t\t\t<div class=\"vc_single_image-wrapper   vc_box_border_grey\"><img width=\"739\" height=\"300\" src=\"https:\/\/shortonargentina.com.ar\/wp-content\/uploads\/2018\/12\/tripas-colageno-LS-curvada.jpg\" class=\"vc_single_image-img attachment-full\" alt=\"\" decoding=\"async\" loading=\"lazy\" srcset=\"https:\/\/shortonargentina.com.ar\/wp-content\/uploads\/2018\/12\/tripas-colageno-LS-curvada.jpg 739w, https:\/\/shortonargentina.com.ar\/wp-content\/uploads\/2018\/12\/tripas-colageno-LS-curvada-300x122.jpg 300w, https:\/\/shortonargentina.com.ar\/wp-content\/uploads\/2018\/12\/tripas-colageno-LS-curvada-260x106.jpg 260w, https:\/\/shortonargentina.com.ar\/wp-content\/uploads\/2018\/12\/tripas-colageno-LS-curvada-50x20.jpg 50w, https:\/\/shortonargentina.com.ar\/wp-content\/uploads\/2018\/12\/tripas-colageno-LS-curvada-150x61.jpg 150w\" sizes=\"(max-width:767px) 480px, 739px\" \/><\/div>\n\t\t<\/figure>\n\t<\/div>\n<\/div><\/div><\/div><div class=\"wpb_column vc_column_container vc_col-sm-6\"><div class=\"vc_column-inner\"><div class=\"wpb_wrapper\">\n\t<div class=\"wpb_text_column wpb_content_element\" >\n\t\t<div class=\"wpb_wrapper\">\n\t\t\t<p>La calidad LS (CURVADA) est\u00e1 fabricada a base de col\u00e1geno de pieles seleccionadas de vacuno de la m\u00e1s alta calidad. Durante el proceso de fabricaci\u00f3n, la tripa se enriquece con diferentes aditivos con el objetivo de endurecer la tripa y aumentar su resistencia a la hora de embutir.<\/p>\n\n\t\t<\/div>\n\t<\/div>\n<div class=\"vc_btn3-container vc_btn3-inline\" >\n\t<a class=\"vc_general vc_btn3 vc_btn3-size-md vc_btn3-shape-square vc_btn3-style-outline vc_btn3-color-warning\" href=\"https:\/\/shortonargentina.com.ar\/en\/tripas-de-colageno-curvada-para-salamines\/\" title=\"\">See more<\/a>\t<\/div>\n<\/div><\/div><\/div><\/div><div class=\"vc_row wpb_row vc_inner vc_row-fluid\"><div class=\"wpb_column vc_column_container vc_col-sm-6\"><div class=\"vc_column-inner\"><div class=\"wpb_wrapper\">\n\t<div  class=\"wpb_single_image wpb_content_element vc_align_left\">\n\t\t\n\t\t<figure class=\"wpb_wrapper vc_figure\">\n\t\t\t<div class=\"vc_single_image-wrapper   vc_box_border_grey\"><img width=\"739\" height=\"300\" src=\"https:\/\/shortonargentina.com.ar\/wp-content\/uploads\/2018\/12\/tripas-colageno-comestible.jpg\" class=\"vc_single_image-img attachment-full\" alt=\"\" decoding=\"async\" loading=\"lazy\" srcset=\"https:\/\/shortonargentina.com.ar\/wp-content\/uploads\/2018\/12\/tripas-colageno-comestible.jpg 739w, https:\/\/shortonargentina.com.ar\/wp-content\/uploads\/2018\/12\/tripas-colageno-comestible-300x122.jpg 300w, https:\/\/shortonargentina.com.ar\/wp-content\/uploads\/2018\/12\/tripas-colageno-comestible-260x106.jpg 260w, https:\/\/shortonargentina.com.ar\/wp-content\/uploads\/2018\/12\/tripas-colageno-comestible-50x20.jpg 50w, https:\/\/shortonargentina.com.ar\/wp-content\/uploads\/2018\/12\/tripas-colageno-comestible-150x61.jpg 150w\" sizes=\"(max-width:767px) 480px, 739px\" \/><\/div>\n\t\t<\/figure>\n\t<\/div>\n<\/div><\/div><\/div><div class=\"wpb_column vc_column_container vc_col-sm-6\"><div class=\"vc_column-inner\"><div class=\"wpb_wrapper\">\n\t<div class=\"wpb_text_column wpb_content_element\" >\n\t\t<div class=\"wpb_wrapper\">\n\t\t\t<p>El m\u00e9todo de producci\u00f3n de la\u00a0<strong>tripa de col\u00e1geno comestible<\/strong>\u00a0parte de una matriz de col\u00e1geno seleccionado y un porcentaje de celulosa entre el 04 \u2013 05 %. Para la producci\u00f3n de la\u00a0<strong>calidad PLUS<\/strong>\u00a0se requieren cuatro sistemas en soluci\u00f3n separados para el tratamiento del material extruido.<\/p>\n\n\t\t<\/div>\n\t<\/div>\n<div class=\"vc_btn3-container vc_btn3-inline\" >\n\t<a class=\"vc_general vc_btn3 vc_btn3-size-md vc_btn3-shape-square vc_btn3-style-outline vc_btn3-color-warning\" href=\"https:\/\/shortonargentina.com.ar\/en\/tripa-comestible-fibraco-plus-para-salchichas\/\" title=\"\">See more<\/a>\t<\/div>\n<\/div><\/div><\/div><\/div><div class=\"vc_row wpb_row vc_inner vc_row-fluid\"><div class=\"wpb_column vc_column_container vc_col-sm-6\"><div class=\"vc_column-inner\"><div class=\"wpb_wrapper\">\n\t<div  class=\"wpb_single_image wpb_content_element vc_align_left\">\n\t\t\n\t\t<figure class=\"wpb_wrapper vc_figure\">\n\t\t\t<div class=\"vc_single_image-wrapper   vc_box_border_grey\"><img width=\"739\" height=\"300\" src=\"https:\/\/shortonargentina.com.ar\/wp-content\/uploads\/2018\/12\/tripas-colageno-grill.jpg\" class=\"vc_single_image-img attachment-full\" alt=\"\" decoding=\"async\" loading=\"lazy\" srcset=\"https:\/\/shortonargentina.com.ar\/wp-content\/uploads\/2018\/12\/tripas-colageno-grill.jpg 739w, https:\/\/shortonargentina.com.ar\/wp-content\/uploads\/2018\/12\/tripas-colageno-grill-300x122.jpg 300w, https:\/\/shortonargentina.com.ar\/wp-content\/uploads\/2018\/12\/tripas-colageno-grill-260x106.jpg 260w, https:\/\/shortonargentina.com.ar\/wp-content\/uploads\/2018\/12\/tripas-colageno-grill-50x20.jpg 50w, https:\/\/shortonargentina.com.ar\/wp-content\/uploads\/2018\/12\/tripas-colageno-grill-150x61.jpg 150w\" sizes=\"(max-width:767px) 480px, 739px\" \/><\/div>\n\t\t<\/figure>\n\t<\/div>\n<\/div><\/div><\/div><div class=\"wpb_column vc_column_container vc_col-sm-6\"><div class=\"vc_column-inner\"><div class=\"wpb_wrapper\">\n\t<div class=\"wpb_text_column wpb_content_element\" >\n\t\t<div class=\"wpb_wrapper\">\n\t\t\t<p>El proceso de fabricaci\u00f3n de la tripa de\u00a0<strong>col\u00e1geno comestible Fibraco GRILL<\/strong>\u00a0es sin duda el m\u00e1s complejo de todas las calidades. Partiendo de una matriz de col\u00e1geno seleccionado y un porcentaje de celulosa entre el 15 \u2013 17% la tripa extruida cae directamente dentro del tanque de lavado.<\/p>\n\n\t\t<\/div>\n\t<\/div>\n<div class=\"vc_btn3-container vc_btn3-inline\" >\n\t<a class=\"vc_general vc_btn3 vc_btn3-size-md vc_btn3-shape-square vc_btn3-style-outline vc_btn3-color-warning\" href=\"https:\/\/shortonargentina.com.ar\/en\/tripa-comestible-fibraco-grill-para-salchichas\/\" title=\"\">See more<\/a>\t<\/div>\n<\/div><\/div><\/div><\/div><\/div><\/div><\/div><\/div><div class=\"vc_row-full-width vc_clearfix\"><\/div><div data-vc-full-width=\"true\" data-vc-full-width-init=\"false\" class=\"vc_row wpb_row vc_row-fluid vc_custom_1545850234791 vc_row-has-fill\"><div class=\"wpb_column vc_column_container vc_col-sm-12\"><div class=\"vc_column-inner\"><div class=\"wpb_wrapper\"><\/div><\/div><\/div><\/div><div class=\"vc_row-full-width vc_clearfix\"><\/div>","protected":false},"excerpt":{"rendered":"La calidad LSC es una de las \u00faltimas incorporaciones en nuestros canales de venta la cual se fabrica trav\u00e9s de un moderno y eficaz sistema de<span class=\"excerpt-hellip\"> [\u2026]<\/span>","protected":false},"author":1,"featured_media":0,"parent":0,"menu_order":0,"comment_status":"closed","ping_status":"closed","template":"","meta":{"footnotes":""},"yoast_head":"<!-- This site is optimized with the Yoast SEO plugin v16.1.1 - https:\/\/yoast.com\/wordpress\/plugins\/seo\/ -->\n<title>TRIPAS DE COLAGENO LSC - Shorton Argentina SRL<\/title>\n<link rel=\"canonical\" href=\"https:\/\/shortonargentina.com.ar\/en\/tripas-de-colageno-lsc\/\" \/>\n<meta property=\"og:locale\" content=\"en_US\" \/>\n<meta property=\"og:type\" content=\"article\" \/>\n<meta property=\"og:title\" content=\"TRIPAS DE COLAGENO LSC - Shorton Argentina SRL\" \/>\n<meta property=\"og:url\" content=\"https:\/\/shortonargentina.com.ar\/en\/tripas-de-colageno-lsc\/\" \/>\n<meta property=\"og:site_name\" content=\"Shorton Argentina SRL\" \/>\n<meta property=\"article:modified_time\" content=\"2019-07-12T04:09:06+00:00\" \/>\n<meta name=\"twitter:card\" content=\"summary_large_image\" \/>\n<meta name=\"twitter:label1\" content=\"Est. reading time\">\n\t<meta name=\"twitter:data1\" content=\"6 minutes\">\n<script type=\"application\/ld+json\" class=\"yoast-schema-graph\">{\"@context\":\"https:\/\/schema.org\",\"@graph\":[{\"@type\":\"WebSite\",\"@id\":\"https:\/\/shortonargentina.com.ar\/#website\",\"url\":\"https:\/\/shortonargentina.com.ar\/\",\"name\":\"Shorton Argentina SRL\",\"description\":\"Productores de tripas naturales para embutidos\",\"potentialAction\":[{\"@type\":\"SearchAction\",\"target\":\"https:\/\/shortonargentina.com.ar\/?s={search_term_string}\",\"query-input\":\"required name=search_term_string\"}],\"inLanguage\":\"en-US\"},{\"@type\":\"WebPage\",\"@id\":\"https:\/\/shortonargentina.com.ar\/tripas-de-colageno-lsc\/#webpage\",\"url\":\"https:\/\/shortonargentina.com.ar\/tripas-de-colageno-lsc\/\",\"name\":\"TRIPAS DE COLAGENO LSC - Shorton Argentina SRL\",\"isPartOf\":{\"@id\":\"https:\/\/shortonargentina.com.ar\/#website\"},\"datePublished\":\"2018-12-27T14:16:21+00:00\",\"dateModified\":\"2019-07-12T04:09:06+00:00\",\"breadcrumb\":{\"@id\":\"https:\/\/shortonargentina.com.ar\/tripas-de-colageno-lsc\/#breadcrumb\"},\"inLanguage\":\"en-US\",\"potentialAction\":[{\"@type\":\"ReadAction\",\"target\":[\"https:\/\/shortonargentina.com.ar\/tripas-de-colageno-lsc\/\"]}]},{\"@type\":\"BreadcrumbList\",\"@id\":\"https:\/\/shortonargentina.com.ar\/tripas-de-colageno-lsc\/#breadcrumb\",\"itemListElement\":[{\"@type\":\"ListItem\",\"position\":1,\"item\":{\"@type\":\"WebPage\",\"@id\":\"https:\/\/shortonargentina.com.ar\/\",\"url\":\"https:\/\/shortonargentina.com.ar\/\",\"name\":\"Home\"}},{\"@type\":\"ListItem\",\"position\":2,\"item\":{\"@type\":\"WebPage\",\"@id\":\"https:\/\/shortonargentina.com.ar\/tripas-de-colageno-lsc\/\",\"url\":\"https:\/\/shortonargentina.com.ar\/tripas-de-colageno-lsc\/\",\"name\":\"TRIPAS DE COLAGENO LSC\"}}]}]}<\/script>\n<!-- \/ Yoast SEO plugin. -->","_links":{"self":[{"href":"https:\/\/shortonargentina.com.ar\/en\/wp-json\/wp\/v2\/pages\/134"}],"collection":[{"href":"https:\/\/shortonargentina.com.ar\/en\/wp-json\/wp\/v2\/pages"}],"about":[{"href":"https:\/\/shortonargentina.com.ar\/en\/wp-json\/wp\/v2\/types\/page"}],"author":[{"embeddable":true,"href":"https:\/\/shortonargentina.com.ar\/en\/wp-json\/wp\/v2\/users\/1"}],"replies":[{"embeddable":true,"href":"https:\/\/shortonargentina.com.ar\/en\/wp-json\/wp\/v2\/comments?post=134"}],"version-history":[{"count":5,"href":"https:\/\/shortonargentina.com.ar\/en\/wp-json\/wp\/v2\/pages\/134\/revisions"}],"predecessor-version":[{"id":543,"href":"https:\/\/shortonargentina.com.ar\/en\/wp-json\/wp\/v2\/pages\/134\/revisions\/543"}],"wp:attachment":[{"href":"https:\/\/shortonargentina.com.ar\/en\/wp-json\/wp\/v2\/media?parent=134"}],"curies":[{"name":"wp","href":"https:\/\/api.w.org\/{rel}","templated":true}]}}