{"id":138,"date":"2018-12-27T11:21:34","date_gmt":"2018-12-27T14:21:34","guid":{"rendered":"http:\/\/shortonargentina.com.ar\/?page_id=138"},"modified":"2020-02-19T11:14:23","modified_gmt":"2020-02-19T14:14:23","slug":"tripa-comestible-fibraco-plus-para-salchichas","status":"publish","type":"page","link":"https:\/\/shortonargentina.com.ar\/en\/tripa-comestible-fibraco-plus-para-salchichas\/","title":{"rendered":"TRIPA DE COLAGENO COMESTIBLE PARA SALCHICHAS"},"content":{"rendered":"<div data-vc-full-width=\"true\" data-vc-full-width-init=\"false\" class=\"vc_row wpb_row vc_row-fluid vc_custom_1545847769418 vc_row-has-fill\"><div class=\"wpb_column vc_column_container vc_col-sm-3\"><div class=\"vc_column-inner\"><div class=\"wpb_wrapper\">\n\t<div  class=\"wpb_single_image wpb_content_element vc_align_left\">\n\t\t\n\t\t<figure class=\"wpb_wrapper vc_figure\">\n\t\t\t<a href=\"https:\/\/shortonargentina.com.ar\/en\/tripas-naturales\/\" target=\"_self\" class=\"vc_single_image-wrapper   vc_box_border_grey\"><img width=\"222\" height=\"48\" src=\"https:\/\/shortonargentina.com.ar\/wp-content\/uploads\/2020\/02\/boton-tripas-naturales-OFF.png\" class=\"vc_single_image-img attachment-full\" alt=\"\" decoding=\"async\" loading=\"lazy\" srcset=\"https:\/\/shortonargentina.com.ar\/wp-content\/uploads\/2020\/02\/boton-tripas-naturales-OFF.png 222w, https:\/\/shortonargentina.com.ar\/wp-content\/uploads\/2020\/02\/boton-tripas-naturales-OFF-50x11.png 50w, https:\/\/shortonargentina.com.ar\/wp-content\/uploads\/2020\/02\/boton-tripas-naturales-OFF-150x32.png 150w\" sizes=\"(max-width:767px) 222px, 222px\" \/><\/a>\n\t\t<\/figure>\n\t<\/div>\n<\/div><\/div><\/div><div class=\"wpb_column vc_column_container vc_col-sm-3\"><div class=\"vc_column-inner\"><div class=\"wpb_wrapper\">\n\t<div  class=\"wpb_single_image wpb_content_element vc_align_left\">\n\t\t\n\t\t<figure class=\"wpb_wrapper vc_figure\">\n\t\t\t<a href=\"https:\/\/shortonargentina.com.ar\/en\/tripas-colageno\/\" target=\"_self\" class=\"vc_single_image-wrapper   vc_box_border_grey\"><img width=\"222\" height=\"48\" src=\"https:\/\/shortonargentina.com.ar\/wp-content\/uploads\/2020\/02\/boton-tripas-colageno.png\" class=\"vc_single_image-img attachment-full\" alt=\"\" decoding=\"async\" loading=\"lazy\" srcset=\"https:\/\/shortonargentina.com.ar\/wp-content\/uploads\/2020\/02\/boton-tripas-colageno.png 222w, https:\/\/shortonargentina.com.ar\/wp-content\/uploads\/2020\/02\/boton-tripas-colageno-50x11.png 50w, https:\/\/shortonargentina.com.ar\/wp-content\/uploads\/2020\/02\/boton-tripas-colageno-150x32.png 150w\" sizes=\"(max-width:767px) 222px, 222px\" \/><\/a>\n\t\t<\/figure>\n\t<\/div>\n<\/div><\/div><\/div><div class=\"wpb_column vc_column_container vc_col-sm-3\"><div class=\"vc_column-inner\"><div class=\"wpb_wrapper\">\n\t<div  class=\"wpb_single_image wpb_content_element vc_align_left\">\n\t\t\n\t\t<figure class=\"wpb_wrapper vc_figure\">\n\t\t\t<a href=\"https:\/\/shortonargentina.com.ar\/en\/tripas-fibrosas\/\" target=\"_self\" class=\"vc_single_image-wrapper   vc_box_border_grey\"><img width=\"222\" height=\"48\" src=\"https:\/\/shortonargentina.com.ar\/wp-content\/uploads\/2020\/02\/boton-tripas-fibrosas-OFF.png\" class=\"vc_single_image-img attachment-full\" alt=\"\" decoding=\"async\" loading=\"lazy\" srcset=\"https:\/\/shortonargentina.com.ar\/wp-content\/uploads\/2020\/02\/boton-tripas-fibrosas-OFF.png 222w, https:\/\/shortonargentina.com.ar\/wp-content\/uploads\/2020\/02\/boton-tripas-fibrosas-OFF-50x11.png 50w, https:\/\/shortonargentina.com.ar\/wp-content\/uploads\/2020\/02\/boton-tripas-fibrosas-OFF-150x32.png 150w\" sizes=\"(max-width:767px) 222px, 222px\" \/><\/a>\n\t\t<\/figure>\n\t<\/div>\n<\/div><\/div><\/div><div class=\"wpb_column vc_column_container vc_col-sm-3\"><div class=\"vc_column-inner\"><div class=\"wpb_wrapper\">\n\t<div  class=\"wpb_single_image wpb_content_element vc_align_left\">\n\t\t\n\t\t<figure class=\"wpb_wrapper vc_figure\">\n\t\t\t<a href=\"https:\/\/shortonargentina.com.ar\/en\/tripas-de-poliamida\/\" target=\"_self\" class=\"vc_single_image-wrapper   vc_box_border_grey\"><img width=\"222\" height=\"48\" src=\"https:\/\/shortonargentina.com.ar\/wp-content\/uploads\/2020\/02\/boton-tripas-POLIAMIDAS-OFF.png\" class=\"vc_single_image-img attachment-full\" alt=\"\" decoding=\"async\" loading=\"lazy\" srcset=\"https:\/\/shortonargentina.com.ar\/wp-content\/uploads\/2020\/02\/boton-tripas-POLIAMIDAS-OFF.png 222w, https:\/\/shortonargentina.com.ar\/wp-content\/uploads\/2020\/02\/boton-tripas-POLIAMIDAS-OFF-50x11.png 50w, https:\/\/shortonargentina.com.ar\/wp-content\/uploads\/2020\/02\/boton-tripas-POLIAMIDAS-OFF-150x32.png 150w\" sizes=\"(max-width:767px) 222px, 222px\" \/><\/a>\n\t\t<\/figure>\n\t<\/div>\n<\/div><\/div><\/div><\/div><div class=\"vc_row-full-width vc_clearfix\"><\/div><div data-vc-full-width=\"true\" data-vc-full-width-init=\"false\" class=\"vc_row wpb_row vc_row-fluid vc_custom_1554844154704 vc_row-has-fill vc_row-o-content-top vc_row-flex\"><div class=\"wpb_column vc_column_container vc_col-sm-12\"><div class=\"vc_column-inner\"><div class=\"wpb_wrapper\"><div class=\"vc_row wpb_row vc_inner vc_row-fluid vc_custom_1554844176103 vc_row-has-fill\"><div class=\"wpb_column vc_column_container vc_col-sm-6\"><div class=\"vc_column-inner\"><div class=\"wpb_wrapper\">\n\t<div  class=\"wpb_single_image wpb_content_element vc_align_left\">\n\t\t\n\t\t<figure class=\"wpb_wrapper vc_figure\">\n\t\t\t<div class=\"vc_single_image-wrapper   vc_box_border_grey\"><img width=\"739\" height=\"300\" src=\"https:\/\/shortonargentina.com.ar\/wp-content\/uploads\/2019\/04\/tripas-colageno-comestible2.jpg\" class=\"vc_single_image-img attachment-full\" alt=\"\" decoding=\"async\" loading=\"lazy\" srcset=\"https:\/\/shortonargentina.com.ar\/wp-content\/uploads\/2019\/04\/tripas-colageno-comestible2.jpg 739w, https:\/\/shortonargentina.com.ar\/wp-content\/uploads\/2019\/04\/tripas-colageno-comestible2-300x122.jpg 300w, https:\/\/shortonargentina.com.ar\/wp-content\/uploads\/2019\/04\/tripas-colageno-comestible2-260x106.jpg 260w, https:\/\/shortonargentina.com.ar\/wp-content\/uploads\/2019\/04\/tripas-colageno-comestible2-50x20.jpg 50w, https:\/\/shortonargentina.com.ar\/wp-content\/uploads\/2019\/04\/tripas-colageno-comestible2-150x61.jpg 150w\" sizes=\"(max-width:767px) 480px, 739px\" \/><\/div>\n\t\t<\/figure>\n\t<\/div>\n<\/div><\/div><\/div><div class=\"wpb_column vc_column_container vc_col-sm-6\"><div class=\"vc_column-inner\"><div class=\"wpb_wrapper\">\n\t<div class=\"wpb_text_column wpb_content_element\" >\n\t\t<div class=\"wpb_wrapper\">\n\t\t\t<p>La gama de tripas comestibles JF y JP est\u00e1n pensadas para la elaboraci\u00f3n de salchichas frescas destinadas a la plancha, sart\u00e9n o parrilla y para salchichas cocidas tipo viena, ahumadas o no, con excelente procesamiento mec\u00e1nico y \u00f3ptima recepci\u00f3n del ahumado. Las tripas de col\u00e1geno JF y JP tienen una mordida excepcional que imita a la tripa natural. La apariencia de la salchicha lisa, de aspecto brillante y apetitoso. La tripa facilita una excelente capacidad de adaptaci\u00f3n en m\u00e1quinas de alto rendimiento.<\/p>\n\n\t\t<\/div>\n\t<\/div>\n<\/div><\/div><\/div><\/div><div class=\"vc_empty_space\"\n\t  style=\"height: 32px\"><span class=\"vc_empty_space_inner\"><\/span><\/div>\n<div class=\"vc_row wpb_row vc_inner vc_row-fluid vc_custom_1554844134384 vc_row-has-fill\"><div class=\"wpb_column vc_column_container vc_col-sm-12\"><div class=\"vc_column-inner\"><div class=\"wpb_wrapper\">\n\t<div class=\"wpb_text_column wpb_content_element\" >\n\t\t<div class=\"wpb_wrapper\">\n\t\t\t<h1 style=\"text-align: left;\"><span style=\"color: #ff6c2c;\">TRIPA DE COL\u00c1GENO COMESTIBLE PARA SALCHICHAS<\/span><\/h1>\n<p><img decoding=\"async\" loading=\"lazy\" class=\"alignnone size-medium wp-image-358\" src=\"http:\/\/shortonargentina.com.ar\/wp-content\/uploads\/2019\/04\/SALCHICHAS1-300x225.jpg\" alt=\"\" width=\"300\" height=\"225\" srcset=\"https:\/\/shortonargentina.com.ar\/wp-content\/uploads\/2019\/04\/SALCHICHAS1-300x225.jpg 300w, https:\/\/shortonargentina.com.ar\/wp-content\/uploads\/2019\/04\/SALCHICHAS1-195x146.jpg 195w, https:\/\/shortonargentina.com.ar\/wp-content\/uploads\/2019\/04\/SALCHICHAS1-50x37.jpg 50w, https:\/\/shortonargentina.com.ar\/wp-content\/uploads\/2019\/04\/SALCHICHAS1-100x75.jpg 100w, https:\/\/shortonargentina.com.ar\/wp-content\/uploads\/2019\/04\/SALCHICHAS1.jpg 322w\" sizes=\"(max-width:767px) 300px, 300px\" \/>\u00a0<img decoding=\"async\" loading=\"lazy\" class=\"alignnone size-medium wp-image-359\" src=\"http:\/\/shortonargentina.com.ar\/wp-content\/uploads\/2019\/04\/SALCHICHAS2-300x225.jpg\" alt=\"\" width=\"300\" height=\"225\" srcset=\"https:\/\/shortonargentina.com.ar\/wp-content\/uploads\/2019\/04\/SALCHICHAS2-300x225.jpg 300w, https:\/\/shortonargentina.com.ar\/wp-content\/uploads\/2019\/04\/SALCHICHAS2-195x146.jpg 195w, https:\/\/shortonargentina.com.ar\/wp-content\/uploads\/2019\/04\/SALCHICHAS2-50x37.jpg 50w, https:\/\/shortonargentina.com.ar\/wp-content\/uploads\/2019\/04\/SALCHICHAS2-100x75.jpg 100w, https:\/\/shortonargentina.com.ar\/wp-content\/uploads\/2019\/04\/SALCHICHAS2.jpg 322w\" sizes=\"(max-width:767px) 300px, 300px\" \/>\u00a0<img decoding=\"async\" loading=\"lazy\" class=\"alignnone size-medium wp-image-360\" src=\"http:\/\/shortonargentina.com.ar\/wp-content\/uploads\/2019\/04\/SALCHICHAS3-300x225.jpg\" alt=\"\" width=\"300\" height=\"225\" srcset=\"https:\/\/shortonargentina.com.ar\/wp-content\/uploads\/2019\/04\/SALCHICHAS3-300x225.jpg 300w, https:\/\/shortonargentina.com.ar\/wp-content\/uploads\/2019\/04\/SALCHICHAS3-195x146.jpg 195w, https:\/\/shortonargentina.com.ar\/wp-content\/uploads\/2019\/04\/SALCHICHAS3-50x37.jpg 50w, https:\/\/shortonargentina.com.ar\/wp-content\/uploads\/2019\/04\/SALCHICHAS3-100x75.jpg 100w, https:\/\/shortonargentina.com.ar\/wp-content\/uploads\/2019\/04\/SALCHICHAS3.jpg 322w\" sizes=\"(max-width:767px) 300px, 300px\" \/><\/p>\n<p>La gama de tripas comestibles JF est\u00e1n pensadas para la elaboraci\u00f3n de salchichas frescas destinadas a la plancha, sart\u00e9n o grill. Tambi\u00e9n puede ser utilizada en embutidos secos y semi-secos tipo mini salami o todo tipo de snacks curados.<br \/>\nLa pared de la calidad JF es la m\u00e1s fina de todas las envolturas de la familia Fcase y por lo tanto tiene una mordida excepcional que imita a la tripa natural. La apariencia de la salchicha lisa, de aspecto brillante y apetitosa.<br \/>\nLa gama de tripas comestibles JP es ideal para salchichas cocidas, ahumadas o no, con excelente procesamiento mec\u00e1nico y \u00f3ptima recepci\u00f3n del ahumado. Adecuada para una extensa gama de aplicaciones en productos procesadas;<br \/>\nGracias al fino grosor de su pared, la tripa goza de una tierna mordida y facilita una Excelente capacidad de adaptaci\u00f3n en m\u00e1quinas de alto rendimiento. La tripa goza de una \u00f3ptima permeabilidad al humo, favoreciendo un r\u00e1pido procesamiento con una apariencia del producto acabado muy apetecible.<\/p>\n<p>&nbsp;<\/p>\n<h2>Presentaci\u00f3n y formatos.<\/h2>\n<p>Stick plisados rectos en 14, 30,15 y 18 metros en cajas de cart\u00f3n con cajitas caddies individuales envasadas en bolsas de en polietileno y cerradas al vac\u00edo para una \u00f3ptima conservaci\u00f3n de la humedad hasta el momento de utilizarla. A su vez, los sticks est\u00e1n envueltos por una l\u00e1mina de pl\u00e1stico alimentario de color azul translucido para facilitar su colocaci\u00f3n en el cargador de la m\u00e1quina de embutir autom\u00e1tica.<\/p>\n<p>&nbsp;<\/p>\n<h2>Calibres Disponibles<\/h2>\n<p>\u00d818, \u00d819, \u00d820, \u00d821, \u00d822, \u00d824, \u00d825, \u00d826, \u00d828, \u00d830, \u00d831, \u00d832<\/p>\n<p>&nbsp;<\/p>\n<h2>Instrucciones y uso<\/h2>\n<p><strong>\u2022 Embutici\u00f3n<\/strong><br \/>\nTripa en formato RTU \u201cReady to use\u201d. Embutir directamente sin remojar. Se recomienda que las superficies en contacto con la tripa est\u00e9n bien limpias y secas. Se recomienda no embutir por encima del calibre indicado en la etiqueta. Manipular el stick de tripa sin deformarlo y manteniendo la humedad de la tripa. Es importante mantener la caja o caddie siempre cerrada para evitar que se reseque la tripa.<br \/>\n<strong>\u2022 Conservaci\u00f3n<\/strong><br \/>\nConservar en lugar fresco y seco. Evitar la exposici\u00f3n solar directa y los lugares extremadamente h\u00famedos. Una vez abierta la caja, guardar la tripa en su envase original cerrado herm\u00e9ticamente para conservar su humedad preferentemente refrigerado.<\/p>\n<p><img decoding=\"async\" loading=\"lazy\" class=\"alignnone size-medium wp-image-361\" src=\"http:\/\/shortonargentina.com.ar\/wp-content\/uploads\/2019\/04\/SALCHICHAS4-300x199.jpg\" alt=\"\" width=\"300\" height=\"199\" srcset=\"https:\/\/shortonargentina.com.ar\/wp-content\/uploads\/2019\/04\/SALCHICHAS4-300x199.jpg 300w, https:\/\/shortonargentina.com.ar\/wp-content\/uploads\/2019\/04\/SALCHICHAS4-220x146.jpg 220w, https:\/\/shortonargentina.com.ar\/wp-content\/uploads\/2019\/04\/SALCHICHAS4-50x33.jpg 50w, https:\/\/shortonargentina.com.ar\/wp-content\/uploads\/2019\/04\/SALCHICHAS4-113x75.jpg 113w, https:\/\/shortonargentina.com.ar\/wp-content\/uploads\/2019\/04\/SALCHICHAS4.jpg 649w\" sizes=\"(max-width:767px) 300px, 300px\" \/><\/p>\n\n\t\t<\/div>\n\t<\/div>\n<\/div><\/div><\/div><\/div><div class=\"vc_row wpb_row vc_inner vc_row-fluid vc_row-o-equal-height vc_row-flex\"><div class=\"wpb_column vc_column_container vc_col-sm-6\"><div class=\"vc_column-inner\"><div class=\"wpb_wrapper\">\n\t<div  class=\"wpb_single_image wpb_content_element vc_align_left\">\n\t\t\n\t\t<figure class=\"wpb_wrapper vc_figure\">\n\t\t\t<div class=\"vc_single_image-wrapper   vc_box_border_grey\"><img width=\"739\" height=\"300\" src=\"https:\/\/shortonargentina.com.ar\/wp-content\/uploads\/2019\/04\/tripas-colageno-LS-recta.jpg\" class=\"vc_single_image-img attachment-full\" alt=\"\" decoding=\"async\" loading=\"lazy\" srcset=\"https:\/\/shortonargentina.com.ar\/wp-content\/uploads\/2019\/04\/tripas-colageno-LS-recta.jpg 739w, https:\/\/shortonargentina.com.ar\/wp-content\/uploads\/2019\/04\/tripas-colageno-LS-recta-300x122.jpg 300w, https:\/\/shortonargentina.com.ar\/wp-content\/uploads\/2019\/04\/tripas-colageno-LS-recta-260x106.jpg 260w, https:\/\/shortonargentina.com.ar\/wp-content\/uploads\/2019\/04\/tripas-colageno-LS-recta-50x20.jpg 50w, https:\/\/shortonargentina.com.ar\/wp-content\/uploads\/2019\/04\/tripas-colageno-LS-recta-150x61.jpg 150w\" sizes=\"(max-width:767px) 480px, 739px\" \/><\/div>\n\t\t<\/figure>\n\t<\/div>\n<\/div><\/div><\/div><div class=\"wpb_column vc_column_container vc_col-sm-6 vc_col-has-fill\"><div class=\"vc_column-inner vc_custom_1545850798870\"><div class=\"wpb_wrapper\">\n\t<div class=\"wpb_text_column wpb_content_element\" >\n\t\t<div class=\"wpb_wrapper\">\n\t\t\t<p>La tripa recta de Col\u00e1geno Recta est\u00e1 dise\u00f1ada para la fabricaci\u00f3n de embutidos oreados, secos, curados y ahumados tanto en secadores naturales como artificiales, ideal para la fabricaci\u00f3n de salames. Durante el proceso de curaci\u00f3n la tripa merma al mismo tiempo que la carne gracias a su composici\u00f3n de materias primas animales, dando al embutido un aspecto artesanal.<\/p>\n\n\t\t<\/div>\n\t<\/div>\n<div class=\"vc_btn3-container vc_btn3-inline\" >\n\t<a class=\"vc_general vc_btn3 vc_btn3-size-md vc_btn3-shape-square vc_btn3-style-outline vc_btn3-color-warning\" href=\"https:\/\/shortonargentina.com.ar\/en\/tripas-de-colageno-ls-recta-salames\/\" title=\"\">See more<\/a>\t<\/div>\n<\/div><\/div><\/div><\/div><div class=\"vc_row wpb_row vc_inner vc_row-fluid\"><div class=\"wpb_column vc_column_container vc_col-sm-6\"><div class=\"vc_column-inner\"><div class=\"wpb_wrapper\">\n\t<div  class=\"wpb_single_image wpb_content_element vc_align_left\">\n\t\t\n\t\t<figure class=\"wpb_wrapper vc_figure\">\n\t\t\t<div class=\"vc_single_image-wrapper   vc_box_border_grey\"><img width=\"739\" height=\"300\" src=\"https:\/\/shortonargentina.com.ar\/wp-content\/uploads\/2019\/04\/tripas-colageno-LS-curvada.jpg\" class=\"vc_single_image-img attachment-full\" alt=\"\" decoding=\"async\" loading=\"lazy\" srcset=\"https:\/\/shortonargentina.com.ar\/wp-content\/uploads\/2019\/04\/tripas-colageno-LS-curvada.jpg 739w, https:\/\/shortonargentina.com.ar\/wp-content\/uploads\/2019\/04\/tripas-colageno-LS-curvada-300x122.jpg 300w, https:\/\/shortonargentina.com.ar\/wp-content\/uploads\/2019\/04\/tripas-colageno-LS-curvada-260x106.jpg 260w, https:\/\/shortonargentina.com.ar\/wp-content\/uploads\/2019\/04\/tripas-colageno-LS-curvada-50x20.jpg 50w, https:\/\/shortonargentina.com.ar\/wp-content\/uploads\/2019\/04\/tripas-colageno-LS-curvada-150x61.jpg 150w\" sizes=\"(max-width:767px) 480px, 739px\" \/><\/div>\n\t\t<\/figure>\n\t<\/div>\n<\/div><\/div><\/div><div class=\"wpb_column vc_column_container vc_col-sm-6\"><div class=\"vc_column-inner\"><div class=\"wpb_wrapper\">\n\t<div class=\"wpb_text_column wpb_content_element\" >\n\t\t<div class=\"wpb_wrapper\">\n\t\t\t<p>La tripa de col\u00e1geno CURVA dise\u00f1ada para embutidos, oreados, secos y ahumados en forma de herradura o salam\u00edn curvo. Durante el proceso de curaci\u00f3n la tripa merma al mismo tiempo que la carne gracias a su composici\u00f3n de materias primas animales, dando al embutido un aspecto artesanal.<\/p>\n\n\t\t<\/div>\n\t<\/div>\n<div class=\"vc_btn3-container vc_btn3-inline\" >\n\t<a class=\"vc_general vc_btn3 vc_btn3-size-md vc_btn3-shape-square vc_btn3-style-outline vc_btn3-color-warning\" href=\"https:\/\/shortonargentina.com.ar\/en\/tripas-de-colageno-curvada-para-salamines\/\" title=\"\">See more<\/a>\t<\/div>\n<\/div><\/div><\/div><\/div><\/div><\/div><\/div><\/div><div class=\"vc_row-full-width vc_clearfix\"><\/div><div data-vc-full-width=\"true\" data-vc-full-width-init=\"false\" class=\"vc_row wpb_row vc_row-fluid vc_custom_1545850234791 vc_row-has-fill\"><div class=\"wpb_column vc_column_container vc_col-sm-12\"><div class=\"vc_column-inner\"><div class=\"wpb_wrapper\"><\/div><\/div><\/div><\/div><div class=\"vc_row-full-width vc_clearfix\"><\/div>","protected":false},"excerpt":{"rendered":"La gama de tripas comestibles JF y JP est\u00e1n pensadas para la elaboraci\u00f3n de salchichas frescas destinadas a la plancha, sart\u00e9n o parrilla y para salchichas<span class=\"excerpt-hellip\"> [\u2026]<\/span>","protected":false},"author":1,"featured_media":0,"parent":0,"menu_order":0,"comment_status":"closed","ping_status":"closed","template":"","meta":{"footnotes":""},"yoast_head":"<!-- This site is optimized with the Yoast SEO plugin v16.1.1 - https:\/\/yoast.com\/wordpress\/plugins\/seo\/ -->\n<title>TRIPA DE COLAGENO COMESTIBLE PARA SALCHICHAS - Shorton Argentina SRL<\/title>\n<link rel=\"canonical\" href=\"https:\/\/shortonargentina.com.ar\/en\/tripa-comestible-fibraco-plus-para-salchichas\/\" \/>\n<meta property=\"og:locale\" content=\"en_US\" \/>\n<meta property=\"og:type\" content=\"article\" \/>\n<meta property=\"og:title\" content=\"TRIPA DE COLAGENO COMESTIBLE PARA SALCHICHAS - Shorton Argentina SRL\" \/>\n<meta property=\"og:url\" content=\"https:\/\/shortonargentina.com.ar\/en\/tripa-comestible-fibraco-plus-para-salchichas\/\" \/>\n<meta property=\"og:site_name\" content=\"Shorton Argentina SRL\" \/>\n<meta property=\"article:modified_time\" content=\"2020-02-19T14:14:23+00:00\" \/>\n<meta property=\"og:image\" content=\"http:\/\/shortonargentina.com.ar\/wp-content\/uploads\/2019\/04\/SALCHICHAS1-300x225.jpg\" \/>\n<meta name=\"twitter:card\" content=\"summary_large_image\" \/>\n<meta name=\"twitter:label1\" content=\"Est. reading time\">\n\t<meta name=\"twitter:data1\" content=\"5 minutes\">\n<script type=\"application\/ld+json\" class=\"yoast-schema-graph\">{\"@context\":\"https:\/\/schema.org\",\"@graph\":[{\"@type\":\"WebSite\",\"@id\":\"https:\/\/shortonargentina.com.ar\/#website\",\"url\":\"https:\/\/shortonargentina.com.ar\/\",\"name\":\"Shorton Argentina SRL\",\"description\":\"Productores de tripas naturales para embutidos\",\"potentialAction\":[{\"@type\":\"SearchAction\",\"target\":\"https:\/\/shortonargentina.com.ar\/?s={search_term_string}\",\"query-input\":\"required name=search_term_string\"}],\"inLanguage\":\"en-US\"},{\"@type\":\"ImageObject\",\"@id\":\"https:\/\/shortonargentina.com.ar\/tripa-comestible-fibraco-plus-para-salchichas\/#primaryimage\",\"inLanguage\":\"en-US\",\"url\":\"http:\/\/shortonargentina.com.ar\/wp-content\/uploads\/2019\/04\/SALCHICHAS1-300x225.jpg\",\"contentUrl\":\"http:\/\/shortonargentina.com.ar\/wp-content\/uploads\/2019\/04\/SALCHICHAS1-300x225.jpg\"},{\"@type\":\"WebPage\",\"@id\":\"https:\/\/shortonargentina.com.ar\/tripa-comestible-fibraco-plus-para-salchichas\/#webpage\",\"url\":\"https:\/\/shortonargentina.com.ar\/tripa-comestible-fibraco-plus-para-salchichas\/\",\"name\":\"TRIPA DE COLAGENO COMESTIBLE PARA SALCHICHAS - Shorton Argentina SRL\",\"isPartOf\":{\"@id\":\"https:\/\/shortonargentina.com.ar\/#website\"},\"primaryImageOfPage\":{\"@id\":\"https:\/\/shortonargentina.com.ar\/tripa-comestible-fibraco-plus-para-salchichas\/#primaryimage\"},\"datePublished\":\"2018-12-27T14:21:34+00:00\",\"dateModified\":\"2020-02-19T14:14:23+00:00\",\"breadcrumb\":{\"@id\":\"https:\/\/shortonargentina.com.ar\/tripa-comestible-fibraco-plus-para-salchichas\/#breadcrumb\"},\"inLanguage\":\"en-US\",\"potentialAction\":[{\"@type\":\"ReadAction\",\"target\":[\"https:\/\/shortonargentina.com.ar\/tripa-comestible-fibraco-plus-para-salchichas\/\"]}]},{\"@type\":\"BreadcrumbList\",\"@id\":\"https:\/\/shortonargentina.com.ar\/tripa-comestible-fibraco-plus-para-salchichas\/#breadcrumb\",\"itemListElement\":[{\"@type\":\"ListItem\",\"position\":1,\"item\":{\"@type\":\"WebPage\",\"@id\":\"https:\/\/shortonargentina.com.ar\/\",\"url\":\"https:\/\/shortonargentina.com.ar\/\",\"name\":\"Home\"}},{\"@type\":\"ListItem\",\"position\":2,\"item\":{\"@type\":\"WebPage\",\"@id\":\"https:\/\/shortonargentina.com.ar\/tripa-comestible-fibraco-plus-para-salchichas\/\",\"url\":\"https:\/\/shortonargentina.com.ar\/tripa-comestible-fibraco-plus-para-salchichas\/\",\"name\":\"TRIPA DE COLAGENO COMESTIBLE PARA SALCHICHAS\"}}]}]}<\/script>\n<!-- \/ Yoast SEO plugin. -->","_links":{"self":[{"href":"https:\/\/shortonargentina.com.ar\/en\/wp-json\/wp\/v2\/pages\/138"}],"collection":[{"href":"https:\/\/shortonargentina.com.ar\/en\/wp-json\/wp\/v2\/pages"}],"about":[{"href":"https:\/\/shortonargentina.com.ar\/en\/wp-json\/wp\/v2\/types\/page"}],"author":[{"embeddable":true,"href":"https:\/\/shortonargentina.com.ar\/en\/wp-json\/wp\/v2\/users\/1"}],"replies":[{"embeddable":true,"href":"https:\/\/shortonargentina.com.ar\/en\/wp-json\/wp\/v2\/comments?post=138"}],"version-history":[{"count":11,"href":"https:\/\/shortonargentina.com.ar\/en\/wp-json\/wp\/v2\/pages\/138\/revisions"}],"predecessor-version":[{"id":144,"href":"https:\/\/shortonargentina.com.ar\/en\/wp-json\/wp\/v2\/pages\/138\/revisions\/144"}],"wp:attachment":[{"href":"https:\/\/shortonargentina.com.ar\/en\/wp-json\/wp\/v2\/media?parent=138"}],"curies":[{"name":"wp","href":"https:\/\/api.w.org\/{rel}","templated":true}]}}