{"id":161,"date":"2018-12-27T12:35:11","date_gmt":"2018-12-27T15:35:11","guid":{"rendered":"http:\/\/shortonargentina.com.ar\/?page_id=161"},"modified":"2018-12-27T17:15:02","modified_gmt":"2018-12-27T20:15:02","slug":"tripa-poliamida-polyfibraco-5","status":"publish","type":"page","link":"https:\/\/shortonargentina.com.ar\/en\/tripa-poliamida-polyfibraco-5\/","title":{"rendered":"TRIPA POLIAMIDA POLYFIBRACO 5"},"content":{"rendered":"<div data-vc-full-width=\"true\" data-vc-full-width-init=\"false\" class=\"vc_row wpb_row vc_row-fluid vc_custom_1545847769418 vc_row-has-fill\"><div class=\"wpb_column vc_column_container vc_col-sm-3\"><div class=\"vc_column-inner\"><div class=\"wpb_wrapper\">\n\t<div  class=\"wpb_single_image wpb_content_element vc_align_left\">\n\t\t\n\t\t<figure class=\"wpb_wrapper vc_figure\">\n\t\t\t<a href=\"https:\/\/shortonargentina.com.ar\/en\/tripas-naturales\/\" target=\"_self\" class=\"vc_single_image-wrapper   vc_box_border_grey\"><img width=\"222\" height=\"48\" src=\"https:\/\/shortonargentina.com.ar\/wp-content\/uploads\/2018\/12\/boton-tripas-naturales-OFF.png\" class=\"vc_single_image-img attachment-full\" alt=\"\" decoding=\"async\" loading=\"lazy\" srcset=\"https:\/\/shortonargentina.com.ar\/wp-content\/uploads\/2018\/12\/boton-tripas-naturales-OFF.png 222w, https:\/\/shortonargentina.com.ar\/wp-content\/uploads\/2018\/12\/boton-tripas-naturales-OFF-50x11.png 50w, https:\/\/shortonargentina.com.ar\/wp-content\/uploads\/2018\/12\/boton-tripas-naturales-OFF-150x32.png 150w\" sizes=\"(max-width:767px) 222px, 222px\" \/><\/a>\n\t\t<\/figure>\n\t<\/div>\n<\/div><\/div><\/div><div class=\"wpb_column vc_column_container vc_col-sm-3\"><div class=\"vc_column-inner\"><div class=\"wpb_wrapper\">\n\t<div  class=\"wpb_single_image wpb_content_element vc_align_left\">\n\t\t\n\t\t<figure class=\"wpb_wrapper vc_figure\">\n\t\t\t<a href=\"https:\/\/shortonargentina.com.ar\/en\/tripas-colageno\/\" target=\"_self\" class=\"vc_single_image-wrapper   vc_box_border_grey\"><img width=\"222\" height=\"48\" src=\"https:\/\/shortonargentina.com.ar\/wp-content\/uploads\/2018\/12\/boton-tripas-colageno-OFF.png\" class=\"vc_single_image-img attachment-full\" alt=\"\" decoding=\"async\" loading=\"lazy\" srcset=\"https:\/\/shortonargentina.com.ar\/wp-content\/uploads\/2018\/12\/boton-tripas-colageno-OFF.png 222w, https:\/\/shortonargentina.com.ar\/wp-content\/uploads\/2018\/12\/boton-tripas-colageno-OFF-50x11.png 50w, https:\/\/shortonargentina.com.ar\/wp-content\/uploads\/2018\/12\/boton-tripas-colageno-OFF-150x32.png 150w\" sizes=\"(max-width:767px) 222px, 222px\" \/><\/a>\n\t\t<\/figure>\n\t<\/div>\n<\/div><\/div><\/div><div class=\"wpb_column vc_column_container vc_col-sm-3\"><div class=\"vc_column-inner\"><div class=\"wpb_wrapper\">\n\t<div  class=\"wpb_single_image wpb_content_element vc_align_left\">\n\t\t\n\t\t<figure class=\"wpb_wrapper vc_figure\">\n\t\t\t<a href=\"https:\/\/shortonargentina.com.ar\/en\/tripas-fibrosas\/\" target=\"_self\" class=\"vc_single_image-wrapper   vc_box_border_grey\"><img width=\"222\" height=\"48\" src=\"https:\/\/shortonargentina.com.ar\/wp-content\/uploads\/2018\/12\/boton-tripas-fibrosas-OFF.png\" class=\"vc_single_image-img attachment-full\" alt=\"\" decoding=\"async\" loading=\"lazy\" srcset=\"https:\/\/shortonargentina.com.ar\/wp-content\/uploads\/2018\/12\/boton-tripas-fibrosas-OFF.png 222w, https:\/\/shortonargentina.com.ar\/wp-content\/uploads\/2018\/12\/boton-tripas-fibrosas-OFF-50x11.png 50w, https:\/\/shortonargentina.com.ar\/wp-content\/uploads\/2018\/12\/boton-tripas-fibrosas-OFF-150x32.png 150w\" sizes=\"(max-width:767px) 222px, 222px\" \/><\/a>\n\t\t<\/figure>\n\t<\/div>\n<\/div><\/div><\/div><div class=\"wpb_column vc_column_container vc_col-sm-3\"><div class=\"vc_column-inner\"><div class=\"wpb_wrapper\">\n\t<div  class=\"wpb_single_image wpb_content_element vc_align_left\">\n\t\t\n\t\t<figure class=\"wpb_wrapper vc_figure\">\n\t\t\t<a href=\"https:\/\/shortonargentina.com.ar\/en\/tripas-de-poliamida\/\" target=\"_self\" class=\"vc_single_image-wrapper   vc_box_border_grey\"><img width=\"222\" height=\"48\" src=\"https:\/\/shortonargentina.com.ar\/wp-content\/uploads\/2018\/12\/boton-tripas-POLIAMIDAS.png\" class=\"vc_single_image-img attachment-full\" alt=\"\" decoding=\"async\" loading=\"lazy\" srcset=\"https:\/\/shortonargentina.com.ar\/wp-content\/uploads\/2018\/12\/boton-tripas-POLIAMIDAS.png 222w, https:\/\/shortonargentina.com.ar\/wp-content\/uploads\/2018\/12\/boton-tripas-POLIAMIDAS-50x11.png 50w, https:\/\/shortonargentina.com.ar\/wp-content\/uploads\/2018\/12\/boton-tripas-POLIAMIDAS-150x32.png 150w\" sizes=\"(max-width:767px) 222px, 222px\" \/><\/a>\n\t\t<\/figure>\n\t<\/div>\n<\/div><\/div><\/div><\/div><div class=\"vc_row-full-width vc_clearfix\"><\/div><div data-vc-full-width=\"true\" data-vc-full-width-init=\"false\" class=\"vc_row wpb_row vc_row-fluid vc_custom_1545941672037 vc_row-has-fill\"><div class=\"wpb_column vc_column_container vc_col-sm-12\"><div class=\"vc_column-inner\"><div class=\"wpb_wrapper\"><div class=\"vc_empty_space\"\n\t  style=\"height: 32px\"><span class=\"vc_empty_space_inner\"><\/span><\/div>\n<div class=\"vc_row wpb_row vc_inner vc_row-fluid vc_row-o-equal-height vc_row-flex\"><div class=\"wpb_column vc_column_container vc_col-sm-6\"><div class=\"vc_column-inner\"><div class=\"wpb_wrapper\">\n\t<div  class=\"wpb_single_image wpb_content_element vc_align_left\">\n\t\t\n\t\t<figure class=\"wpb_wrapper vc_figure\">\n\t\t\t<div class=\"vc_single_image-wrapper   vc_box_border_grey\"><img width=\"739\" height=\"300\" src=\"https:\/\/shortonargentina.com.ar\/wp-content\/uploads\/2018\/12\/tripa-poliamida-polyfibraco5.jpg\" class=\"vc_single_image-img attachment-full\" alt=\"\" decoding=\"async\" loading=\"lazy\" srcset=\"https:\/\/shortonargentina.com.ar\/wp-content\/uploads\/2018\/12\/tripa-poliamida-polyfibraco5.jpg 739w, https:\/\/shortonargentina.com.ar\/wp-content\/uploads\/2018\/12\/tripa-poliamida-polyfibraco5-300x122.jpg 300w, https:\/\/shortonargentina.com.ar\/wp-content\/uploads\/2018\/12\/tripa-poliamida-polyfibraco5-260x106.jpg 260w, https:\/\/shortonargentina.com.ar\/wp-content\/uploads\/2018\/12\/tripa-poliamida-polyfibraco5-50x20.jpg 50w, https:\/\/shortonargentina.com.ar\/wp-content\/uploads\/2018\/12\/tripa-poliamida-polyfibraco5-150x61.jpg 150w\" sizes=\"(max-width:767px) 480px, 739px\" \/><\/div>\n\t\t<\/figure>\n\t<\/div>\n\n\t<div class=\"wpb_text_column wpb_content_element\" >\n\t\t<div class=\"wpb_wrapper\">\n\t\t\t<p>Con Polyfibraco5 los embutidos tienen y mantienen un aspecto liso, sin arrugas y con un aspecto muy agradable Calibres desde el 48 al 220 para las grandes producciones, con un alto rendimiento, bajos costes y ahorro de mano de obra, con respecto a los productos envasados o embolsados.<\/p>\n\n\t\t<\/div>\n\t<\/div>\n<\/div><\/div><\/div><div class=\"wpb_column vc_column_container vc_col-sm-6 vc_col-has-fill\"><div class=\"vc_column-inner vc_custom_1545941632684\"><div class=\"wpb_wrapper\"><\/div><\/div><\/div><\/div><\/div><\/div><\/div><\/div><div class=\"vc_row-full-width vc_clearfix\"><\/div><div class=\"vc_row wpb_row vc_row-fluid vc_custom_1545924727411 vc_row-has-fill\"><div class=\"wpb_column vc_column_container vc_col-sm-12\"><div class=\"vc_column-inner\"><div class=\"wpb_wrapper\">\n\t<div class=\"wpb_text_column wpb_content_element\" >\n\t\t<div class=\"wpb_wrapper\">\n\t\t\t<h1><span style=\"color: #ff6c2c;\">Tripa poliamida Polyfibraco 5<\/span><\/h1>\n<p>La tripa de poliamida Polyfibraco-5 est\u00e1 dise\u00f1ada para productos cocidos de gran calibre. Est\u00e1 compuesta de 5 capas y propiedades termo-retr\u00e1ctiles. Polyfibraco-5 est\u00e1 especialmente dise\u00f1ada para la producci\u00f3n de fiambres o alimentos cocidos como la mortadela, ch\u00f3ped, jam\u00f3n york, toda clase de productos l\u00e1cteos incluso pastas o emulsiones de pescado. Gracias a sus cinco barreras de protecci\u00f3n, la tripa de poliamida Polyfibraco-5 tiene unas caracter\u00edsticas excepcionales de barrera al oxigeno, gases y malos olores, manteniendo el aroma dentro del producto acabado y previniendo de la penetraci\u00f3n de agentes externos. Tambi\u00e9n existe la posibilidad de fabricar productos de distintas formas geom\u00e9tricas mediante el uso de moldes.<\/p>\n<h2>Impresi\u00f3n<\/h2>\n<p>La tripa de poliamida Polyfibraco-5 se puede imprimir a una o dos caras hasta en ocho tintas por cada cara.<\/p>\n<h2>Plisado<\/h2>\n<p>Este procedimiento permite que la tripa est\u00e9 coarrugada sobre si misma de manera compacta en forma de stick. Este moderno formato de empaquetado reduce los tiempos improductivos y aumenta la productividad ya que ahorra mucha mano de obra. Durante el proceso de preparaci\u00f3n, la tripa NO debe remojarse.<\/p>\n<h2>Bobinas<\/h2>\n<p>La tripa se encuentra enrolladla sobre un mandril cil\u00edndrico de cart\u00f3n formando bobinas de hasta 500 metros seg\u00fan calibre.<\/p>\n<h2>Calibres Disponibles<\/h2>\n<p>\u00d833, \u00d835, \u00d837, \u00d838, \u00d842, \u00d845, \u00d850, 55, \u00d856, \u00d860, \u00d863, \u00d866, \u00d871, \u00d874, \u00d877, \u00d880, \u00d888, \u00d891, \u00d894, \u00d899, \u00d8105, \u00d8110, \u00d8112, \u00d8115, \u00d8121, \u00d8126, \u00d8132, \u00d8137, \u00d8140, \u00d8143, \u00d8154, \u00d8165, \u00d8168, \u00d8172.<\/p>\n<h2>Modo de Empleo<\/h2>\n<ul>\n<li>Antes de embutir, remojar la tripa en agua fr\u00eda, nunca en agua a m\u00e1s de 20\u00baC, durante 30 minutos para la tripa en bobinas y 60 minutos para la tripa plisada en sticks.<\/li>\n<li>Embutir en el calibre adecuado y graduar el freno tanto en maquinas manuales como en autom\u00e1ticas.<\/li>\n<li>El embutido puede ser atado o grapado.<\/li>\n<li>Elegir la grapa correspondiente a cada calibre y espesor de la tripa.<\/li>\n<li>La temperatura m\u00e1xima durante el proceso de cocci\u00f3n 110\u00baC.<\/li>\n<\/ul>\n<h2>Conservaci\u00f3n y Almacenaje<\/h2>\n<p>Conservar la tripa en sus cajas originales, en locales frescos y secos resguardadas de la luz solar directa.<br \/>\nGarant\u00eda de 12 meses desde la fecha de producci\u00f3n.<\/p>\n\n\t\t<\/div>\n\t<\/div>\n<\/div><\/div><\/div><\/div><div data-vc-full-width=\"true\" data-vc-full-width-init=\"false\" class=\"vc_row wpb_row vc_row-fluid vc_custom_1545924874712 vc_row-has-fill vc_row-o-content-top vc_row-flex\"><div class=\"wpb_column vc_column_container vc_col-sm-12\"><div class=\"vc_column-inner\"><div class=\"wpb_wrapper\"><div class=\"vc_row wpb_row vc_inner vc_row-fluid\"><div class=\"wpb_column vc_column_container vc_col-sm-6\"><div class=\"vc_column-inner\"><div class=\"wpb_wrapper\">\n\t<div  class=\"wpb_single_image wpb_content_element vc_align_left\">\n\t\t\n\t\t<figure class=\"wpb_wrapper vc_figure\">\n\t\t\t<div class=\"vc_single_image-wrapper   vc_box_border_grey\"><img width=\"739\" height=\"300\" src=\"https:\/\/shortonargentina.com.ar\/wp-content\/uploads\/2018\/12\/tripa-poliamida-polyfibraco1.jpg\" class=\"vc_single_image-img attachment-full\" alt=\"\" decoding=\"async\" loading=\"lazy\" srcset=\"https:\/\/shortonargentina.com.ar\/wp-content\/uploads\/2018\/12\/tripa-poliamida-polyfibraco1.jpg 739w, https:\/\/shortonargentina.com.ar\/wp-content\/uploads\/2018\/12\/tripa-poliamida-polyfibraco1-300x122.jpg 300w, https:\/\/shortonargentina.com.ar\/wp-content\/uploads\/2018\/12\/tripa-poliamida-polyfibraco1-260x106.jpg 260w, https:\/\/shortonargentina.com.ar\/wp-content\/uploads\/2018\/12\/tripa-poliamida-polyfibraco1-50x20.jpg 50w, https:\/\/shortonargentina.com.ar\/wp-content\/uploads\/2018\/12\/tripa-poliamida-polyfibraco1-150x61.jpg 150w\" sizes=\"(max-width:767px) 480px, 739px\" \/><\/div>\n\t\t<\/figure>\n\t<\/div>\n<\/div><\/div><\/div><div class=\"wpb_column vc_column_container vc_col-sm-6\"><div class=\"vc_column-inner\"><div class=\"wpb_wrapper\">\n\t<div class=\"wpb_text_column wpb_content_element\" >\n\t\t<div class=\"wpb_wrapper\">\n\t\t\t<p>Tripa de Poliamida recta, termoretr\u00e1ctil de 1 capa impermeable para embutir emulsiones, masas c\u00e1rnicas, de pescados, l\u00e1cteos y bioembutidos vegetales. Esta tipa tambien es ideal para embutidos para cocidos o congelados en los que la econom\u00eda es muy importante.<\/p>\n\n\t\t<\/div>\n\t<\/div>\n<div class=\"vc_btn3-container vc_btn3-inline\" >\n\t<a class=\"vc_general vc_btn3 vc_btn3-size-md vc_btn3-shape-square vc_btn3-style-outline vc_btn3-color-warning\" href=\"https:\/\/shortonargentina.com.ar\/en\/tripa-poliamida-polyfibraco-1\/\" title=\"\">See more<\/a>\t<\/div>\n<\/div><\/div><\/div><\/div><\/div><\/div><\/div><\/div><div class=\"vc_row-full-width vc_clearfix\"><\/div><div data-vc-full-width=\"true\" data-vc-full-width-init=\"false\" class=\"vc_row wpb_row vc_row-fluid vc_custom_1545850234791 vc_row-has-fill\"><div class=\"wpb_column vc_column_container vc_col-sm-12\"><div class=\"vc_column-inner\"><div class=\"wpb_wrapper\"><\/div><\/div><\/div><\/div><div class=\"vc_row-full-width vc_clearfix\"><\/div>","protected":false},"excerpt":{"rendered":"Con Polyfibraco5 los embutidos tienen y mantienen un aspecto liso, sin arrugas y con un aspecto muy agradable Calibres desde el 48 al 220 para las<span class=\"excerpt-hellip\"> [\u2026]<\/span>","protected":false},"author":1,"featured_media":0,"parent":0,"menu_order":0,"comment_status":"closed","ping_status":"closed","template":"","meta":{"footnotes":""},"yoast_head":"<!-- This site is optimized with the Yoast SEO plugin v16.1.1 - https:\/\/yoast.com\/wordpress\/plugins\/seo\/ -->\n<title>TRIPA POLIAMIDA POLYFIBRACO 5 - Shorton Argentina SRL<\/title>\n<link rel=\"canonical\" href=\"https:\/\/shortonargentina.com.ar\/en\/tripa-poliamida-polyfibraco-5\/\" \/>\n<meta property=\"og:locale\" content=\"en_US\" \/>\n<meta property=\"og:type\" content=\"article\" \/>\n<meta property=\"og:title\" content=\"TRIPA POLIAMIDA POLYFIBRACO 5 - Shorton Argentina SRL\" \/>\n<meta property=\"og:url\" content=\"https:\/\/shortonargentina.com.ar\/en\/tripa-poliamida-polyfibraco-5\/\" \/>\n<meta property=\"og:site_name\" content=\"Shorton Argentina SRL\" \/>\n<meta property=\"article:modified_time\" content=\"2018-12-27T20:15:02+00:00\" \/>\n<meta name=\"twitter:card\" content=\"summary_large_image\" \/>\n<meta name=\"twitter:label1\" content=\"Est. reading time\">\n\t<meta name=\"twitter:data1\" content=\"4 minutes\">\n<script type=\"application\/ld+json\" class=\"yoast-schema-graph\">{\"@context\":\"https:\/\/schema.org\",\"@graph\":[{\"@type\":\"WebSite\",\"@id\":\"https:\/\/shortonargentina.com.ar\/#website\",\"url\":\"https:\/\/shortonargentina.com.ar\/\",\"name\":\"Shorton Argentina SRL\",\"description\":\"Productores de tripas naturales para embutidos\",\"potentialAction\":[{\"@type\":\"SearchAction\",\"target\":\"https:\/\/shortonargentina.com.ar\/?s={search_term_string}\",\"query-input\":\"required name=search_term_string\"}],\"inLanguage\":\"en-US\"},{\"@type\":\"WebPage\",\"@id\":\"https:\/\/shortonargentina.com.ar\/tripa-poliamida-polyfibraco-5\/#webpage\",\"url\":\"https:\/\/shortonargentina.com.ar\/tripa-poliamida-polyfibraco-5\/\",\"name\":\"TRIPA POLIAMIDA POLYFIBRACO 5 - Shorton Argentina SRL\",\"isPartOf\":{\"@id\":\"https:\/\/shortonargentina.com.ar\/#website\"},\"datePublished\":\"2018-12-27T15:35:11+00:00\",\"dateModified\":\"2018-12-27T20:15:02+00:00\",\"breadcrumb\":{\"@id\":\"https:\/\/shortonargentina.com.ar\/tripa-poliamida-polyfibraco-5\/#breadcrumb\"},\"inLanguage\":\"en-US\",\"potentialAction\":[{\"@type\":\"ReadAction\",\"target\":[\"https:\/\/shortonargentina.com.ar\/tripa-poliamida-polyfibraco-5\/\"]}]},{\"@type\":\"BreadcrumbList\",\"@id\":\"https:\/\/shortonargentina.com.ar\/tripa-poliamida-polyfibraco-5\/#breadcrumb\",\"itemListElement\":[{\"@type\":\"ListItem\",\"position\":1,\"item\":{\"@type\":\"WebPage\",\"@id\":\"https:\/\/shortonargentina.com.ar\/\",\"url\":\"https:\/\/shortonargentina.com.ar\/\",\"name\":\"Home\"}},{\"@type\":\"ListItem\",\"position\":2,\"item\":{\"@type\":\"WebPage\",\"@id\":\"https:\/\/shortonargentina.com.ar\/tripa-poliamida-polyfibraco-5\/\",\"url\":\"https:\/\/shortonargentina.com.ar\/tripa-poliamida-polyfibraco-5\/\",\"name\":\"TRIPA POLIAMIDA POLYFIBRACO 5\"}}]}]}<\/script>\n<!-- \/ Yoast SEO plugin. -->","_links":{"self":[{"href":"https:\/\/shortonargentina.com.ar\/en\/wp-json\/wp\/v2\/pages\/161"}],"collection":[{"href":"https:\/\/shortonargentina.com.ar\/en\/wp-json\/wp\/v2\/pages"}],"about":[{"href":"https:\/\/shortonargentina.com.ar\/en\/wp-json\/wp\/v2\/types\/page"}],"author":[{"embeddable":true,"href":"https:\/\/shortonargentina.com.ar\/en\/wp-json\/wp\/v2\/users\/1"}],"replies":[{"embeddable":true,"href":"https:\/\/shortonargentina.com.ar\/en\/wp-json\/wp\/v2\/comments?post=161"}],"version-history":[{"count":7,"href":"https:\/\/shortonargentina.com.ar\/en\/wp-json\/wp\/v2\/pages\/161\/revisions"}],"predecessor-version":[{"id":247,"href":"https:\/\/shortonargentina.com.ar\/en\/wp-json\/wp\/v2\/pages\/161\/revisions\/247"}],"wp:attachment":[{"href":"https:\/\/shortonargentina.com.ar\/en\/wp-json\/wp\/v2\/media?parent=161"}],"curies":[{"name":"wp","href":"https:\/\/api.w.org\/{rel}","templated":true}]}}