{"id":183,"date":"2018-12-27T13:09:46","date_gmt":"2018-12-27T16:09:46","guid":{"rendered":"http:\/\/shortonargentina.com.ar\/?page_id=183"},"modified":"2020-02-18T18:34:01","modified_gmt":"2020-02-18T21:34:01","slug":"integrales","status":"publish","type":"page","link":"https:\/\/shortonargentina.com.ar\/en\/integrales\/","title":{"rendered":"INTEGRALES"},"content":{"rendered":"<div data-vc-full-width=\"true\" data-vc-full-width-init=\"false\" class=\"vc_row wpb_row vc_row-fluid vc_custom_1545847769418 vc_row-has-fill\"><div class=\"wpb_column vc_column_container vc_col-sm-6\"><div class=\"vc_column-inner\"><div class=\"wpb_wrapper\">\n\t<div  class=\"wpb_single_image wpb_content_element vc_align_center\">\n\t\t\n\t\t<figure class=\"wpb_wrapper vc_figure\">\n\t\t\t<a href=\"https:\/\/shortonargentina.com.ar\/en\/integrales\/\" target=\"_self\" class=\"vc_single_image-wrapper   vc_box_border_grey\"><img width=\"222\" height=\"48\" src=\"https:\/\/shortonargentina.com.ar\/wp-content\/uploads\/2020\/02\/boton-integrales.png\" class=\"vc_single_image-img attachment-full\" alt=\"\" decoding=\"async\" loading=\"lazy\" srcset=\"https:\/\/shortonargentina.com.ar\/wp-content\/uploads\/2020\/02\/boton-integrales.png 222w, https:\/\/shortonargentina.com.ar\/wp-content\/uploads\/2020\/02\/boton-integrales-50x11.png 50w, https:\/\/shortonargentina.com.ar\/wp-content\/uploads\/2020\/02\/boton-integrales-150x32.png 150w\" sizes=\"(max-width:767px) 222px, 222px\" \/><\/a>\n\t\t<\/figure>\n\t<\/div>\n<\/div><\/div><\/div><div class=\"wpb_column vc_column_container vc_col-sm-6\"><div class=\"vc_column-inner\"><div class=\"wpb_wrapper\">\n\t<div  class=\"wpb_single_image wpb_content_element vc_align_center\">\n\t\t\n\t\t<figure class=\"wpb_wrapper vc_figure\">\n\t\t\t<a href=\"https:\/\/shortonargentina.com.ar\/en\/aditivos\/\" target=\"_self\" class=\"vc_single_image-wrapper   vc_box_border_grey\"><img width=\"222\" height=\"48\" src=\"https:\/\/shortonargentina.com.ar\/wp-content\/uploads\/2020\/02\/boton-aditivos-OFF.png\" class=\"vc_single_image-img attachment-full\" alt=\"\" decoding=\"async\" loading=\"lazy\" srcset=\"https:\/\/shortonargentina.com.ar\/wp-content\/uploads\/2020\/02\/boton-aditivos-OFF.png 222w, https:\/\/shortonargentina.com.ar\/wp-content\/uploads\/2020\/02\/boton-aditivos-OFF-50x11.png 50w, https:\/\/shortonargentina.com.ar\/wp-content\/uploads\/2020\/02\/boton-aditivos-OFF-150x32.png 150w\" sizes=\"(max-width:767px) 222px, 222px\" \/><\/a>\n\t\t<\/figure>\n\t<\/div>\n<\/div><\/div><\/div><\/div><div class=\"vc_row-full-width vc_clearfix\"><\/div><div data-vc-full-width=\"true\" data-vc-full-width-init=\"false\" class=\"vc_row wpb_row vc_row-fluid vc_custom_1554320547939 vc_row-has-fill vc_row-o-content-top vc_row-flex\"><div class=\"wpb_column vc_column_container vc_col-sm-12\"><div class=\"vc_column-inner\"><div class=\"wpb_wrapper\"><div class=\"vc_empty_space\"\n\t  style=\"height: 32px\"><span class=\"vc_empty_space_inner\"><\/span><\/div>\n<div class=\"vc_row wpb_row vc_inner vc_row-fluid vc_row-o-equal-height vc_row-flex\"><div class=\"wpb_column vc_column_container vc_col-sm-6\"><div class=\"vc_column-inner\"><div class=\"wpb_wrapper\">\n\t<div  class=\"wpb_single_image wpb_content_element vc_align_left\">\n\t\t\n\t\t<figure class=\"wpb_wrapper vc_figure\">\n\t\t\t<div class=\"vc_single_image-wrapper   vc_box_border_grey\"><img width=\"739\" height=\"300\" src=\"https:\/\/shortonargentina.com.ar\/wp-content\/uploads\/2020\/02\/integrales.jpg\" class=\"vc_single_image-img attachment-full\" alt=\"\" decoding=\"async\" loading=\"lazy\" srcset=\"https:\/\/shortonargentina.com.ar\/wp-content\/uploads\/2020\/02\/integrales.jpg 739w, https:\/\/shortonargentina.com.ar\/wp-content\/uploads\/2020\/02\/integrales-300x122.jpg 300w, https:\/\/shortonargentina.com.ar\/wp-content\/uploads\/2020\/02\/integrales-260x106.jpg 260w, https:\/\/shortonargentina.com.ar\/wp-content\/uploads\/2020\/02\/integrales-50x20.jpg 50w, https:\/\/shortonargentina.com.ar\/wp-content\/uploads\/2020\/02\/integrales-150x61.jpg 150w\" sizes=\"(max-width:767px) 480px, 739px\" \/><\/div>\n\t\t<\/figure>\n\t<\/div>\n<\/div><\/div><\/div><div class=\"wpb_column vc_column_container vc_col-sm-6 vc_col-has-fill\"><div class=\"vc_column-inner vc_custom_1545850798870\"><div class=\"wpb_wrapper\">\n\t<div class=\"wpb_text_column wpb_content_element\" >\n\t\t<div class=\"wpb_wrapper\">\n\t\t\t<p><strong>We manufacture natural products <\/strong>based on natural spices in our modern manufacturing plant, <strong>under GMP and HACCP Quality Management Systems,<\/strong>our technical department has developed an important series of NATURAL FLAVORS (mixture of spices and food additives), for sausages and all kinds of cold cuts (raw, dried and cooked)...<\/p>\n<p>The natural products that we have developed are formulas based on natural spices without flavorings, according to the traditional flavors of each sausage and cold cut, which give the finished product its typical flavor with a very  deep aroma and taste.<\/p>\n<p>NATURAL PRODUCTS are products developed to flavor sausages, cold cuts and cold meats, providing a very characteristic flavor achieved by a base of selected natural spices (without added chemical flavorings), along with emulsifiers and antioxidants to regulate the texture and enhance the color.<\/p>\n\n\t\t<\/div>\n\t<\/div>\n<\/div><\/div><\/div><\/div><\/div><\/div><\/div><\/div><div class=\"vc_row-full-width vc_clearfix\"><\/div><div class=\"vc_row wpb_row vc_row-fluid\"><div class=\"wpb_column vc_column_container vc_col-sm-12\"><div class=\"vc_column-inner\"><div class=\"wpb_wrapper\">\n\t<div class=\"wpb_text_column wpb_content_element\" >\n\t\t<div class=\"wpb_wrapper\">\n\t\t\t<h1><span style=\"color: #ff6c2c;\">Natural Products<\/span><\/h1>\n<p><strong><em>ADVANTAGES OF USING INTESHOR\u00a0\u00a0 \u00a0\u00a0\u00a0\u00a0\u00a0\u00a0\u00a0\u00a0\u00a0\u00a0\u00a0\u00a0\u00a0\u00a0<\/em><\/strong><\/p>\n<ul>\n<li>Excellent and typical craft flavor.<\/li>\n<li>Use of spices and additives approved by the CAA<\/li>\n<li>Fewer errors resulting from mistakes in the internal formulas.<\/li>\n<li>They reduce costs and labor time.<\/li>\n<li>Security of seasoning your products on an ongoing and continuous basis with the same final flavor.<\/li>\n<\/ul>\n<p><strong>HOW TO USE\u00a0\u00a0\u00a0\u00a0\u00a0\u00a0\u00a0\u00a0\u00a0\u00a0\u00a0\u00a0\u00a0\u00a0\u00a0\u00a0\u00a0\u00a0\u00a0\u00a0\u00a0\u00a0\u00a0\u00a0\u00a0\u00a0\u00a0\u00a0\u00a0\u00a0\u00a0 <\/strong><\/p>\n<p>Depending on each individual product, get in touch with us for more information.<\/p>\n<p><strong><em>PRESENTATION AND CONSERVATION. <\/em><\/strong><\/p>\n<p>Polypropylene bags per 1KG, 5-Kg. multi-layer paper bags lined with polyethylene, 10-Kg. poly paper bags. KEEP IN A COOL, CLEAN AND DRY PLACE, IN A CLOSED CONTAINER.<\/p>\n<p>Under our GMP and HACCP Quality Management System, we produce the following natural products:<\/p>\n<table width=\"553\">\n<tbody>\n<tr>\n<td style=\"text-align: left;\" width=\"553\">NATURAL FORMULA TO<strong> FLAVOR BONDIOLAS<\/strong><\/td>\n<\/tr>\n<tr>\n<td style=\"text-align: left;\" width=\"553\">NATURAL FORMULA FOR THE ELABORATION OF<strong> MEATBALLS<\/strong><\/td>\n<\/tr>\n<tr>\n<td style=\"text-align: left;\" width=\"553\">NATURAL FORMULA FOR THE ELABORATION OF <strong>SMOKED SAUSAGES<\/strong><\/td>\n<\/tr>\n<tr>\n<td style=\"text-align: left;\" width=\"553\">NATURAL FORMULA FOR THE ELABORATION OF<strong> RED SAUSAGE<\/strong><\/td>\n<\/tr>\n<tr>\n<td style=\"text-align: left;\" width=\"553\">NATURAL FORMULA FOR THE ELABORATION OF<strong> SAUSAGES <\/strong><\/td>\n<\/tr>\n<tr>\n<td style=\"text-align: left;\" width=\"553\">NATURAL FORMULA FOR THE ELABORATION OF <strong>CREOLE SAUSAGES<\/strong><\/td>\n<\/tr>\n<tr>\n<td style=\"text-align: left;\" width=\"553\">NATURAL FORMULA FOR THE ELABORATION OF<strong> SPECIAL SAUSAGES<\/strong><\/td>\n<\/tr>\n<tr>\n<td style=\"text-align: left;\" width=\"553\">NATURAL FORMULA FOR THE ELABORATION OF<strong> HAMBURGERS<\/strong><\/td>\n<\/tr>\n<tr>\n<td style=\"text-align: left;\" width=\"553\">NATURAL FORMULA FOR THE ELABORATION OF<strong> LINK SAUSAGE<\/strong><\/td>\n<\/tr>\n<tr>\n<td style=\"text-align: left;\" width=\"553\">NATURAL FORMULA FOR THE ELABORATION OF <strong>BREADED CUTLETS <\/strong><\/td>\n<\/tr>\n<tr>\n<td style=\"text-align: left;\" width=\"553\">NATURAL FORMULA FOR THE ELABORATION OF<strong>BLOOD SAUSAGE<\/strong><\/td>\n<\/tr>\n<tr>\n<td style=\"text-align: left;\" width=\"553\">NATURAL FORMULA FOR THE ELABORATION OF <strong>ITALIAN-STYLE MORTADELA<\/strong><\/td>\n<\/tr>\n<tr>\n<td style=\"text-align: left;\" width=\"553\">NATURAL FORMULA FOR THE ELABORATION OF <strong>PORK CHEESE<\/strong><\/td>\n<\/tr>\n<tr>\n<td style=\"text-align: left;\" width=\"553\">NATURAL FORMULA FOR THE ELABORATION OF<strong> SALAMI AND DRY SALAMI<\/strong><\/td>\n<\/tr>\n<tr>\n<td style=\"text-align: left;\" width=\"553\">NATURAL FORMULA FOR THE ELABORATION OF <strong>ANDOUILLE SAUSAGES<\/strong><\/td>\n<\/tr>\n<tr>\n<td style=\"text-align: left;\" width=\"553\">NATURAL FORMULA FOR THE ELABORATION OF <strong>ANDOUILLE SAUSAGES WITH CHEESE<\/strong><\/td>\n<\/tr>\n<tr>\n<td style=\"text-align: left;\" width=\"553\">NATURAL FORMULA FOR THE ELABORATION OF<strong> VIENNA-STYLE SAUSAGES<\/strong><\/td>\n<\/tr>\n<tr>\n<td style=\"text-align: left;\" width=\"553\">MEAT TENDERIZER<\/td>\n<\/tr>\n<\/tbody>\n<\/table>\n\n\t\t<\/div>\n\t<\/div>\n<\/div><\/div><\/div><\/div><div data-vc-full-width=\"true\" data-vc-full-width-init=\"false\" class=\"vc_row wpb_row vc_row-fluid vc_custom_1545926840258 vc_row-has-fill vc_row-o-content-top vc_row-flex\"><div class=\"wpb_column vc_column_container vc_col-sm-12\"><div class=\"vc_column-inner\"><div class=\"wpb_wrapper\"><div class=\"vc_row wpb_row vc_inner vc_row-fluid vc_row-o-equal-height vc_row-flex\"><div class=\"wpb_column vc_column_container vc_col-sm-6\"><div class=\"vc_column-inner\"><div class=\"wpb_wrapper\">\n\t<div  class=\"wpb_single_image wpb_content_element vc_align_left\">\n\t\t\n\t\t<figure class=\"wpb_wrapper vc_figure\">\n\t\t\t<div class=\"vc_single_image-wrapper   vc_box_border_grey\"><img width=\"739\" height=\"300\" src=\"https:\/\/shortonargentina.com.ar\/wp-content\/uploads\/2020\/02\/aditivos.jpg\" class=\"vc_single_image-img attachment-full\" alt=\"\" decoding=\"async\" loading=\"lazy\" srcset=\"https:\/\/shortonargentina.com.ar\/wp-content\/uploads\/2020\/02\/aditivos.jpg 739w, https:\/\/shortonargentina.com.ar\/wp-content\/uploads\/2020\/02\/aditivos-300x122.jpg 300w, https:\/\/shortonargentina.com.ar\/wp-content\/uploads\/2020\/02\/aditivos-260x106.jpg 260w, https:\/\/shortonargentina.com.ar\/wp-content\/uploads\/2020\/02\/aditivos-50x20.jpg 50w, https:\/\/shortonargentina.com.ar\/wp-content\/uploads\/2020\/02\/aditivos-150x61.jpg 150w\" sizes=\"(max-width:767px) 480px, 739px\" \/><\/div>\n\t\t<\/figure>\n\t<\/div>\n<\/div><\/div><\/div><div class=\"wpb_column vc_column_container vc_col-sm-6 vc_col-has-fill\"><div class=\"vc_column-inner vc_custom_1545926396896\"><div class=\"wpb_wrapper\">\n\t<div class=\"wpb_text_column wpb_content_element\" >\n\t\t<div class=\"wpb_wrapper\">\n\t\t\t<p>Color fixatives are basically the combination of preservatives and antioxidants.<br \/>\nPreservatives in sausages aim to prevent the deterioration of the products, since they protect them against microbial and enzymatic alterations.<\/p>\n\n\t\t<\/div>\n\t<\/div>\n<div class=\"vc_btn3-container vc_btn3-inline\" >\n\t<a class=\"vc_general vc_btn3 vc_btn3-size-md vc_btn3-shape-square vc_btn3-style-outline vc_btn3-color-warning\" href=\"https:\/\/shortonargentina.com.ar\/en\/aditivos\/\" title=\"\">See more<\/a>\t<\/div>\n<\/div><\/div><\/div><\/div><\/div><\/div><\/div><\/div><div class=\"vc_row-full-width vc_clearfix\"><\/div><div data-vc-full-width=\"true\" data-vc-full-width-init=\"false\" class=\"vc_row wpb_row vc_row-fluid vc_custom_1545850234791 vc_row-has-fill\"><div class=\"wpb_column vc_column_container vc_col-sm-12\"><div class=\"vc_column-inner\"><div class=\"wpb_wrapper\"><\/div><\/div><\/div><\/div><div class=\"vc_row-full-width vc_clearfix\"><\/div>","protected":false},"excerpt":{"rendered":"Elaboramos Integrales a base de especias naturales en nuestra moderna planta de fabricaci\u00f3n, bajo sistema de Gesti\u00f3n de Calidad de BPM y HACCP, nuestro departamento t\u00e9cnico<span class=\"excerpt-hellip\"> [\u2026]<\/span>","protected":false},"author":1,"featured_media":0,"parent":0,"menu_order":0,"comment_status":"closed","ping_status":"closed","template":"","meta":{"footnotes":""},"yoast_head":"<!-- This site is optimized with the Yoast SEO plugin v16.1.1 - https:\/\/yoast.com\/wordpress\/plugins\/seo\/ -->\n<title>INTEGRALES - Shorton Argentina SRL<\/title>\n<link rel=\"canonical\" href=\"https:\/\/shortonargentina.com.ar\/en\/integrales\/\" \/>\n<meta property=\"og:locale\" content=\"en_US\" \/>\n<meta property=\"og:type\" content=\"article\" \/>\n<meta property=\"og:title\" content=\"INTEGRALES - Shorton Argentina SRL\" \/>\n<meta property=\"og:url\" content=\"https:\/\/shortonargentina.com.ar\/en\/integrales\/\" \/>\n<meta property=\"og:site_name\" content=\"Shorton Argentina SRL\" \/>\n<meta property=\"article:modified_time\" content=\"2020-02-18T21:34:01+00:00\" \/>\n<meta name=\"twitter:card\" content=\"summary_large_image\" \/>\n<meta name=\"twitter:label1\" content=\"Est. reading time\">\n\t<meta name=\"twitter:data1\" content=\"4 minutes\">\n<script type=\"application\/ld+json\" class=\"yoast-schema-graph\">{\"@context\":\"https:\/\/schema.org\",\"@graph\":[{\"@type\":\"WebSite\",\"@id\":\"https:\/\/shortonargentina.com.ar\/#website\",\"url\":\"https:\/\/shortonargentina.com.ar\/\",\"name\":\"Shorton Argentina SRL\",\"description\":\"Productores de tripas naturales para embutidos\",\"potentialAction\":[{\"@type\":\"SearchAction\",\"target\":\"https:\/\/shortonargentina.com.ar\/?s={search_term_string}\",\"query-input\":\"required name=search_term_string\"}],\"inLanguage\":\"en-US\"},{\"@type\":\"WebPage\",\"@id\":\"https:\/\/shortonargentina.com.ar\/integrales\/#webpage\",\"url\":\"https:\/\/shortonargentina.com.ar\/integrales\/\",\"name\":\"INTEGRALES - Shorton Argentina SRL\",\"isPartOf\":{\"@id\":\"https:\/\/shortonargentina.com.ar\/#website\"},\"datePublished\":\"2018-12-27T16:09:46+00:00\",\"dateModified\":\"2020-02-18T21:34:01+00:00\",\"breadcrumb\":{\"@id\":\"https:\/\/shortonargentina.com.ar\/integrales\/#breadcrumb\"},\"inLanguage\":\"en-US\",\"potentialAction\":[{\"@type\":\"ReadAction\",\"target\":[\"https:\/\/shortonargentina.com.ar\/integrales\/\"]}]},{\"@type\":\"BreadcrumbList\",\"@id\":\"https:\/\/shortonargentina.com.ar\/integrales\/#breadcrumb\",\"itemListElement\":[{\"@type\":\"ListItem\",\"position\":1,\"item\":{\"@type\":\"WebPage\",\"@id\":\"https:\/\/shortonargentina.com.ar\/\",\"url\":\"https:\/\/shortonargentina.com.ar\/\",\"name\":\"Home\"}},{\"@type\":\"ListItem\",\"position\":2,\"item\":{\"@type\":\"WebPage\",\"@id\":\"https:\/\/shortonargentina.com.ar\/integrales\/\",\"url\":\"https:\/\/shortonargentina.com.ar\/integrales\/\",\"name\":\"INTEGRALES\"}}]}]}<\/script>\n<!-- \/ Yoast SEO plugin. -->","_links":{"self":[{"href":"https:\/\/shortonargentina.com.ar\/en\/wp-json\/wp\/v2\/pages\/183"}],"collection":[{"href":"https:\/\/shortonargentina.com.ar\/en\/wp-json\/wp\/v2\/pages"}],"about":[{"href":"https:\/\/shortonargentina.com.ar\/en\/wp-json\/wp\/v2\/types\/page"}],"author":[{"embeddable":true,"href":"https:\/\/shortonargentina.com.ar\/en\/wp-json\/wp\/v2\/users\/1"}],"replies":[{"embeddable":true,"href":"https:\/\/shortonargentina.com.ar\/en\/wp-json\/wp\/v2\/comments?post=183"}],"version-history":[{"count":8,"href":"https:\/\/shortonargentina.com.ar\/en\/wp-json\/wp\/v2\/pages\/183\/revisions"}],"predecessor-version":[{"id":192,"href":"https:\/\/shortonargentina.com.ar\/en\/wp-json\/wp\/v2\/pages\/183\/revisions\/192"}],"wp:attachment":[{"href":"https:\/\/shortonargentina.com.ar\/en\/wp-json\/wp\/v2\/media?parent=183"}],"curies":[{"name":"wp","href":"https:\/\/api.w.org\/{rel}","templated":true}]}}