{"id":204,"date":"2018-12-27T14:37:51","date_gmt":"2018-12-27T17:37:51","guid":{"rendered":"http:\/\/shortonargentina.com.ar\/?page_id=204"},"modified":"2019-04-12T15:02:43","modified_gmt":"2019-04-12T18:02:43","slug":"nuestra-planta","status":"publish","type":"page","link":"https:\/\/shortonargentina.com.ar\/en\/nuestra-planta\/","title":{"rendered":"NUESTRA PLANTA"},"content":{"rendered":"<div data-vc-full-width=\"true\" data-vc-full-width-init=\"false\" class=\"vc_row wpb_row vc_row-fluid vc_custom_1545929465997 vc_row-has-fill vc_row-o-content-top vc_row-flex\"><div class=\"wpb_column vc_column_container vc_col-sm-6\"><div class=\"vc_column-inner\"><div class=\"wpb_wrapper\"><div class=\"vc_empty_space\"\n\t  style=\"height: 32px\"><span class=\"vc_empty_space_inner\"><\/span><\/div>\n\n\t<div class=\"wpb_text_column wpb_content_element\" >\n\t\t<div class=\"wpb_wrapper\">\n\t\t\t<p><strong>NATURAL AND ARTIFICIAL TRIPES BUSINESS UNIT<\/strong><\/p>\n<p>In 2011, we inaugurated a new model plant for the production, salting and storage of natural tripe, making us one of the most modern and technologically advanced natural tripe production plants in Argentina. Our plant is located in Villa Gdor. Galvez, Rosario, Argentina. We have the most advanced technology to produce various types of natural salted tripe. We operate under the strictest quality and hygiene standards. We currently operate the\u00a0<strong>OFFICIAL SENASA N\u00ba4447 ESTABLISHMENT, with the authorization to export to<\/strong> the European Common Market (EU) and third countries, Russia, USA, MERCOSUR and Central America, complying with our quality policy and respecting our TRACEABILITY Operating Manual, Good Manufacturing Practices (GMP) and Standard Sanitation Operating Procedures (SSOP) manuals.<\/p>\n<p>Our compliance with a strict policy of total quality and standardization of merchandise is largely attributable to the contribution of our team of food technicians and personnel training in relation to our Traceability Operating Manual.<\/p>\n<p>We operate an independent warehouse authorized by SENASA to maintain the large stock of imported artificial tripes. The design of the facilities, the flow of processes, and the movement of personnel is carried out in compliance with HACCP regulations in order to control the risk of contamination of stored products and comply with all current legislation.<\/p>\n<p><strong>NATURAL PRODUCTS AND SPICES BUSINESS UNIT<\/strong><\/p>\n<p>Our plant located in Villa Gdor. Galvez, inaugurated in 2018, is in full compliance with all CAA sanitary requirements and international standards of quality and food safety, which is why we are in the process of implementing the HACCP Standards. It has the import \/ export authorizations, production and packaging of food additives, spices, condiments, cereals, legumes and seeds.<\/p>\n<p>We have the most advanced technology to produce various types of functional mixtures for the sausage and related-products industry. We operate under the strictest quality and hygiene standards.<\/p>\n\n\t\t<\/div>\n\t<\/div>\n<\/div><\/div><\/div><div class=\"wpb_column vc_column_container vc_col-sm-6\"><div class=\"vc_column-inner\"><div class=\"wpb_wrapper\"><div class=\"vc_empty_space\"\n\t  style=\"height: 32px\"><span class=\"vc_empty_space_inner\"><\/span><\/div>\n\n\t<div  class=\"wpb_single_image wpb_content_element vc_align_left\">\n\t\t\n\t\t<figure class=\"wpb_wrapper vc_figure\">\n\t\t\t<div class=\"vc_single_image-wrapper   vc_box_border_grey\"><img width=\"1200\" height=\"797\" src=\"https:\/\/shortonargentina.com.ar\/wp-content\/uploads\/2019\/04\/fabrica-tripas.jpg\" class=\"vc_single_image-img attachment-full\" alt=\"\" decoding=\"async\" loading=\"lazy\" srcset=\"https:\/\/shortonargentina.com.ar\/wp-content\/uploads\/2019\/04\/fabrica-tripas.jpg 1200w, https:\/\/shortonargentina.com.ar\/wp-content\/uploads\/2019\/04\/fabrica-tripas-300x199.jpg 300w, https:\/\/shortonargentina.com.ar\/wp-content\/uploads\/2019\/04\/fabrica-tripas-768x510.jpg 768w, https:\/\/shortonargentina.com.ar\/wp-content\/uploads\/2019\/04\/fabrica-tripas-1024x680.jpg 1024w, https:\/\/shortonargentina.com.ar\/wp-content\/uploads\/2019\/04\/fabrica-tripas-220x146.jpg 220w, https:\/\/shortonargentina.com.ar\/wp-content\/uploads\/2019\/04\/fabrica-tripas-50x33.jpg 50w, https:\/\/shortonargentina.com.ar\/wp-content\/uploads\/2019\/04\/fabrica-tripas-113x75.jpg 113w\" sizes=\"(max-width:767px) 480px, (max-width:1200px) 100vw, 1200px\" \/><\/div>\n\t\t<\/figure>\n\t<\/div>\n\n\t<div  class=\"wpb_single_image wpb_content_element vc_align_left\">\n\t\t\n\t\t<figure class=\"wpb_wrapper vc_figure\">\n\t\t\t<div class=\"vc_single_image-wrapper   vc_box_border_grey\"><img width=\"1200\" height=\"797\" src=\"https:\/\/shortonargentina.com.ar\/wp-content\/uploads\/2019\/04\/derposito-especias.jpg\" class=\"vc_single_image-img attachment-full\" alt=\"\" decoding=\"async\" loading=\"lazy\" srcset=\"https:\/\/shortonargentina.com.ar\/wp-content\/uploads\/2019\/04\/derposito-especias.jpg 1200w, https:\/\/shortonargentina.com.ar\/wp-content\/uploads\/2019\/04\/derposito-especias-300x199.jpg 300w, https:\/\/shortonargentina.com.ar\/wp-content\/uploads\/2019\/04\/derposito-especias-768x510.jpg 768w, https:\/\/shortonargentina.com.ar\/wp-content\/uploads\/2019\/04\/derposito-especias-1024x680.jpg 1024w, https:\/\/shortonargentina.com.ar\/wp-content\/uploads\/2019\/04\/derposito-especias-220x146.jpg 220w, https:\/\/shortonargentina.com.ar\/wp-content\/uploads\/2019\/04\/derposito-especias-50x33.jpg 50w, https:\/\/shortonargentina.com.ar\/wp-content\/uploads\/2019\/04\/derposito-especias-113x75.jpg 113w\" sizes=\"(max-width:767px) 480px, (max-width:1200px) 100vw, 1200px\" \/><\/div>\n\t\t<\/figure>\n\t<\/div>\n<\/div><\/div><\/div><\/div><div class=\"vc_row-full-width vc_clearfix\"><\/div>","protected":false},"excerpt":{"rendered":"UNIDAD DE NEGOCIOS TRIPAS NATURALES Y ARTIFICIALES En el a\u00f1o 2011, inauguramos una nueva planta modelo de producci\u00f3n, salaz\u00f3n y almacenamiento de tripas naturales, posicion\u00e1ndonos con<span class=\"excerpt-hellip\"> [\u2026]<\/span>","protected":false},"author":1,"featured_media":0,"parent":0,"menu_order":0,"comment_status":"closed","ping_status":"closed","template":"","meta":{"footnotes":""},"yoast_head":"<!-- This site is optimized with the Yoast SEO plugin v16.1.1 - https:\/\/yoast.com\/wordpress\/plugins\/seo\/ -->\n<title>NUESTRA PLANTA - Shorton Argentina SRL<\/title>\n<link rel=\"canonical\" href=\"https:\/\/shortonargentina.com.ar\/en\/nuestra-planta\/\" \/>\n<meta property=\"og:locale\" content=\"en_US\" \/>\n<meta property=\"og:type\" content=\"article\" \/>\n<meta property=\"og:title\" content=\"NUESTRA PLANTA - Shorton Argentina SRL\" \/>\n<meta property=\"og:url\" content=\"https:\/\/shortonargentina.com.ar\/en\/nuestra-planta\/\" \/>\n<meta property=\"og:site_name\" content=\"Shorton Argentina SRL\" \/>\n<meta property=\"article:modified_time\" content=\"2019-04-12T18:02:43+00:00\" \/>\n<meta name=\"twitter:card\" content=\"summary_large_image\" \/>\n<meta name=\"twitter:label1\" content=\"Est. reading time\">\n\t<meta name=\"twitter:data1\" content=\"2 minutes\">\n<script type=\"application\/ld+json\" class=\"yoast-schema-graph\">{\"@context\":\"https:\/\/schema.org\",\"@graph\":[{\"@type\":\"WebSite\",\"@id\":\"https:\/\/shortonargentina.com.ar\/#website\",\"url\":\"https:\/\/shortonargentina.com.ar\/\",\"name\":\"Shorton Argentina SRL\",\"description\":\"Productores de tripas naturales para embutidos\",\"potentialAction\":[{\"@type\":\"SearchAction\",\"target\":\"https:\/\/shortonargentina.com.ar\/?s={search_term_string}\",\"query-input\":\"required name=search_term_string\"}],\"inLanguage\":\"en-US\"},{\"@type\":\"WebPage\",\"@id\":\"https:\/\/shortonargentina.com.ar\/nuestra-planta\/#webpage\",\"url\":\"https:\/\/shortonargentina.com.ar\/nuestra-planta\/\",\"name\":\"NUESTRA PLANTA - Shorton Argentina SRL\",\"isPartOf\":{\"@id\":\"https:\/\/shortonargentina.com.ar\/#website\"},\"datePublished\":\"2018-12-27T17:37:51+00:00\",\"dateModified\":\"2019-04-12T18:02:43+00:00\",\"breadcrumb\":{\"@id\":\"https:\/\/shortonargentina.com.ar\/nuestra-planta\/#breadcrumb\"},\"inLanguage\":\"en-US\",\"potentialAction\":[{\"@type\":\"ReadAction\",\"target\":[\"https:\/\/shortonargentina.com.ar\/nuestra-planta\/\"]}]},{\"@type\":\"BreadcrumbList\",\"@id\":\"https:\/\/shortonargentina.com.ar\/nuestra-planta\/#breadcrumb\",\"itemListElement\":[{\"@type\":\"ListItem\",\"position\":1,\"item\":{\"@type\":\"WebPage\",\"@id\":\"https:\/\/shortonargentina.com.ar\/\",\"url\":\"https:\/\/shortonargentina.com.ar\/\",\"name\":\"Home\"}},{\"@type\":\"ListItem\",\"position\":2,\"item\":{\"@type\":\"WebPage\",\"@id\":\"https:\/\/shortonargentina.com.ar\/nuestra-planta\/\",\"url\":\"https:\/\/shortonargentina.com.ar\/nuestra-planta\/\",\"name\":\"NUESTRA PLANTA\"}}]}]}<\/script>\n<!-- \/ Yoast SEO plugin. -->","_links":{"self":[{"href":"https:\/\/shortonargentina.com.ar\/en\/wp-json\/wp\/v2\/pages\/204"}],"collection":[{"href":"https:\/\/shortonargentina.com.ar\/en\/wp-json\/wp\/v2\/pages"}],"about":[{"href":"https:\/\/shortonargentina.com.ar\/en\/wp-json\/wp\/v2\/types\/page"}],"author":[{"embeddable":true,"href":"https:\/\/shortonargentina.com.ar\/en\/wp-json\/wp\/v2\/users\/1"}],"replies":[{"embeddable":true,"href":"https:\/\/shortonargentina.com.ar\/en\/wp-json\/wp\/v2\/comments?post=204"}],"version-history":[{"count":5,"href":"https:\/\/shortonargentina.com.ar\/en\/wp-json\/wp\/v2\/pages\/204\/revisions"}],"predecessor-version":[{"id":312,"href":"https:\/\/shortonargentina.com.ar\/en\/wp-json\/wp\/v2\/pages\/204\/revisions\/312"}],"wp:attachment":[{"href":"https:\/\/shortonargentina.com.ar\/en\/wp-json\/wp\/v2\/media?parent=204"}],"curies":[{"name":"wp","href":"https:\/\/api.w.org\/{rel}","templated":true}]}}