{"id":206,"date":"2018-12-27T14:38:58","date_gmt":"2018-12-27T17:38:58","guid":{"rendered":"http:\/\/shortonargentina.com.ar\/?page_id=206"},"modified":"2023-11-02T09:46:50","modified_gmt":"2023-11-02T12:46:50","slug":"certificaciones","status":"publish","type":"page","link":"https:\/\/shortonargentina.com.ar\/en\/certificaciones\/","title":{"rendered":"CERTIFICACIONES"},"content":{"rendered":"<div data-vc-full-width=\"true\" data-vc-full-width-init=\"false\" class=\"vc_row wpb_row vc_row-fluid vc_custom_1545929465997 vc_row-has-fill vc_row-o-content-top vc_row-flex\"><div class=\"wpb_column vc_column_container vc_col-sm-6\"><div class=\"vc_column-inner\"><div class=\"wpb_wrapper\"><div class=\"vc_empty_space\"\n\t  style=\"height: 32px\"><span class=\"vc_empty_space_inner\"><\/span><\/div>\n\n\t<div class=\"wpb_text_column wpb_content_element\" >\n\t\t<div class=\"wpb_wrapper\">\n\t\t\t<h2>NUEVA CERTIFICACI\u00d3N IRAM 323:2010<\/h2>\n<p>Continuamos creciendo. Nuestra trayectoria, de m\u00e1s de 20 a\u00f1os, avalada por la calidad de nuestros productos, hoy suma un nuevo hito.<\/p>\n<p>Nos sentimos orgullosos de certificar las normas IRAM NM 323:2010, gracias al esfuerzo de nuestro gran equipo de trabajo.<\/p>\n<p>Un nuevo logro, que nos permite seguir brindando calidad y seguridad en cada uno de nuestros productos.<\/p>\n\n\t\t<\/div>\n\t<\/div>\n\n\t<div class=\"wpb_text_column wpb_content_element\" >\n\t\t<div class=\"wpb_wrapper\">\n\t\t\t<h4>CERTIFICADO DE CALIDAD<\/h4>\n\n\t\t<\/div>\n\t<\/div>\n<div class=\"vc_row wpb_row vc_inner vc_row-fluid\"><div class=\"wpb_column vc_column_container vc_col-sm-6\"><div class=\"vc_column-inner\"><div class=\"wpb_wrapper\"><div class=\"vc_btn3-container vc_btn3-inline\" >\n\t<a class=\"vc_general vc_btn3 vc_btn3-size-sm vc_btn3-shape-square vc_btn3-style-modern vc_btn3-color-warning\" href=\"https:\/\/shortonargentina.com.ar\/wp-content\/uploads\/2023\/11\/HACCP-NM-323-SHORTON-ARGENTINA-S.R.L.-ES.pdf\" title=\"\" target=\"_blank\">VERSI\u00d3N EN ESPA\u00d1OL<\/a>\t<\/div>\n<\/div><\/div><\/div><div class=\"wpb_column vc_column_container vc_col-sm-6\"><div class=\"vc_column-inner\"><div class=\"wpb_wrapper\"><div class=\"vc_btn3-container vc_btn3-inline\" >\n\t<a class=\"vc_general vc_btn3 vc_btn3-size-sm vc_btn3-shape-square vc_btn3-style-modern vc_btn3-color-warning\" href=\"https:\/\/shortonargentina.com.ar\/wp-content\/uploads\/2023\/11\/HACCP-NM-323-SHORTON-ARGENTINA-S.R.L.-EN.pdf\" title=\"\">ENGLISH VERSION<\/a>\t<\/div>\n<\/div><\/div><\/div><\/div><\/div><\/div><\/div><div class=\"wpb_column vc_column_container vc_col-sm-6\"><div class=\"vc_column-inner\"><div class=\"wpb_wrapper\"><div class=\"vc_empty_space\"\n\t  style=\"height: 32px\"><span class=\"vc_empty_space_inner\"><\/span><\/div>\n\n\t<div  class=\"wpb_single_image wpb_content_element vc_align_left\">\n\t\t\n\t\t<figure class=\"wpb_wrapper vc_figure\">\n\t\t\t<div class=\"vc_single_image-wrapper   vc_box_border_grey\"><img width=\"610\" height=\"230\" src=\"https:\/\/shortonargentina.com.ar\/wp-content\/uploads\/2021\/01\/nuevasiram-inocuidad-alimentaria-haccp.png\" class=\"vc_single_image-img attachment-full\" alt=\"\" decoding=\"async\" loading=\"lazy\" srcset=\"https:\/\/shortonargentina.com.ar\/wp-content\/uploads\/2021\/01\/nuevasiram-inocuidad-alimentaria-haccp.png 610w, https:\/\/shortonargentina.com.ar\/wp-content\/uploads\/2021\/01\/nuevasiram-inocuidad-alimentaria-haccp-300x113.png 300w, https:\/\/shortonargentina.com.ar\/wp-content\/uploads\/2021\/01\/nuevasiram-inocuidad-alimentaria-haccp-260x98.png 260w, https:\/\/shortonargentina.com.ar\/wp-content\/uploads\/2021\/01\/nuevasiram-inocuidad-alimentaria-haccp-50x19.png 50w, https:\/\/shortonargentina.com.ar\/wp-content\/uploads\/2021\/01\/nuevasiram-inocuidad-alimentaria-haccp-150x57.png 150w\" sizes=\"(max-width:767px) 480px, 610px\" \/><\/div>\n\t\t<\/figure>\n\t<\/div>\n<\/div><\/div><\/div><\/div><div class=\"vc_row-full-width vc_clearfix\"><\/div><div class=\"vc_row wpb_row vc_row-fluid\"><div class=\"wpb_column vc_column_container vc_col-sm-12\"><div class=\"vc_column-inner\"><div class=\"wpb_wrapper\"><div class=\"vc_separator wpb_content_element vc_separator_align_center vc_sep_width_100 vc_sep_pos_align_center vc_separator_no_text vc_sep_color_grey\" ><span class=\"vc_sep_holder vc_sep_holder_l\"><span  class=\"vc_sep_line\"><\/span><\/span><span class=\"vc_sep_holder vc_sep_holder_r\"><span  class=\"vc_sep_line\"><\/span><\/span>\n<\/div><\/div><\/div><\/div><\/div><div data-vc-full-width=\"true\" data-vc-full-width-init=\"false\" class=\"vc_row wpb_row vc_row-fluid vc_custom_1545929465997 vc_row-has-fill vc_row-o-content-top vc_row-flex\"><div class=\"wpb_column vc_column_container vc_col-sm-6\"><div class=\"vc_column-inner\"><div class=\"wpb_wrapper\"><div class=\"vc_empty_space\"\n\t  style=\"height: 32px\"><span class=\"vc_empty_space_inner\"><\/span><\/div>\n\n\t<div class=\"wpb_text_column wpb_content_element\" >\n\t\t<div class=\"wpb_wrapper\">\n\t\t\t<p>Our\u00a0<strong>OFFICIAL SENASA N\u00ba4447 ESTABLISHMENT<\/strong> has the <strong>qualifications for exporting salted tripes<\/strong> to:<\/p>\n<p><img decoding=\"async\" loading=\"lazy\" class=\"alignnone wp-image-317\" src=\"http:\/\/shortonargentina.com.ar\/wp-content\/uploads\/2019\/04\/COMUNIDAD-EUROPEA.png\" alt=\"\" width=\"25\" height=\"17\" srcset=\"https:\/\/shortonargentina.com.ar\/wp-content\/uploads\/2019\/04\/COMUNIDAD-EUROPEA.png 120w, https:\/\/shortonargentina.com.ar\/wp-content\/uploads\/2019\/04\/COMUNIDAD-EUROPEA-50x33.png 50w, https:\/\/shortonargentina.com.ar\/wp-content\/uploads\/2019\/04\/COMUNIDAD-EUROPEA-113x75.png 113w\" sizes=\"(max-width:767px) 25px, 25px\" \/>\u00a0EUROPEAN COMMUNITY AND THIRD COUNTRIES<\/p>\n<p><img decoding=\"async\" loading=\"lazy\" class=\"alignnone wp-image-315\" src=\"http:\/\/shortonargentina.com.ar\/wp-content\/uploads\/2019\/04\/RUSIA.png\" alt=\"\" width=\"25\" height=\"17\" srcset=\"https:\/\/shortonargentina.com.ar\/wp-content\/uploads\/2019\/04\/RUSIA.png 125w, https:\/\/shortonargentina.com.ar\/wp-content\/uploads\/2019\/04\/RUSIA-50x33.png 50w, https:\/\/shortonargentina.com.ar\/wp-content\/uploads\/2019\/04\/RUSIA-113x75.png 113w\" sizes=\"(max-width:767px) 25px, 25px\" \/>\u00a0RUSSIA<\/p>\n<p><img decoding=\"async\" loading=\"lazy\" class=\"alignnone wp-image-314\" src=\"http:\/\/shortonargentina.com.ar\/wp-content\/uploads\/2019\/04\/KASAJISTN.png\" alt=\"\" width=\"25\" height=\"13\" srcset=\"https:\/\/shortonargentina.com.ar\/wp-content\/uploads\/2019\/04\/KASAJISTN.png 64w, https:\/\/shortonargentina.com.ar\/wp-content\/uploads\/2019\/04\/KASAJISTN-50x25.png 50w\" sizes=\"(max-width:767px) 25px, 25px\" \/>\u00a0KAZAKHASTAN<\/p>\n<p><img decoding=\"async\" loading=\"lazy\" class=\"alignnone wp-image-316\" src=\"http:\/\/shortonargentina.com.ar\/wp-content\/uploads\/2019\/04\/USA.png\" alt=\"\" width=\"25\" height=\"13\" srcset=\"https:\/\/shortonargentina.com.ar\/wp-content\/uploads\/2019\/04\/USA.png 125w, https:\/\/shortonargentina.com.ar\/wp-content\/uploads\/2019\/04\/USA-50x26.png 50w\" sizes=\"(max-width:767px) 25px, 25px\" \/>\u00a0UNITED STATES<\/p>\n<p><img decoding=\"async\" loading=\"lazy\" class=\"alignnone wp-image-318\" src=\"http:\/\/shortonargentina.com.ar\/wp-content\/uploads\/2019\/04\/MERCOSUR.png\" alt=\"\" width=\"25\" height=\"19\" srcset=\"https:\/\/shortonargentina.com.ar\/wp-content\/uploads\/2019\/04\/MERCOSUR.png 60w, https:\/\/shortonargentina.com.ar\/wp-content\/uploads\/2019\/04\/MERCOSUR-50x38.png 50w\" sizes=\"(max-width:767px) 25px, 25px\" \/>\u00a0MERCOSUR MEMBER COUNTRIES<\/p>\n<p>COUNTRIES OF CENTRAL AMERICA.<\/p>\n<p>All our products are authorized by the corresponding health agencies such as ASSAL and SENASA, which guarantees compliance with the Argentine Food Code (<strong>CAA<\/strong>).<\/p>\n<p>&nbsp;<\/p>\n<p>In 2018, we initiated the process of implementing the International Food Safety Standards HACCP in our plant for the preparation of natural products, additives and spices.<\/p>\n\n\t\t<\/div>\n\t<\/div>\n<\/div><\/div><\/div><div class=\"wpb_column vc_column_container vc_col-sm-6\"><div class=\"vc_column-inner\"><div class=\"wpb_wrapper\"><div class=\"vc_empty_space\"\n\t  style=\"height: 32px\"><span class=\"vc_empty_space_inner\"><\/span><\/div>\n\n\t<div  class=\"wpb_single_image wpb_content_element vc_align_left\">\n\t\t\n\t\t<figure class=\"wpb_wrapper vc_figure\">\n\t\t\t<div class=\"vc_single_image-wrapper   vc_box_border_grey\"><img width=\"524\" height=\"76\" src=\"https:\/\/shortonargentina.com.ar\/wp-content\/uploads\/2019\/04\/certificaciones2.jpg\" class=\"vc_single_image-img attachment-full\" alt=\"\" decoding=\"async\" loading=\"lazy\" srcset=\"https:\/\/shortonargentina.com.ar\/wp-content\/uploads\/2019\/04\/certificaciones2.jpg 524w, https:\/\/shortonargentina.com.ar\/wp-content\/uploads\/2019\/04\/certificaciones2-300x44.jpg 300w, https:\/\/shortonargentina.com.ar\/wp-content\/uploads\/2019\/04\/certificaciones2-260x38.jpg 260w, https:\/\/shortonargentina.com.ar\/wp-content\/uploads\/2019\/04\/certificaciones2-50x7.jpg 50w, https:\/\/shortonargentina.com.ar\/wp-content\/uploads\/2019\/04\/certificaciones2-150x22.jpg 150w\" sizes=\"(max-width:767px) 480px, 524px\" \/><\/div>\n\t\t<\/figure>\n\t<\/div>\n<\/div><\/div><\/div><\/div><div class=\"vc_row-full-width vc_clearfix\"><\/div>","protected":false},"excerpt":{"rendered":"NUEVA CERTIFICACI\u00d3N IRAM 323:2010 Continuamos creciendo. Nuestra trayectoria, de m\u00e1s de 20 a\u00f1os, avalada por la calidad de nuestros productos, hoy suma un nuevo hito. Nos<span class=\"excerpt-hellip\"> [\u2026]<\/span>","protected":false},"author":1,"featured_media":0,"parent":0,"menu_order":0,"comment_status":"closed","ping_status":"closed","template":"","meta":{"footnotes":""},"yoast_head":"<!-- This site is optimized with the Yoast SEO plugin v16.1.1 - https:\/\/yoast.com\/wordpress\/plugins\/seo\/ -->\n<title>CERTIFICACIONES - Shorton Argentina SRL<\/title>\n<link rel=\"canonical\" href=\"https:\/\/shortonargentina.com.ar\/en\/certificaciones\/\" \/>\n<meta property=\"og:locale\" content=\"en_US\" \/>\n<meta property=\"og:type\" content=\"article\" \/>\n<meta property=\"og:title\" content=\"CERTIFICACIONES - Shorton Argentina SRL\" \/>\n<meta property=\"og:url\" content=\"https:\/\/shortonargentina.com.ar\/en\/certificaciones\/\" \/>\n<meta property=\"og:site_name\" content=\"Shorton Argentina SRL\" \/>\n<meta property=\"article:modified_time\" content=\"2023-11-02T12:46:50+00:00\" \/>\n<meta property=\"og:image\" content=\"http:\/\/shortonargentina.com.ar\/wp-content\/uploads\/2019\/04\/COMUNIDAD-EUROPEA.png\" \/>\n<meta name=\"twitter:card\" content=\"summary_large_image\" \/>\n<meta name=\"twitter:label1\" content=\"Est. reading time\">\n\t<meta name=\"twitter:data1\" content=\"2 minutes\">\n<script type=\"application\/ld+json\" class=\"yoast-schema-graph\">{\"@context\":\"https:\/\/schema.org\",\"@graph\":[{\"@type\":\"WebSite\",\"@id\":\"https:\/\/shortonargentina.com.ar\/#website\",\"url\":\"https:\/\/shortonargentina.com.ar\/\",\"name\":\"Shorton Argentina SRL\",\"description\":\"Productores de tripas naturales para embutidos\",\"potentialAction\":[{\"@type\":\"SearchAction\",\"target\":\"https:\/\/shortonargentina.com.ar\/?s={search_term_string}\",\"query-input\":\"required name=search_term_string\"}],\"inLanguage\":\"en-US\"},{\"@type\":\"ImageObject\",\"@id\":\"https:\/\/shortonargentina.com.ar\/certificaciones\/#primaryimage\",\"inLanguage\":\"en-US\",\"url\":\"http:\/\/shortonargentina.com.ar\/wp-content\/uploads\/2019\/04\/COMUNIDAD-EUROPEA.png\",\"contentUrl\":\"http:\/\/shortonargentina.com.ar\/wp-content\/uploads\/2019\/04\/COMUNIDAD-EUROPEA.png\"},{\"@type\":\"WebPage\",\"@id\":\"https:\/\/shortonargentina.com.ar\/certificaciones\/#webpage\",\"url\":\"https:\/\/shortonargentina.com.ar\/certificaciones\/\",\"name\":\"CERTIFICACIONES - Shorton Argentina SRL\",\"isPartOf\":{\"@id\":\"https:\/\/shortonargentina.com.ar\/#website\"},\"primaryImageOfPage\":{\"@id\":\"https:\/\/shortonargentina.com.ar\/certificaciones\/#primaryimage\"},\"datePublished\":\"2018-12-27T17:38:58+00:00\",\"dateModified\":\"2023-11-02T12:46:50+00:00\",\"breadcrumb\":{\"@id\":\"https:\/\/shortonargentina.com.ar\/certificaciones\/#breadcrumb\"},\"inLanguage\":\"en-US\",\"potentialAction\":[{\"@type\":\"ReadAction\",\"target\":[\"https:\/\/shortonargentina.com.ar\/certificaciones\/\"]}]},{\"@type\":\"BreadcrumbList\",\"@id\":\"https:\/\/shortonargentina.com.ar\/certificaciones\/#breadcrumb\",\"itemListElement\":[{\"@type\":\"ListItem\",\"position\":1,\"item\":{\"@type\":\"WebPage\",\"@id\":\"https:\/\/shortonargentina.com.ar\/\",\"url\":\"https:\/\/shortonargentina.com.ar\/\",\"name\":\"Home\"}},{\"@type\":\"ListItem\",\"position\":2,\"item\":{\"@type\":\"WebPage\",\"@id\":\"https:\/\/shortonargentina.com.ar\/certificaciones\/\",\"url\":\"https:\/\/shortonargentina.com.ar\/certificaciones\/\",\"name\":\"CERTIFICACIONES\"}}]}]}<\/script>\n<!-- \/ Yoast SEO plugin. -->","_links":{"self":[{"href":"https:\/\/shortonargentina.com.ar\/en\/wp-json\/wp\/v2\/pages\/206"}],"collection":[{"href":"https:\/\/shortonargentina.com.ar\/en\/wp-json\/wp\/v2\/pages"}],"about":[{"href":"https:\/\/shortonargentina.com.ar\/en\/wp-json\/wp\/v2\/types\/page"}],"author":[{"embeddable":true,"href":"https:\/\/shortonargentina.com.ar\/en\/wp-json\/wp\/v2\/users\/1"}],"replies":[{"embeddable":true,"href":"https:\/\/shortonargentina.com.ar\/en\/wp-json\/wp\/v2\/comments?post=206"}],"version-history":[{"count":9,"href":"https:\/\/shortonargentina.com.ar\/en\/wp-json\/wp\/v2\/pages\/206\/revisions"}],"predecessor-version":[{"id":688,"href":"https:\/\/shortonargentina.com.ar\/en\/wp-json\/wp\/v2\/pages\/206\/revisions\/688"}],"wp:attachment":[{"href":"https:\/\/shortonargentina.com.ar\/en\/wp-json\/wp\/v2\/media?parent=206"}],"curies":[{"name":"wp","href":"https:\/\/api.w.org\/{rel}","templated":true}]}}