{"id":426,"date":"2019-04-12T14:46:16","date_gmt":"2019-04-12T17:46:16","guid":{"rendered":"http:\/\/shortonargentina.com.ar\/?page_id=426"},"modified":"2020-02-19T11:24:33","modified_gmt":"2020-02-19T14:24:33","slug":"tripas-fibrosas","status":"publish","type":"page","link":"https:\/\/shortonargentina.com.ar\/en\/tripas-fibrosas\/","title":{"rendered":"TRIPAS FIBROSAS"},"content":{"rendered":"<div data-vc-full-width=\"true\" data-vc-full-width-init=\"false\" class=\"vc_row wpb_row vc_row-fluid vc_custom_1545847769418 vc_row-has-fill\"><div class=\"wpb_column vc_column_container vc_col-sm-3\"><div class=\"vc_column-inner\"><div class=\"wpb_wrapper\">\n\t<div  class=\"wpb_single_image wpb_content_element vc_align_left\">\n\t\t\n\t\t<figure class=\"wpb_wrapper vc_figure\">\n\t\t\t<a href=\"https:\/\/shortonargentina.com.ar\/en\/tripas-naturales\/\" target=\"_self\" class=\"vc_single_image-wrapper   vc_box_border_grey\"><img width=\"222\" height=\"48\" src=\"https:\/\/shortonargentina.com.ar\/wp-content\/uploads\/2020\/02\/boton-tripas-naturales-OFF.png\" class=\"vc_single_image-img attachment-full\" alt=\"\" decoding=\"async\" loading=\"lazy\" srcset=\"https:\/\/shortonargentina.com.ar\/wp-content\/uploads\/2020\/02\/boton-tripas-naturales-OFF.png 222w, https:\/\/shortonargentina.com.ar\/wp-content\/uploads\/2020\/02\/boton-tripas-naturales-OFF-50x11.png 50w, https:\/\/shortonargentina.com.ar\/wp-content\/uploads\/2020\/02\/boton-tripas-naturales-OFF-150x32.png 150w\" sizes=\"(max-width:767px) 222px, 222px\" \/><\/a>\n\t\t<\/figure>\n\t<\/div>\n<\/div><\/div><\/div><div class=\"wpb_column vc_column_container vc_col-sm-3\"><div class=\"vc_column-inner\"><div class=\"wpb_wrapper\">\n\t<div  class=\"wpb_single_image wpb_content_element vc_align_left\">\n\t\t\n\t\t<figure class=\"wpb_wrapper vc_figure\">\n\t\t\t<a href=\"https:\/\/shortonargentina.com.ar\/en\/tripas-colageno\/\" target=\"_self\" class=\"vc_single_image-wrapper   vc_box_border_grey\"><img width=\"222\" height=\"48\" src=\"https:\/\/shortonargentina.com.ar\/wp-content\/uploads\/2020\/02\/boton-tripas-colageno-OFF.png\" class=\"vc_single_image-img attachment-full\" alt=\"\" decoding=\"async\" loading=\"lazy\" srcset=\"https:\/\/shortonargentina.com.ar\/wp-content\/uploads\/2020\/02\/boton-tripas-colageno-OFF.png 222w, https:\/\/shortonargentina.com.ar\/wp-content\/uploads\/2020\/02\/boton-tripas-colageno-OFF-50x11.png 50w, https:\/\/shortonargentina.com.ar\/wp-content\/uploads\/2020\/02\/boton-tripas-colageno-OFF-150x32.png 150w\" sizes=\"(max-width:767px) 222px, 222px\" \/><\/a>\n\t\t<\/figure>\n\t<\/div>\n<\/div><\/div><\/div><div class=\"wpb_column vc_column_container vc_col-sm-3\"><div class=\"vc_column-inner\"><div class=\"wpb_wrapper\">\n\t<div  class=\"wpb_single_image wpb_content_element vc_align_left\">\n\t\t\n\t\t<figure class=\"wpb_wrapper vc_figure\">\n\t\t\t<a href=\"https:\/\/shortonargentina.com.ar\/en\/tripas-fibrosas\/\" target=\"_self\" class=\"vc_single_image-wrapper   vc_box_border_grey\"><img width=\"222\" height=\"48\" src=\"https:\/\/shortonargentina.com.ar\/wp-content\/uploads\/2020\/02\/boton-tripas-fibrosas.png\" class=\"vc_single_image-img attachment-full\" alt=\"\" decoding=\"async\" loading=\"lazy\" srcset=\"https:\/\/shortonargentina.com.ar\/wp-content\/uploads\/2020\/02\/boton-tripas-fibrosas.png 222w, https:\/\/shortonargentina.com.ar\/wp-content\/uploads\/2020\/02\/boton-tripas-fibrosas-50x11.png 50w, https:\/\/shortonargentina.com.ar\/wp-content\/uploads\/2020\/02\/boton-tripas-fibrosas-150x32.png 150w\" sizes=\"(max-width:767px) 222px, 222px\" \/><\/a>\n\t\t<\/figure>\n\t<\/div>\n<\/div><\/div><\/div><div class=\"wpb_column vc_column_container vc_col-sm-3\"><div class=\"vc_column-inner\"><div class=\"wpb_wrapper\">\n\t<div  class=\"wpb_single_image wpb_content_element vc_align_left\">\n\t\t\n\t\t<figure class=\"wpb_wrapper vc_figure\">\n\t\t\t<a href=\"https:\/\/shortonargentina.com.ar\/en\/tripas-de-poliamida\/\" target=\"_self\" class=\"vc_single_image-wrapper   vc_box_border_grey\"><img width=\"222\" height=\"48\" src=\"https:\/\/shortonargentina.com.ar\/wp-content\/uploads\/2020\/02\/boton-tripas-POLIAMIDAS-OFF.png\" class=\"vc_single_image-img attachment-full\" alt=\"\" decoding=\"async\" loading=\"lazy\" srcset=\"https:\/\/shortonargentina.com.ar\/wp-content\/uploads\/2020\/02\/boton-tripas-POLIAMIDAS-OFF.png 222w, https:\/\/shortonargentina.com.ar\/wp-content\/uploads\/2020\/02\/boton-tripas-POLIAMIDAS-OFF-50x11.png 50w, https:\/\/shortonargentina.com.ar\/wp-content\/uploads\/2020\/02\/boton-tripas-POLIAMIDAS-OFF-150x32.png 150w\" sizes=\"(max-width:767px) 222px, 222px\" \/><\/a>\n\t\t<\/figure>\n\t<\/div>\n<\/div><\/div><\/div><\/div><div class=\"vc_row-full-width vc_clearfix\"><\/div><div data-vc-full-width=\"true\" data-vc-full-width-init=\"false\" class=\"vc_row wpb_row vc_row-fluid vc_custom_1555091805484 vc_row-has-fill vc_row-o-content-top vc_row-flex\"><div class=\"wpb_column vc_column_container vc_col-sm-12\"><div class=\"vc_column-inner\"><div class=\"wpb_wrapper\"><div class=\"vc_empty_space\"\n\t  style=\"height: 32px\"><span class=\"vc_empty_space_inner\"><\/span><\/div>\n<div class=\"vc_row wpb_row vc_inner vc_row-fluid vc_custom_1545850478717 vc_row-has-fill\"><div class=\"wpb_column vc_column_container vc_col-sm-6\"><div class=\"vc_column-inner\"><div class=\"wpb_wrapper\">\n\t<div class=\"wpb_text_column wpb_content_element\" >\n\t\t<div class=\"wpb_wrapper\">\n\t\t\t<h1><span style=\"color: #ff6c2c;\"><strong>Envolturas y tripas fibrosas<\/strong><\/span><\/h1>\n<h3>Usos de las tripas o envolturas fibrosas<\/h3>\n<p>Las tripas y envolturas fibrosas son ideales para la producci\u00f3n de toda clase de embutidos curados o cocidos destinados a las l\u00edneas de loncheado especialmente en los calibres anchos a partir de los 60 mm de di\u00e1metro. Debido a su gran resistencia, alta estabilidad dimensional y porosidad controlada, las tripas Fibrosas se convierten en uno de los materiales de envasado m\u00e1s vers\u00e1tiles y completos disponibles en el mercado.<\/p>\n<p>&nbsp;<\/p>\n<h3>Caracter\u00edsticas t\u00e9cnicas<\/h3>\n<p><strong>\u2022 Calibres disponibles<\/strong><br \/>\nDesde el \u00d8 55 al \u00d8 250<br \/>\n<strong>\u2022 Presentaci\u00f3n<\/strong><br \/>\nBobinas, Plisado en sticks de distintas medidas, RTU, Madejas y Piezas atadas o clipadas.<br \/>\nInstrucciones y uso<br \/>\n<strong>\u2022 Embutici\u00f3n<\/strong><br \/>\nAntes de embutir, remojar la tripa en agua a temperatura entre 20\u00b0C y 40\u00b0C. El tiempo de remojo depende del formato de seleccionado de 20 a 60 minutos. Embutir sin sobrepasar el calibre indicado por el fabricante. En su defecto nunca m\u00e1s de 1 mm durante el proceso de llenado, asegurarse que el embudo est\u00e1 libre de rebabas, deformaciones o virutas de acero en sus extremos y graduar el freno al calibre seleccionado mediante la embutici\u00f3n de varias piezas hasta lograr el di\u00e1metro deseado. El porcionado del embutido puede ser mediante grapadoras autom\u00e1ticas de doble grapa (seleccionando la grapa adecuada para cada calibre), sistemas de clipeado semiautom\u00e1ticos\/manuales o la utilizaci\u00f3n de brazo retorcedor tipo (twist) para evitar las grapas.<br \/>\n<strong>\u2022 Conservaci\u00f3n<\/strong><br \/>\nConservar en lugar fresco y seco. Evitar la exposici\u00f3n solar directa y los lugares extremadamente h\u00famedos. Una vez abierta la caja, guardar la tripa en su envase original.<\/p>\n<p>&nbsp;<\/p>\n<p><strong><img decoding=\"async\" loading=\"lazy\" class=\"alignnone size-medium wp-image-430\" src=\"http:\/\/shortonargentina.com.ar\/wp-content\/uploads\/2019\/04\/F-1-300x200.jpg\" alt=\"\" width=\"300\" height=\"200\" srcset=\"https:\/\/shortonargentina.com.ar\/wp-content\/uploads\/2019\/04\/F-1-300x200.jpg 300w, https:\/\/shortonargentina.com.ar\/wp-content\/uploads\/2019\/04\/F-1-219x146.jpg 219w, https:\/\/shortonargentina.com.ar\/wp-content\/uploads\/2019\/04\/F-1-50x33.jpg 50w, https:\/\/shortonargentina.com.ar\/wp-content\/uploads\/2019\/04\/F-1-112x75.jpg 112w, https:\/\/shortonargentina.com.ar\/wp-content\/uploads\/2019\/04\/F-1.jpg 499w\" sizes=\"(max-width:767px) 300px, 300px\" \/><\/strong><\/p>\n<p><strong>F-1 (adhesi\u00f3n standard)<\/strong><br \/>\nGracias a su gran estabilidad en el calibre y alta permeabilidad controlada, la calidad F-1es la opci\u00f3n perfecta para muchas aplicaciones en la industria de los embutidos curados. Sus excelentes caracter\u00edsticas para manipulaci\u00f3n aseguran f\u00e1cil embutido manual o mec\u00e1nico.<\/p>\n<p>&nbsp;<\/p>\n<p><strong><img decoding=\"async\" loading=\"lazy\" class=\"alignnone size-medium wp-image-429\" src=\"http:\/\/shortonargentina.com.ar\/wp-content\/uploads\/2019\/04\/F-3-300x199.jpg\" alt=\"\" width=\"300\" height=\"199\" srcset=\"https:\/\/shortonargentina.com.ar\/wp-content\/uploads\/2019\/04\/F-3-300x199.jpg 300w, https:\/\/shortonargentina.com.ar\/wp-content\/uploads\/2019\/04\/F-3-220x146.jpg 220w, https:\/\/shortonargentina.com.ar\/wp-content\/uploads\/2019\/04\/F-3-50x33.jpg 50w, https:\/\/shortonargentina.com.ar\/wp-content\/uploads\/2019\/04\/F-3-113x75.jpg 113w, https:\/\/shortonargentina.com.ar\/wp-content\/uploads\/2019\/04\/F-3.jpg 418w\" sizes=\"(max-width:767px) 300px, 300px\" \/><\/strong><\/p>\n<p><strong>F-3 (gran adherencia)<\/strong><br \/>\nLa calidad F-3 es un ha sido desarrollada especialmente para la elaboraci\u00f3n de piezas que requieran de gran adherencia. Anti moho Amplia gama de niveles de adhesi\u00f3n Micro perforaci\u00f3n En cualquiera de sus formatos la tripa pueden ser micro-perforada con el fin de expulsar el exceso de aire o l\u00edquido en el embutido.<\/p>\n<p>&nbsp;<\/p>\n<p><strong><img decoding=\"async\" loading=\"lazy\" class=\"alignnone size-medium wp-image-431\" src=\"http:\/\/shortonargentina.com.ar\/wp-content\/uploads\/2019\/04\/F-2-300x262.jpg\" alt=\"\" width=\"300\" height=\"262\" srcset=\"https:\/\/shortonargentina.com.ar\/wp-content\/uploads\/2019\/04\/F-2-300x262.jpg 300w, https:\/\/shortonargentina.com.ar\/wp-content\/uploads\/2019\/04\/F-2-167x146.jpg 167w, https:\/\/shortonargentina.com.ar\/wp-content\/uploads\/2019\/04\/F-2-50x44.jpg 50w, https:\/\/shortonargentina.com.ar\/wp-content\/uploads\/2019\/04\/F-2-86x75.jpg 86w, https:\/\/shortonargentina.com.ar\/wp-content\/uploads\/2019\/04\/F-2.jpg 425w\" sizes=\"(max-width:767px) 300px, 300px\" \/><\/strong><\/p>\n<p><strong>F-2 (f\u00e1cil pelado)<\/strong><br \/>\nLa calidad F-2 ha sido desarrollada especialmente para la elaboraci\u00f3n de grandes piezas de carne cocidas con musculo o carne procesada con trozos de carne de distintas medidas para productos tipo jam\u00f3n cocido o salami. La calidad F-2 en su formato plisado, permiten optimizar los procedimientos de operaci\u00f3n y reduciendo los tiempos improductivos gracias a sus distintos tratamientos para graduar la adherencia que proporciona la tripa a la carne. Esta calidad est\u00e1 especialmente recomendada para las l\u00edneas de lonceado donde el alto rendimiento y control del pelado son cruciales.<\/p>\n\n\t\t<\/div>\n\t<\/div>\n<\/div><\/div><\/div><div class=\"wpb_column vc_column_container vc_col-sm-6\"><div class=\"vc_column-inner\"><div class=\"wpb_wrapper\"><\/div><\/div><\/div><\/div><\/div><\/div><\/div><\/div><div class=\"vc_row-full-width vc_clearfix\"><\/div><div data-vc-full-width=\"true\" data-vc-full-width-init=\"false\" class=\"vc_row wpb_row vc_row-fluid vc_custom_1545850234791 vc_row-has-fill\"><div class=\"wpb_column vc_column_container vc_col-sm-12\"><div class=\"vc_column-inner\"><div class=\"wpb_wrapper\"><\/div><\/div><\/div><\/div><div class=\"vc_row-full-width vc_clearfix\"><\/div>","protected":false},"excerpt":{"rendered":"Envolturas y tripas fibrosas Usos de las tripas o envolturas fibrosas Las tripas y envolturas fibrosas son ideales para la producci\u00f3n de toda clase de embutidos<span class=\"excerpt-hellip\"> [\u2026]<\/span>","protected":false},"author":1,"featured_media":0,"parent":0,"menu_order":0,"comment_status":"closed","ping_status":"closed","template":"","meta":{"footnotes":""},"yoast_head":"<!-- This site is optimized with the Yoast SEO plugin v16.1.1 - https:\/\/yoast.com\/wordpress\/plugins\/seo\/ -->\n<title>TRIPAS FIBROSAS - Shorton Argentina SRL<\/title>\n<link rel=\"canonical\" href=\"https:\/\/shortonargentina.com.ar\/en\/tripas-fibrosas\/\" \/>\n<meta property=\"og:locale\" content=\"en_US\" \/>\n<meta property=\"og:type\" content=\"article\" \/>\n<meta property=\"og:title\" content=\"TRIPAS FIBROSAS - Shorton Argentina SRL\" \/>\n<meta property=\"og:url\" content=\"https:\/\/shortonargentina.com.ar\/en\/tripas-fibrosas\/\" \/>\n<meta property=\"og:site_name\" content=\"Shorton Argentina SRL\" \/>\n<meta property=\"article:modified_time\" content=\"2020-02-19T14:24:33+00:00\" \/>\n<meta property=\"og:image\" content=\"http:\/\/shortonargentina.com.ar\/wp-content\/uploads\/2019\/04\/F-1-300x200.jpg\" \/>\n<meta name=\"twitter:card\" content=\"summary_large_image\" \/>\n<meta name=\"twitter:label1\" content=\"Est. reading time\">\n\t<meta name=\"twitter:data1\" content=\"4 minutes\">\n<script type=\"application\/ld+json\" class=\"yoast-schema-graph\">{\"@context\":\"https:\/\/schema.org\",\"@graph\":[{\"@type\":\"WebSite\",\"@id\":\"https:\/\/shortonargentina.com.ar\/#website\",\"url\":\"https:\/\/shortonargentina.com.ar\/\",\"name\":\"Shorton Argentina SRL\",\"description\":\"Productores de tripas naturales para embutidos\",\"potentialAction\":[{\"@type\":\"SearchAction\",\"target\":\"https:\/\/shortonargentina.com.ar\/?s={search_term_string}\",\"query-input\":\"required name=search_term_string\"}],\"inLanguage\":\"en-US\"},{\"@type\":\"ImageObject\",\"@id\":\"https:\/\/shortonargentina.com.ar\/tripas-fibrosas\/#primaryimage\",\"inLanguage\":\"en-US\",\"url\":\"http:\/\/shortonargentina.com.ar\/wp-content\/uploads\/2019\/04\/F-1-300x200.jpg\",\"contentUrl\":\"http:\/\/shortonargentina.com.ar\/wp-content\/uploads\/2019\/04\/F-1-300x200.jpg\"},{\"@type\":\"WebPage\",\"@id\":\"https:\/\/shortonargentina.com.ar\/tripas-fibrosas\/#webpage\",\"url\":\"https:\/\/shortonargentina.com.ar\/tripas-fibrosas\/\",\"name\":\"TRIPAS FIBROSAS - Shorton Argentina SRL\",\"isPartOf\":{\"@id\":\"https:\/\/shortonargentina.com.ar\/#website\"},\"primaryImageOfPage\":{\"@id\":\"https:\/\/shortonargentina.com.ar\/tripas-fibrosas\/#primaryimage\"},\"datePublished\":\"2019-04-12T17:46:16+00:00\",\"dateModified\":\"2020-02-19T14:24:33+00:00\",\"breadcrumb\":{\"@id\":\"https:\/\/shortonargentina.com.ar\/tripas-fibrosas\/#breadcrumb\"},\"inLanguage\":\"en-US\",\"potentialAction\":[{\"@type\":\"ReadAction\",\"target\":[\"https:\/\/shortonargentina.com.ar\/tripas-fibrosas\/\"]}]},{\"@type\":\"BreadcrumbList\",\"@id\":\"https:\/\/shortonargentina.com.ar\/tripas-fibrosas\/#breadcrumb\",\"itemListElement\":[{\"@type\":\"ListItem\",\"position\":1,\"item\":{\"@type\":\"WebPage\",\"@id\":\"https:\/\/shortonargentina.com.ar\/\",\"url\":\"https:\/\/shortonargentina.com.ar\/\",\"name\":\"Home\"}},{\"@type\":\"ListItem\",\"position\":2,\"item\":{\"@type\":\"WebPage\",\"@id\":\"https:\/\/shortonargentina.com.ar\/tripas-fibrosas\/\",\"url\":\"https:\/\/shortonargentina.com.ar\/tripas-fibrosas\/\",\"name\":\"TRIPAS FIBROSAS\"}}]}]}<\/script>\n<!-- \/ Yoast SEO plugin. -->","_links":{"self":[{"href":"https:\/\/shortonargentina.com.ar\/en\/wp-json\/wp\/v2\/pages\/426"}],"collection":[{"href":"https:\/\/shortonargentina.com.ar\/en\/wp-json\/wp\/v2\/pages"}],"about":[{"href":"https:\/\/shortonargentina.com.ar\/en\/wp-json\/wp\/v2\/types\/page"}],"author":[{"embeddable":true,"href":"https:\/\/shortonargentina.com.ar\/en\/wp-json\/wp\/v2\/users\/1"}],"replies":[{"embeddable":true,"href":"https:\/\/shortonargentina.com.ar\/en\/wp-json\/wp\/v2\/comments?post=426"}],"version-history":[{"count":9,"href":"https:\/\/shortonargentina.com.ar\/en\/wp-json\/wp\/v2\/pages\/426\/revisions"}],"predecessor-version":[{"id":634,"href":"https:\/\/shortonargentina.com.ar\/en\/wp-json\/wp\/v2\/pages\/426\/revisions\/634"}],"wp:attachment":[{"href":"https:\/\/shortonargentina.com.ar\/en\/wp-json\/wp\/v2\/media?parent=426"}],"curies":[{"name":"wp","href":"https:\/\/api.w.org\/{rel}","templated":true}]}}