{"id":480,"date":"2019-04-15T00:08:40","date_gmt":"2019-04-15T03:08:40","guid":{"rendered":"http:\/\/shortonargentina.com.ar\/?page_id=480"},"modified":"2020-02-19T11:20:39","modified_gmt":"2020-02-19T14:20:39","slug":"pecta-ring","status":"publish","type":"page","link":"https:\/\/shortonargentina.com.ar\/en\/pecta-ring\/","title":{"rendered":"pecta-ring"},"content":{"rendered":"<div data-vc-full-width=\"true\" data-vc-full-width-init=\"false\" class=\"vc_row wpb_row vc_row-fluid vc_custom_1545847769418 vc_row-has-fill\"><div class=\"wpb_column vc_column_container vc_col-sm-3\"><div class=\"vc_column-inner\"><div class=\"wpb_wrapper\">\n\t<div  class=\"wpb_single_image wpb_content_element vc_align_left\">\n\t\t\n\t\t<figure class=\"wpb_wrapper vc_figure\">\n\t\t\t<a href=\"https:\/\/shortonargentina.com.ar\/en\/tripas-naturales\/\" target=\"_self\" class=\"vc_single_image-wrapper   vc_box_border_grey\"><img width=\"222\" height=\"48\" src=\"https:\/\/shortonargentina.com.ar\/wp-content\/uploads\/2020\/02\/boton-tripas-naturales-OFF.png\" class=\"vc_single_image-img attachment-full\" alt=\"\" decoding=\"async\" loading=\"lazy\" srcset=\"https:\/\/shortonargentina.com.ar\/wp-content\/uploads\/2020\/02\/boton-tripas-naturales-OFF.png 222w, https:\/\/shortonargentina.com.ar\/wp-content\/uploads\/2020\/02\/boton-tripas-naturales-OFF-50x11.png 50w, https:\/\/shortonargentina.com.ar\/wp-content\/uploads\/2020\/02\/boton-tripas-naturales-OFF-150x32.png 150w\" sizes=\"(max-width:767px) 222px, 222px\" \/><\/a>\n\t\t<\/figure>\n\t<\/div>\n<\/div><\/div><\/div><div class=\"wpb_column vc_column_container vc_col-sm-3\"><div class=\"vc_column-inner\"><div class=\"wpb_wrapper\">\n\t<div  class=\"wpb_single_image wpb_content_element vc_align_left\">\n\t\t\n\t\t<figure class=\"wpb_wrapper vc_figure\">\n\t\t\t<a href=\"https:\/\/shortonargentina.com.ar\/en\/tripas-colageno\/\" target=\"_self\" class=\"vc_single_image-wrapper   vc_box_border_grey\"><img width=\"222\" height=\"48\" src=\"https:\/\/shortonargentina.com.ar\/wp-content\/uploads\/2020\/02\/boton-tripas-colageno-OFF.png\" class=\"vc_single_image-img attachment-full\" alt=\"\" decoding=\"async\" loading=\"lazy\" srcset=\"https:\/\/shortonargentina.com.ar\/wp-content\/uploads\/2020\/02\/boton-tripas-colageno-OFF.png 222w, https:\/\/shortonargentina.com.ar\/wp-content\/uploads\/2020\/02\/boton-tripas-colageno-OFF-50x11.png 50w, https:\/\/shortonargentina.com.ar\/wp-content\/uploads\/2020\/02\/boton-tripas-colageno-OFF-150x32.png 150w\" sizes=\"(max-width:767px) 222px, 222px\" \/><\/a>\n\t\t<\/figure>\n\t<\/div>\n<\/div><\/div><\/div><div class=\"wpb_column vc_column_container vc_col-sm-3\"><div class=\"vc_column-inner\"><div class=\"wpb_wrapper\">\n\t<div  class=\"wpb_single_image wpb_content_element vc_align_left\">\n\t\t\n\t\t<figure class=\"wpb_wrapper vc_figure\">\n\t\t\t<a href=\"https:\/\/shortonargentina.com.ar\/en\/tripas-fibrosas\/\" target=\"_self\" class=\"vc_single_image-wrapper   vc_box_border_grey\"><img width=\"222\" height=\"48\" src=\"https:\/\/shortonargentina.com.ar\/wp-content\/uploads\/2020\/02\/boton-tripas-fibrosas-OFF.png\" class=\"vc_single_image-img attachment-full\" alt=\"\" decoding=\"async\" loading=\"lazy\" srcset=\"https:\/\/shortonargentina.com.ar\/wp-content\/uploads\/2020\/02\/boton-tripas-fibrosas-OFF.png 222w, https:\/\/shortonargentina.com.ar\/wp-content\/uploads\/2020\/02\/boton-tripas-fibrosas-OFF-50x11.png 50w, https:\/\/shortonargentina.com.ar\/wp-content\/uploads\/2020\/02\/boton-tripas-fibrosas-OFF-150x32.png 150w\" sizes=\"(max-width:767px) 222px, 222px\" \/><\/a>\n\t\t<\/figure>\n\t<\/div>\n<\/div><\/div><\/div><div class=\"wpb_column vc_column_container vc_col-sm-3\"><div class=\"vc_column-inner\"><div class=\"wpb_wrapper\">\n\t<div  class=\"wpb_single_image wpb_content_element vc_align_left\">\n\t\t\n\t\t<figure class=\"wpb_wrapper vc_figure\">\n\t\t\t<a href=\"https:\/\/shortonargentina.com.ar\/en\/tripas-de-poliamida\/\" target=\"_self\" class=\"vc_single_image-wrapper   vc_box_border_grey\"><img width=\"222\" height=\"48\" src=\"https:\/\/shortonargentina.com.ar\/wp-content\/uploads\/2020\/02\/boton-tripas-POLIAMIDAS.png\" class=\"vc_single_image-img attachment-full\" alt=\"\" decoding=\"async\" loading=\"lazy\" srcset=\"https:\/\/shortonargentina.com.ar\/wp-content\/uploads\/2020\/02\/boton-tripas-POLIAMIDAS.png 222w, https:\/\/shortonargentina.com.ar\/wp-content\/uploads\/2020\/02\/boton-tripas-POLIAMIDAS-50x11.png 50w, https:\/\/shortonargentina.com.ar\/wp-content\/uploads\/2020\/02\/boton-tripas-POLIAMIDAS-150x32.png 150w\" sizes=\"(max-width:767px) 222px, 222px\" \/><\/a>\n\t\t<\/figure>\n\t<\/div>\n<\/div><\/div><\/div><\/div><div class=\"vc_row-full-width vc_clearfix\"><\/div><div data-vc-full-width=\"true\" data-vc-full-width-init=\"false\" class=\"vc_row wpb_row vc_row-fluid vc_custom_1555297213153 vc_row-has-fill vc_row-o-content-top vc_row-flex\"><div class=\"wpb_column vc_column_container vc_col-sm-12\"><div class=\"vc_column-inner\"><div class=\"wpb_wrapper\"><div class=\"vc_empty_space\"\n\t  style=\"height: 32px\"><span class=\"vc_empty_space_inner\"><\/span><\/div>\n<div class=\"vc_row wpb_row vc_inner vc_row-fluid vc_custom_1545850478717 vc_row-has-fill\"><div class=\"wpb_column vc_column_container vc_col-sm-4\"><div class=\"vc_column-inner\"><div class=\"wpb_wrapper\">\n\t<div  class=\"wpb_single_image wpb_content_element vc_align_left\">\n\t\t\n\t\t<figure class=\"wpb_wrapper vc_figure\">\n\t\t\t<div class=\"vc_single_image-wrapper   vc_box_border_grey\"><img width=\"1024\" height=\"685\" src=\"https:\/\/shortonargentina.com.ar\/wp-content\/uploads\/2019\/04\/ring-3.jpg\" class=\"vc_single_image-img attachment-full\" alt=\"\" decoding=\"async\" loading=\"lazy\" srcset=\"https:\/\/shortonargentina.com.ar\/wp-content\/uploads\/2019\/04\/ring-3.jpg 1024w, https:\/\/shortonargentina.com.ar\/wp-content\/uploads\/2019\/04\/ring-3-300x201.jpg 300w, https:\/\/shortonargentina.com.ar\/wp-content\/uploads\/2019\/04\/ring-3-768x514.jpg 768w, https:\/\/shortonargentina.com.ar\/wp-content\/uploads\/2019\/04\/ring-3-218x146.jpg 218w, https:\/\/shortonargentina.com.ar\/wp-content\/uploads\/2019\/04\/ring-3-50x33.jpg 50w, https:\/\/shortonargentina.com.ar\/wp-content\/uploads\/2019\/04\/ring-3-112x75.jpg 112w\" sizes=\"(max-width:767px) 480px, (max-width:1024px) 100vw, 1024px\" \/><\/div>\n\t\t<\/figure>\n\t<\/div>\n<\/div><\/div><\/div><div class=\"wpb_column vc_column_container vc_col-sm-4\"><div class=\"vc_column-inner\"><div class=\"wpb_wrapper\">\n\t<div  class=\"wpb_single_image wpb_content_element vc_align_left\">\n\t\t\n\t\t<figure class=\"wpb_wrapper vc_figure\">\n\t\t\t<div class=\"vc_single_image-wrapper   vc_box_border_grey\"><img width=\"1024\" height=\"685\" src=\"https:\/\/shortonargentina.com.ar\/wp-content\/uploads\/2019\/04\/ring2.jpg\" class=\"vc_single_image-img attachment-full\" alt=\"\" decoding=\"async\" loading=\"lazy\" srcset=\"https:\/\/shortonargentina.com.ar\/wp-content\/uploads\/2019\/04\/ring2.jpg 1024w, https:\/\/shortonargentina.com.ar\/wp-content\/uploads\/2019\/04\/ring2-300x201.jpg 300w, https:\/\/shortonargentina.com.ar\/wp-content\/uploads\/2019\/04\/ring2-768x514.jpg 768w, https:\/\/shortonargentina.com.ar\/wp-content\/uploads\/2019\/04\/ring2-218x146.jpg 218w, https:\/\/shortonargentina.com.ar\/wp-content\/uploads\/2019\/04\/ring2-50x33.jpg 50w, https:\/\/shortonargentina.com.ar\/wp-content\/uploads\/2019\/04\/ring2-112x75.jpg 112w\" sizes=\"(max-width:767px) 480px, (max-width:1024px) 100vw, 1024px\" \/><\/div>\n\t\t<\/figure>\n\t<\/div>\n<\/div><\/div><\/div><div class=\"wpb_column vc_column_container vc_col-sm-4\"><div class=\"vc_column-inner\"><div class=\"wpb_wrapper\">\n\t<div  class=\"wpb_single_image wpb_content_element vc_align_left\">\n\t\t\n\t\t<figure class=\"wpb_wrapper vc_figure\">\n\t\t\t<div class=\"vc_single_image-wrapper   vc_box_border_grey\"><img width=\"1024\" height=\"685\" src=\"https:\/\/shortonargentina.com.ar\/wp-content\/uploads\/2019\/04\/ring1.jpg\" class=\"vc_single_image-img attachment-full\" alt=\"\" decoding=\"async\" loading=\"lazy\" srcset=\"https:\/\/shortonargentina.com.ar\/wp-content\/uploads\/2019\/04\/ring1.jpg 1024w, https:\/\/shortonargentina.com.ar\/wp-content\/uploads\/2019\/04\/ring1-300x201.jpg 300w, https:\/\/shortonargentina.com.ar\/wp-content\/uploads\/2019\/04\/ring1-768x514.jpg 768w, https:\/\/shortonargentina.com.ar\/wp-content\/uploads\/2019\/04\/ring1-218x146.jpg 218w, https:\/\/shortonargentina.com.ar\/wp-content\/uploads\/2019\/04\/ring1-50x33.jpg 50w, https:\/\/shortonargentina.com.ar\/wp-content\/uploads\/2019\/04\/ring1-112x75.jpg 112w\" sizes=\"(max-width:767px) 480px, (max-width:1024px) 100vw, 1024px\" \/><\/div>\n\t\t<\/figure>\n\t<\/div>\n<\/div><\/div><\/div><\/div><div class=\"vc_row wpb_row vc_inner vc_row-fluid\"><div class=\"wpb_column vc_column_container vc_col-sm-6\"><div class=\"vc_column-inner\"><div class=\"wpb_wrapper\">\n\t<div class=\"wpb_text_column wpb_content_element\" >\n\t\t<div class=\"wpb_wrapper\">\n\t\t\t<h2 class=\"spectech-group-name\">Caracter\u00edsticas t\u00e9cnicas<\/h2>\n<ul class=\"spectech-specifications-list\">\n<li><strong><label>Calibres disponibles<\/label>\u00a0<\/strong>\n<div class=\"spectech-specification\"><span class=\"spectech-value\">28-65 mm<\/span><\/div>\n<\/li>\n<li><strong><label>Ancho plano<\/label>\u00a0<\/strong>\n<div class=\"spectech-specification\"><span class=\"spectech-value\">+\/-2 mm de la anchura total<\/span><\/div>\n<\/li>\n<li><strong><label>Transporte y distribuci\u00f3n<\/label><\/strong>\n<div class=\"spectech-specification\"><span class=\"spectech-value\">Con pal\u00e9 de madera o pl\u00e1stico protegido con film retr\u00e1ctil e identificaci\u00f3n del producto.<\/span><\/div>\n<\/li>\n<li><strong><label>Designaci\u00f3n y etiquetado<\/label>\u00a0<\/strong>\n<div class=\"spectech-specification\"><span class=\"spectech-value\">Denominaci\u00f3n del producto con su n\u00famero de lote y con las menciones obligatorias seg\u00fan Reglamento CE. Trazabilidad total garantizada a partir del n\u00famero de lote.<\/span><\/div>\n<\/li>\n<li><strong><label>Formato y presentaci\u00f3n<\/label>\u00a0<\/strong>\n<div class=\"spectech-specification\"><span class=\"spectech-value\">Caja de cart\u00f3n individuales envasadas en bolsas de en polietileno para una \u00f3ptima conservaci\u00f3n de la humedad hasta el momento de utilizarla. Designaci\u00f3n y etiquetado<\/span><\/div>\n<\/li>\n<li><strong><label>Grosor<\/label>\u00a0<\/strong>\n<div class=\"spectech-specification\"><span class=\"spectech-value\">37-50 \u00b5m<\/span><\/div>\n<\/li>\n<li><strong><label>Termo contracci\u00f3n<\/label>\u00a0<\/strong>\n<div class=\"spectech-specification\"><span class=\"spectech-value\">Por encima del 8% en ambas direcciones mediante inmersi\u00f3n en agua a 90\u00b0C<\/span><\/div>\n<\/li>\n<li><strong><label>Tratamiento termal<\/label>\u00a0<\/strong>\n<div class=\"spectech-specification\"><span class=\"spectech-value\">No sobrepasar los 90\u00b0C. Tiempo m\u00e1ximo de cocci\u00f3n 5 hrs.<\/span><\/div>\n<\/li>\n<li><strong><label>Filtro UV<\/label>\u00a0<\/strong>\n<div class=\"spectech-specification\"><span class=\"spectech-value\">Filtro UV standard integrado.<\/span><\/div>\n<\/li>\n<li><strong><label>Color<\/label>\u00a0<\/strong>\n<div class=\"spectech-specification\"><span class=\"spectech-value\">Seg\u00fan muestras de referencia del color<\/span><\/div>\n<\/li>\n<li><strong><label>Acabado o Cierre del stick<\/label>\u00a0<\/strong>\n<div class=\"spectech-specification\"><span class=\"spectech-value\">Open-end<\/span><\/div>\n<\/li>\n<li><strong><label>Introduction<\/label>\u00a0<\/strong>\n<div class=\"spectech-specification\"><span class=\"spectech-value\">Tripa plisada en sticks de diferentes medidas seg\u00fan aplicacion<\/span><\/div>\n<\/li>\n<li><strong><label>Principales cualidades<\/label>\u00a0<\/strong>\n<div class=\"spectech-specification\"><span class=\"spectech-value\">Principales cualidades Regularidad en el calibre Di\u00e1metro interior de la curvatura definido y constante Alta capacidad de contracion<\/span><\/div>\n<\/li>\n<li><strong><label>Composici\u00f3n<\/label>\u00a0<\/strong>\n<div class=\"spectech-specification\"><span class=\"spectech-value\">Poliamidas, co-acrilate, pol\u00edmeros de uni\u00f3n, concentrados coloreantes, Aditivos funcionales, Polialqueno<\/span><\/div>\n<\/li>\n<li><strong><label>Control de adherencia<\/label>\u00a0<\/strong>\n<div class=\"spectech-specification\"><span class=\"spectech-value\">Disponible seg\u00fan aplicaci\u00f3n [Alta,Media,Baja]<\/span><\/div>\n<\/li>\n<\/ul>\n\n\t\t<\/div>\n\t<\/div>\n<\/div><\/div><\/div><div class=\"wpb_column vc_column_container vc_col-sm-6 vc_col-has-fill\"><div class=\"vc_column-inner vc_custom_1555297225958\"><div class=\"wpb_wrapper\">\n\t<div class=\"wpb_text_column wpb_content_element\" >\n\t\t<div class=\"wpb_wrapper\">\n\t\t\t<h2 class=\"spectech-group-name\">Instrucciones y uso<\/h2>\n<ul class=\"spectech-specifications-list\">\n<li><strong><label>Embutici\u00f3n<\/label>\u00a0<\/strong>\n<div class=\"spectech-specification\"><span class=\"spectech-value\">Embutir directamente sin remojar. Se recomienda que las superficies en contacto con la tripa est\u00e9n bien limpias y secas. No embutir por encima del calibre indicado por el fabricante. En el caso de tripa plisada en sticks, manipular el stick de tripa sin deformarlo y manteniendo la humedad de la tripa. Es importante mantener la caja cerrada para evitar que se reseque la tripa eb sus distintos formatos.<\/span><\/div>\n<\/li>\n<li><strong><label>Conservaci\u00f3n<\/label>\u00a0<\/strong>\n<div class=\"spectech-specification\"><span class=\"spectech-value\">Conservar en lugar fresco y seco. Evitar la exposici\u00f3n solar directa y los lugares extremadamente h\u00famedos.Una vez abierta la caja, guardar la tripa en su envase original cerrado herm\u00e9ticamente para conservar su humedad. Consumir preferentemente antes de 12 meses desde la fecha de producci\u00f3n.<\/span><\/div>\n<\/li>\n<\/ul>\n\n\t\t<\/div>\n\t<\/div>\n<\/div><\/div><\/div><\/div><\/div><\/div><\/div><\/div><div class=\"vc_row-full-width vc_clearfix\"><\/div>","protected":false},"excerpt":{"rendered":"Caracter\u00edsticas t\u00e9cnicas Calibres disponibles\u00a0 28-65 mm Ancho plano\u00a0 +\/-2 mm de la anchura total Transporte y distribuci\u00f3n Con pal\u00e9 de madera o pl\u00e1stico protegido con film<span class=\"excerpt-hellip\"> [\u2026]<\/span>","protected":false},"author":1,"featured_media":0,"parent":0,"menu_order":0,"comment_status":"closed","ping_status":"closed","template":"","meta":{"footnotes":""},"yoast_head":"<!-- This site is optimized with the Yoast SEO plugin v16.1.1 - https:\/\/yoast.com\/wordpress\/plugins\/seo\/ -->\n<title>pecta-ring - Shorton Argentina SRL<\/title>\n<link rel=\"canonical\" href=\"https:\/\/shortonargentina.com.ar\/en\/pecta-ring\/\" \/>\n<meta property=\"og:locale\" content=\"en_US\" \/>\n<meta property=\"og:type\" content=\"article\" \/>\n<meta property=\"og:title\" content=\"pecta-ring - Shorton Argentina SRL\" \/>\n<meta property=\"og:url\" content=\"https:\/\/shortonargentina.com.ar\/en\/pecta-ring\/\" \/>\n<meta property=\"og:site_name\" content=\"Shorton Argentina SRL\" \/>\n<meta property=\"article:modified_time\" content=\"2020-02-19T14:20:39+00:00\" \/>\n<meta name=\"twitter:card\" content=\"summary_large_image\" \/>\n<meta name=\"twitter:label1\" content=\"Est. reading time\">\n\t<meta name=\"twitter:data1\" content=\"3 minutes\">\n<script type=\"application\/ld+json\" class=\"yoast-schema-graph\">{\"@context\":\"https:\/\/schema.org\",\"@graph\":[{\"@type\":\"WebSite\",\"@id\":\"https:\/\/shortonargentina.com.ar\/#website\",\"url\":\"https:\/\/shortonargentina.com.ar\/\",\"name\":\"Shorton Argentina SRL\",\"description\":\"Productores de tripas naturales para embutidos\",\"potentialAction\":[{\"@type\":\"SearchAction\",\"target\":\"https:\/\/shortonargentina.com.ar\/?s={search_term_string}\",\"query-input\":\"required name=search_term_string\"}],\"inLanguage\":\"en-US\"},{\"@type\":\"WebPage\",\"@id\":\"https:\/\/shortonargentina.com.ar\/pecta-ring\/#webpage\",\"url\":\"https:\/\/shortonargentina.com.ar\/pecta-ring\/\",\"name\":\"pecta-ring - Shorton Argentina SRL\",\"isPartOf\":{\"@id\":\"https:\/\/shortonargentina.com.ar\/#website\"},\"datePublished\":\"2019-04-15T03:08:40+00:00\",\"dateModified\":\"2020-02-19T14:20:39+00:00\",\"breadcrumb\":{\"@id\":\"https:\/\/shortonargentina.com.ar\/pecta-ring\/#breadcrumb\"},\"inLanguage\":\"en-US\",\"potentialAction\":[{\"@type\":\"ReadAction\",\"target\":[\"https:\/\/shortonargentina.com.ar\/pecta-ring\/\"]}]},{\"@type\":\"BreadcrumbList\",\"@id\":\"https:\/\/shortonargentina.com.ar\/pecta-ring\/#breadcrumb\",\"itemListElement\":[{\"@type\":\"ListItem\",\"position\":1,\"item\":{\"@type\":\"WebPage\",\"@id\":\"https:\/\/shortonargentina.com.ar\/\",\"url\":\"https:\/\/shortonargentina.com.ar\/\",\"name\":\"Home\"}},{\"@type\":\"ListItem\",\"position\":2,\"item\":{\"@type\":\"WebPage\",\"@id\":\"https:\/\/shortonargentina.com.ar\/pecta-ring\/\",\"url\":\"https:\/\/shortonargentina.com.ar\/pecta-ring\/\",\"name\":\"pecta-ring\"}}]}]}<\/script>\n<!-- \/ Yoast SEO plugin. -->","_links":{"self":[{"href":"https:\/\/shortonargentina.com.ar\/en\/wp-json\/wp\/v2\/pages\/480"}],"collection":[{"href":"https:\/\/shortonargentina.com.ar\/en\/wp-json\/wp\/v2\/pages"}],"about":[{"href":"https:\/\/shortonargentina.com.ar\/en\/wp-json\/wp\/v2\/types\/page"}],"author":[{"embeddable":true,"href":"https:\/\/shortonargentina.com.ar\/en\/wp-json\/wp\/v2\/users\/1"}],"replies":[{"embeddable":true,"href":"https:\/\/shortonargentina.com.ar\/en\/wp-json\/wp\/v2\/comments?post=480"}],"version-history":[{"count":4,"href":"https:\/\/shortonargentina.com.ar\/en\/wp-json\/wp\/v2\/pages\/480\/revisions"}],"predecessor-version":[{"id":628,"href":"https:\/\/shortonargentina.com.ar\/en\/wp-json\/wp\/v2\/pages\/480\/revisions\/628"}],"wp:attachment":[{"href":"https:\/\/shortonargentina.com.ar\/en\/wp-json\/wp\/v2\/media?parent=480"}],"curies":[{"name":"wp","href":"https:\/\/api.w.org\/{rel}","templated":true}]}}