{"id":530,"date":"2019-07-01T17:40:45","date_gmt":"2019-07-01T20:40:45","guid":{"rendered":"https:\/\/shortonargentina.com.ar\/?page_id=530"},"modified":"2019-07-01T17:40:45","modified_gmt":"2019-07-01T20:40:45","slug":"productos","status":"publish","type":"page","link":"https:\/\/shortonargentina.com.ar\/en\/productos\/","title":{"rendered":"PRODUCTS"},"content":{"rendered":"<div data-vc-full-width=\"true\" data-vc-full-width-init=\"false\" class=\"vc_row wpb_row vc_row-fluid vc_custom_1545847769418 vc_row-has-fill\"><div class=\"wpb_column vc_column_container vc_col-sm-3\"><div class=\"vc_column-inner\"><div class=\"wpb_wrapper\">\n\t<div  class=\"wpb_single_image wpb_content_element vc_align_left\">\n\t\t\n\t\t<figure class=\"wpb_wrapper vc_figure\">\n\t\t\t<a href=\"https:\/\/shortonargentina.com.ar\/en\/tripas-naturales\/\" target=\"_self\" class=\"vc_single_image-wrapper   vc_box_border_grey\"><img width=\"222\" height=\"48\" src=\"https:\/\/shortonargentina.com.ar\/wp-content\/uploads\/2018\/12\/boton-tripas-naturales.png\" class=\"vc_single_image-img attachment-full\" alt=\"\" decoding=\"async\" loading=\"lazy\" srcset=\"https:\/\/shortonargentina.com.ar\/wp-content\/uploads\/2018\/12\/boton-tripas-naturales.png 222w, https:\/\/shortonargentina.com.ar\/wp-content\/uploads\/2018\/12\/boton-tripas-naturales-50x11.png 50w, https:\/\/shortonargentina.com.ar\/wp-content\/uploads\/2018\/12\/boton-tripas-naturales-150x32.png 150w\" sizes=\"(max-width:767px) 222px, 222px\" \/><\/a>\n\t\t<\/figure>\n\t<\/div>\n<\/div><\/div><\/div><div class=\"wpb_column vc_column_container vc_col-sm-3\"><div class=\"vc_column-inner\"><div class=\"wpb_wrapper\">\n\t<div  class=\"wpb_single_image wpb_content_element vc_align_left\">\n\t\t\n\t\t<figure class=\"wpb_wrapper vc_figure\">\n\t\t\t<a href=\"https:\/\/shortonargentina.com.ar\/en\/tripas-colageno\/\" target=\"_self\" class=\"vc_single_image-wrapper   vc_box_border_grey\"><img width=\"222\" height=\"48\" src=\"https:\/\/shortonargentina.com.ar\/wp-content\/uploads\/2018\/12\/boton-tripas-colageno-OFF.png\" class=\"vc_single_image-img attachment-full\" alt=\"\" decoding=\"async\" loading=\"lazy\" srcset=\"https:\/\/shortonargentina.com.ar\/wp-content\/uploads\/2018\/12\/boton-tripas-colageno-OFF.png 222w, https:\/\/shortonargentina.com.ar\/wp-content\/uploads\/2018\/12\/boton-tripas-colageno-OFF-50x11.png 50w, https:\/\/shortonargentina.com.ar\/wp-content\/uploads\/2018\/12\/boton-tripas-colageno-OFF-150x32.png 150w\" sizes=\"(max-width:767px) 222px, 222px\" \/><\/a>\n\t\t<\/figure>\n\t<\/div>\n<\/div><\/div><\/div><div class=\"wpb_column vc_column_container vc_col-sm-3\"><div class=\"vc_column-inner\"><div class=\"wpb_wrapper\">\n\t<div  class=\"wpb_single_image wpb_content_element vc_align_left\">\n\t\t\n\t\t<figure class=\"wpb_wrapper vc_figure\">\n\t\t\t<a href=\"https:\/\/shortonargentina.com.ar\/en\/tripas-fibrosas\/\" target=\"_self\" class=\"vc_single_image-wrapper   vc_box_border_grey\"><img width=\"222\" height=\"48\" src=\"https:\/\/shortonargentina.com.ar\/wp-content\/uploads\/2018\/12\/boton-tripas-fibrosas-OFF.png\" class=\"vc_single_image-img attachment-full\" alt=\"\" decoding=\"async\" loading=\"lazy\" srcset=\"https:\/\/shortonargentina.com.ar\/wp-content\/uploads\/2018\/12\/boton-tripas-fibrosas-OFF.png 222w, https:\/\/shortonargentina.com.ar\/wp-content\/uploads\/2018\/12\/boton-tripas-fibrosas-OFF-50x11.png 50w, https:\/\/shortonargentina.com.ar\/wp-content\/uploads\/2018\/12\/boton-tripas-fibrosas-OFF-150x32.png 150w\" sizes=\"(max-width:767px) 222px, 222px\" \/><\/a>\n\t\t<\/figure>\n\t<\/div>\n<\/div><\/div><\/div><div class=\"wpb_column vc_column_container vc_col-sm-3\"><div class=\"vc_column-inner\"><div class=\"wpb_wrapper\">\n\t<div  class=\"wpb_single_image wpb_content_element vc_align_left\">\n\t\t\n\t\t<figure class=\"wpb_wrapper vc_figure\">\n\t\t\t<a href=\"https:\/\/shortonargentina.com.ar\/en\/tripas-de-poliamida\/\" target=\"_self\" class=\"vc_single_image-wrapper   vc_box_border_grey\"><img width=\"222\" height=\"48\" src=\"https:\/\/shortonargentina.com.ar\/wp-content\/uploads\/2018\/12\/boton-tripas-POLIAMIDAS-OFF.png\" class=\"vc_single_image-img attachment-full\" alt=\"\" decoding=\"async\" loading=\"lazy\" srcset=\"https:\/\/shortonargentina.com.ar\/wp-content\/uploads\/2018\/12\/boton-tripas-POLIAMIDAS-OFF.png 222w, https:\/\/shortonargentina.com.ar\/wp-content\/uploads\/2018\/12\/boton-tripas-POLIAMIDAS-OFF-50x11.png 50w, https:\/\/shortonargentina.com.ar\/wp-content\/uploads\/2018\/12\/boton-tripas-POLIAMIDAS-OFF-150x32.png 150w\" sizes=\"(max-width:767px) 222px, 222px\" \/><\/a>\n\t\t<\/figure>\n\t<\/div>\n<\/div><\/div><\/div><\/div><div class=\"vc_row-full-width vc_clearfix\"><\/div><div data-vc-full-width=\"true\" data-vc-full-width-init=\"false\" class=\"vc_row wpb_row vc_row-fluid vc_custom_1545850725767 vc_row-has-fill vc_row-o-content-top vc_row-flex\"><div class=\"wpb_column vc_column_container vc_col-sm-12\"><div class=\"vc_column-inner\"><div class=\"wpb_wrapper\"><div class=\"vc_empty_space\"\n\t  style=\"height: 32px\"><span class=\"vc_empty_space_inner\"><\/span><\/div>\n<div class=\"vc_row wpb_row vc_inner vc_row-fluid vc_custom_1545850478717 vc_row-has-fill\"><div class=\"wpb_column vc_column_container vc_col-sm-6\"><div class=\"vc_column-inner\"><div class=\"wpb_wrapper\">\n\t<div class=\"wpb_text_column wpb_content_element\" >\n\t\t<div class=\"wpb_wrapper\">\n\t\t\t<h1 style=\"text-align: left;\"><span style=\"color: #ff6c2c;\">Natural Casings<\/span><\/h1>\n<h2>Why use natural casings made by Shorton Argentina SRL?<\/h2>\n<p>Our productive processes of handling and selection are very demanding and professional. Our goal is to produce and select the product that is able to meet our customers' expectations and be able to offer a consistently reliable product over time.<br \/>\nNatural casings are a time-tested way to wrap cold meats, dating back to a time when the only method for preserving meat products was by salting, stuffing in natural casings and drying.<br \/>\n.<br \/>\n.<br \/>\n.<br \/>\n.<br \/>\n.<br \/>\n.<br \/>\n.<\/p>\n\n\t\t<\/div>\n\t<\/div>\n<\/div><\/div><\/div><div class=\"wpb_column vc_column_container vc_col-sm-6\"><div class=\"vc_column-inner\"><div class=\"wpb_wrapper\"><\/div><\/div><\/div><\/div><div class=\"vc_row wpb_row vc_inner vc_row-fluid\"><div class=\"wpb_column vc_column_container vc_col-sm-6\"><div class=\"vc_column-inner\"><div class=\"wpb_wrapper\">\n\t<div  class=\"wpb_single_image wpb_content_element vc_align_left\">\n\t\t\n\t\t<figure class=\"wpb_wrapper vc_figure\">\n\t\t\t<div class=\"vc_single_image-wrapper   vc_box_border_grey\"><img width=\"739\" height=\"300\" src=\"https:\/\/shortonargentina.com.ar\/wp-content\/uploads\/2019\/04\/tripas-naturales-vacunas.jpg\" class=\"vc_single_image-img attachment-full\" alt=\"\" decoding=\"async\" loading=\"lazy\" srcset=\"https:\/\/shortonargentina.com.ar\/wp-content\/uploads\/2019\/04\/tripas-naturales-vacunas.jpg 739w, https:\/\/shortonargentina.com.ar\/wp-content\/uploads\/2019\/04\/tripas-naturales-vacunas-300x122.jpg 300w, https:\/\/shortonargentina.com.ar\/wp-content\/uploads\/2019\/04\/tripas-naturales-vacunas-260x106.jpg 260w, https:\/\/shortonargentina.com.ar\/wp-content\/uploads\/2019\/04\/tripas-naturales-vacunas-50x20.jpg 50w, https:\/\/shortonargentina.com.ar\/wp-content\/uploads\/2019\/04\/tripas-naturales-vacunas-150x61.jpg 150w\" sizes=\"(max-width:767px) 480px, 739px\" \/><\/div>\n\t\t<\/figure>\n\t<\/div>\n<\/div><\/div><\/div><div class=\"wpb_column vc_column_container vc_col-sm-6 vc_col-has-fill\"><div class=\"vc_column-inner vc_custom_1545850798870\"><div class=\"wpb_wrapper\">\n\t<div class=\"wpb_text_column wpb_content_element\" >\n\t\t<div class=\"wpb_wrapper\">\n\t\t\t<p>Argentine fields are home to the best animals in the world and in turn, Argentine meat exceeds the highest quality standards, considered one of the \"best meats in the world.\" Our access to the highest-quality raw material (natural beef casings) combined with our experience, knowledge and dedication allow us to achieve a natural product of excellent quality.<\/p>\n\n\t\t<\/div>\n\t<\/div>\n<div class=\"vc_btn3-container vc_btn3-inline\" >\n\t<a class=\"vc_general vc_btn3 vc_btn3-size-md vc_btn3-shape-square vc_btn3-style-outline vc_btn3-color-warning\" href=\"https:\/\/shortonargentina.com.ar\/en\/tripas-naturales-vacunas\/\" title=\"\">See more<\/a>\t<\/div>\n<\/div><\/div><\/div><\/div><div class=\"vc_row wpb_row vc_inner vc_row-fluid\"><div class=\"wpb_column vc_column_container vc_col-sm-6\"><div class=\"vc_column-inner\"><div class=\"wpb_wrapper\">\n\t<div  class=\"wpb_single_image wpb_content_element vc_align_left\">\n\t\t\n\t\t<figure class=\"wpb_wrapper vc_figure\">\n\t\t\t<div class=\"vc_single_image-wrapper   vc_box_border_grey\"><img width=\"739\" height=\"300\" src=\"https:\/\/shortonargentina.com.ar\/wp-content\/uploads\/2018\/12\/tripas-naturales-porcinas-internas.png\" class=\"vc_single_image-img attachment-full\" alt=\"\" decoding=\"async\" loading=\"lazy\" srcset=\"https:\/\/shortonargentina.com.ar\/wp-content\/uploads\/2018\/12\/tripas-naturales-porcinas-internas.png 739w, https:\/\/shortonargentina.com.ar\/wp-content\/uploads\/2018\/12\/tripas-naturales-porcinas-internas-300x122.png 300w, https:\/\/shortonargentina.com.ar\/wp-content\/uploads\/2018\/12\/tripas-naturales-porcinas-internas-260x106.png 260w, https:\/\/shortonargentina.com.ar\/wp-content\/uploads\/2018\/12\/tripas-naturales-porcinas-internas-50x20.png 50w, https:\/\/shortonargentina.com.ar\/wp-content\/uploads\/2018\/12\/tripas-naturales-porcinas-internas-150x61.png 150w\" sizes=\"(max-width:767px) 480px, 739px\" \/><\/div>\n\t\t<\/figure>\n\t<\/div>\n<\/div><\/div><\/div><div class=\"wpb_column vc_column_container vc_col-sm-6\"><div class=\"vc_column-inner\"><div class=\"wpb_wrapper\">\n\t<div class=\"wpb_text_column wpb_content_element\" >\n\t\t<div class=\"wpb_wrapper\">\n\t\t\t<p>We are producers of pork casings of national origin. We use machinery with advanced technology for the production and cleaning of hog casings, operated by our team of specialized and trained personnel for each of the tasks.\nWe also import pork casings from the most prestigious companies in terms of quality worldwide.<\/p>\n\n\t\t<\/div>\n\t<\/div>\n<div class=\"vc_btn3-container vc_btn3-inline\" >\n\t<a class=\"vc_general vc_btn3 vc_btn3-size-md vc_btn3-shape-square vc_btn3-style-outline vc_btn3-color-warning\" href=\"https:\/\/shortonargentina.com.ar\/en\/tripas-naturales-porcinas\/\" title=\"\">See more<\/a>\t<\/div>\n<\/div><\/div><\/div><\/div><div class=\"vc_row wpb_row vc_inner vc_row-fluid\"><div class=\"wpb_column vc_column_container vc_col-sm-6\"><div class=\"vc_column-inner\"><div class=\"wpb_wrapper\">\n\t<div  class=\"wpb_single_image wpb_content_element vc_align_left\">\n\t\t\n\t\t<figure class=\"wpb_wrapper vc_figure\">\n\t\t\t<div class=\"vc_single_image-wrapper   vc_box_border_grey\"><img width=\"739\" height=\"300\" src=\"https:\/\/shortonargentina.com.ar\/wp-content\/uploads\/2018\/12\/tripas-naturales-ovinas-interna.png\" class=\"vc_single_image-img attachment-full\" alt=\"\" decoding=\"async\" loading=\"lazy\" srcset=\"https:\/\/shortonargentina.com.ar\/wp-content\/uploads\/2018\/12\/tripas-naturales-ovinas-interna.png 739w, https:\/\/shortonargentina.com.ar\/wp-content\/uploads\/2018\/12\/tripas-naturales-ovinas-interna-300x122.png 300w, https:\/\/shortonargentina.com.ar\/wp-content\/uploads\/2018\/12\/tripas-naturales-ovinas-interna-260x106.png 260w, https:\/\/shortonargentina.com.ar\/wp-content\/uploads\/2018\/12\/tripas-naturales-ovinas-interna-50x20.png 50w, https:\/\/shortonargentina.com.ar\/wp-content\/uploads\/2018\/12\/tripas-naturales-ovinas-interna-150x61.png 150w\" sizes=\"(max-width:767px) 480px, 739px\" \/><\/div>\n\t\t<\/figure>\n\t<\/div>\n<\/div><\/div><\/div><div class=\"wpb_column vc_column_container vc_col-sm-6\"><div class=\"vc_column-inner\"><div class=\"wpb_wrapper\">\n\t<div class=\"wpb_text_column wpb_content_element\" >\n\t\t<div class=\"wpb_wrapper\">\n\t\t\t<p>We produce and sell this merchandise. We supervise production, quality and all calibrations carried out on site at the slaughterhouse, which allows us to ensure consistent quality of the merchandise, delivering the same product to our customers throughout the year.<\/p>\n\n\t\t<\/div>\n\t<\/div>\n<div class=\"vc_btn3-container vc_btn3-inline\" >\n\t<a class=\"vc_general vc_btn3 vc_btn3-size-md vc_btn3-shape-square vc_btn3-style-outline vc_btn3-color-warning\" href=\"https:\/\/shortonargentina.com.ar\/en\/tripas-naturales-ovinas\/\" title=\"\">See more<\/a>\t<\/div>\n<\/div><\/div><\/div><\/div><\/div><\/div><\/div><\/div><div class=\"vc_row-full-width vc_clearfix\"><\/div><div data-vc-full-width=\"true\" data-vc-full-width-init=\"false\" class=\"vc_row wpb_row vc_row-fluid vc_custom_1545850234791 vc_row-has-fill\"><div class=\"wpb_column vc_column_container vc_col-sm-12\"><div class=\"vc_column-inner\"><div class=\"wpb_wrapper\"><\/div><\/div><\/div><\/div><div class=\"vc_row-full-width vc_clearfix\"><\/div>","protected":false},"excerpt":{"rendered":"Tripas Naturales Tripas Naturales elaboradas por Shorton Argentina S.R.L. \u00bfPor qu\u00e9 usarlas? Nuestros procesos productivos de manipulaci\u00f3n y selecci\u00f3n son muy exigentes y profesionales. Nuestro objetivo<span class=\"excerpt-hellip\"> [\u2026]<\/span>","protected":false},"author":1,"featured_media":0,"parent":0,"menu_order":0,"comment_status":"closed","ping_status":"closed","template":"","meta":{"footnotes":""},"yoast_head":"<!-- This site is optimized with the Yoast SEO plugin v16.1.1 - https:\/\/yoast.com\/wordpress\/plugins\/seo\/ -->\n<title>PRODUCTOS - Shorton Argentina SRL<\/title>\n<link rel=\"canonical\" href=\"https:\/\/shortonargentina.com.ar\/en\/productos\/\" \/>\n<meta property=\"og:locale\" content=\"en_US\" \/>\n<meta property=\"og:type\" content=\"article\" \/>\n<meta property=\"og:title\" content=\"PRODUCTOS - Shorton Argentina SRL\" \/>\n<meta property=\"og:url\" content=\"https:\/\/shortonargentina.com.ar\/en\/productos\/\" \/>\n<meta property=\"og:site_name\" content=\"Shorton Argentina SRL\" \/>\n<meta name=\"twitter:card\" content=\"summary_large_image\" \/>\n<meta name=\"twitter:label1\" content=\"Est. reading time\">\n\t<meta name=\"twitter:data1\" content=\"4 minutes\">\n<script type=\"application\/ld+json\" class=\"yoast-schema-graph\">{\"@context\":\"https:\/\/schema.org\",\"@graph\":[{\"@type\":\"WebSite\",\"@id\":\"https:\/\/shortonargentina.com.ar\/#website\",\"url\":\"https:\/\/shortonargentina.com.ar\/\",\"name\":\"Shorton Argentina SRL\",\"description\":\"Productores de tripas naturales para embutidos\",\"potentialAction\":[{\"@type\":\"SearchAction\",\"target\":\"https:\/\/shortonargentina.com.ar\/?s={search_term_string}\",\"query-input\":\"required name=search_term_string\"}],\"inLanguage\":\"en-US\"},{\"@type\":\"WebPage\",\"@id\":\"https:\/\/shortonargentina.com.ar\/en\/productos\/#webpage\",\"url\":\"https:\/\/shortonargentina.com.ar\/en\/productos\/\",\"name\":\"PRODUCTOS - Shorton Argentina SRL\",\"isPartOf\":{\"@id\":\"https:\/\/shortonargentina.com.ar\/#website\"},\"datePublished\":\"2019-07-01T20:40:45+00:00\",\"dateModified\":\"2019-07-01T20:40:45+00:00\",\"breadcrumb\":{\"@id\":\"https:\/\/shortonargentina.com.ar\/en\/productos\/#breadcrumb\"},\"inLanguage\":\"en-US\",\"potentialAction\":[{\"@type\":\"ReadAction\",\"target\":[\"https:\/\/shortonargentina.com.ar\/en\/productos\/\"]}]},{\"@type\":\"BreadcrumbList\",\"@id\":\"https:\/\/shortonargentina.com.ar\/en\/productos\/#breadcrumb\",\"itemListElement\":[{\"@type\":\"ListItem\",\"position\":1,\"item\":{\"@type\":\"WebPage\",\"@id\":\"https:\/\/shortonargentina.com.ar\/\",\"url\":\"https:\/\/shortonargentina.com.ar\/\",\"name\":\"Home\"}},{\"@type\":\"ListItem\",\"position\":2,\"item\":{\"@type\":\"WebPage\",\"@id\":\"https:\/\/shortonargentina.com.ar\/en\/productos\/\",\"url\":\"https:\/\/shortonargentina.com.ar\/en\/productos\/\",\"name\":\"PRODUCTOS\"}}]}]}<\/script>\n<!-- \/ Yoast SEO plugin. -->","_links":{"self":[{"href":"https:\/\/shortonargentina.com.ar\/en\/wp-json\/wp\/v2\/pages\/530"}],"collection":[{"href":"https:\/\/shortonargentina.com.ar\/en\/wp-json\/wp\/v2\/pages"}],"about":[{"href":"https:\/\/shortonargentina.com.ar\/en\/wp-json\/wp\/v2\/types\/page"}],"author":[{"embeddable":true,"href":"https:\/\/shortonargentina.com.ar\/en\/wp-json\/wp\/v2\/users\/1"}],"replies":[{"embeddable":true,"href":"https:\/\/shortonargentina.com.ar\/en\/wp-json\/wp\/v2\/comments?post=530"}],"version-history":[{"count":1,"href":"https:\/\/shortonargentina.com.ar\/en\/wp-json\/wp\/v2\/pages\/530\/revisions"}],"predecessor-version":[{"id":531,"href":"https:\/\/shortonargentina.com.ar\/en\/wp-json\/wp\/v2\/pages\/530\/revisions\/531"}],"wp:attachment":[{"href":"https:\/\/shortonargentina.com.ar\/en\/wp-json\/wp\/v2\/media?parent=530"}],"curies":[{"name":"wp","href":"https:\/\/api.w.org\/{rel}","templated":true}]}}