{"id":79,"date":"2018-12-26T16:07:18","date_gmt":"2018-12-26T19:07:18","guid":{"rendered":"http:\/\/shortonargentina.com.ar\/?page_id=79"},"modified":"2020-02-21T16:25:57","modified_gmt":"2020-02-21T19:25:57","slug":"tripas-naturales-vacunas","status":"publish","type":"page","link":"https:\/\/shortonargentina.com.ar\/en\/tripas-naturales-vacunas\/","title":{"rendered":"BEEF NATURAL CASINGS"},"content":{"rendered":"<div data-vc-full-width=\"true\" data-vc-full-width-init=\"false\" class=\"vc_row wpb_row vc_row-fluid vc_custom_1545847769418 vc_row-has-fill\"><div class=\"wpb_column vc_column_container vc_col-sm-3\"><div class=\"vc_column-inner\"><div class=\"wpb_wrapper\">\n\t<div  class=\"wpb_single_image wpb_content_element vc_align_left\">\n\t\t\n\t\t<figure class=\"wpb_wrapper vc_figure\">\n\t\t\t<a href=\"https:\/\/shortonargentina.com.ar\/en\/tripas-naturales\/\" target=\"_self\" class=\"vc_single_image-wrapper   vc_box_border_grey\"><img width=\"222\" height=\"48\" src=\"https:\/\/shortonargentina.com.ar\/wp-content\/uploads\/2020\/02\/boton-tripas-naturales.png\" class=\"vc_single_image-img attachment-full\" alt=\"\" decoding=\"async\" loading=\"lazy\" srcset=\"https:\/\/shortonargentina.com.ar\/wp-content\/uploads\/2020\/02\/boton-tripas-naturales.png 222w, https:\/\/shortonargentina.com.ar\/wp-content\/uploads\/2020\/02\/boton-tripas-naturales-50x11.png 50w, https:\/\/shortonargentina.com.ar\/wp-content\/uploads\/2020\/02\/boton-tripas-naturales-150x32.png 150w\" sizes=\"(max-width:767px) 222px, 222px\" \/><\/a>\n\t\t<\/figure>\n\t<\/div>\n<\/div><\/div><\/div><div class=\"wpb_column vc_column_container vc_col-sm-3\"><div class=\"vc_column-inner\"><div class=\"wpb_wrapper\">\n\t<div  class=\"wpb_single_image wpb_content_element vc_align_left\">\n\t\t\n\t\t<figure class=\"wpb_wrapper vc_figure\">\n\t\t\t<a href=\"https:\/\/shortonargentina.com.ar\/en\/tripas-colageno\/\" target=\"_self\" class=\"vc_single_image-wrapper   vc_box_border_grey\"><img width=\"222\" height=\"48\" src=\"https:\/\/shortonargentina.com.ar\/wp-content\/uploads\/2020\/02\/boton-tripas-colageno-OFF.png\" class=\"vc_single_image-img attachment-full\" alt=\"\" decoding=\"async\" loading=\"lazy\" srcset=\"https:\/\/shortonargentina.com.ar\/wp-content\/uploads\/2020\/02\/boton-tripas-colageno-OFF.png 222w, https:\/\/shortonargentina.com.ar\/wp-content\/uploads\/2020\/02\/boton-tripas-colageno-OFF-50x11.png 50w, https:\/\/shortonargentina.com.ar\/wp-content\/uploads\/2020\/02\/boton-tripas-colageno-OFF-150x32.png 150w\" sizes=\"(max-width:767px) 222px, 222px\" \/><\/a>\n\t\t<\/figure>\n\t<\/div>\n<\/div><\/div><\/div><div class=\"wpb_column vc_column_container vc_col-sm-3\"><div class=\"vc_column-inner\"><div class=\"wpb_wrapper\">\n\t<div  class=\"wpb_single_image wpb_content_element vc_align_left\">\n\t\t\n\t\t<figure class=\"wpb_wrapper vc_figure\">\n\t\t\t<a href=\"https:\/\/shortonargentina.com.ar\/en\/tripas-fibrosas\/\" target=\"_self\" class=\"vc_single_image-wrapper   vc_box_border_grey\"><img width=\"222\" height=\"48\" src=\"https:\/\/shortonargentina.com.ar\/wp-content\/uploads\/2020\/02\/boton-tripas-fibrosas-OFF.png\" class=\"vc_single_image-img attachment-full\" alt=\"\" decoding=\"async\" loading=\"lazy\" srcset=\"https:\/\/shortonargentina.com.ar\/wp-content\/uploads\/2020\/02\/boton-tripas-fibrosas-OFF.png 222w, https:\/\/shortonargentina.com.ar\/wp-content\/uploads\/2020\/02\/boton-tripas-fibrosas-OFF-50x11.png 50w, https:\/\/shortonargentina.com.ar\/wp-content\/uploads\/2020\/02\/boton-tripas-fibrosas-OFF-150x32.png 150w\" sizes=\"(max-width:767px) 222px, 222px\" \/><\/a>\n\t\t<\/figure>\n\t<\/div>\n<\/div><\/div><\/div><div class=\"wpb_column vc_column_container vc_col-sm-3\"><div class=\"vc_column-inner\"><div class=\"wpb_wrapper\">\n\t<div  class=\"wpb_single_image wpb_content_element vc_align_left\">\n\t\t\n\t\t<figure class=\"wpb_wrapper vc_figure\">\n\t\t\t<a href=\"https:\/\/shortonargentina.com.ar\/en\/tripas-de-poliamida\/\" target=\"_self\" class=\"vc_single_image-wrapper   vc_box_border_grey\"><img width=\"222\" height=\"48\" src=\"https:\/\/shortonargentina.com.ar\/wp-content\/uploads\/2020\/02\/boton-tripas-POLIAMIDAS-OFF.png\" class=\"vc_single_image-img attachment-full\" alt=\"\" decoding=\"async\" loading=\"lazy\" srcset=\"https:\/\/shortonargentina.com.ar\/wp-content\/uploads\/2020\/02\/boton-tripas-POLIAMIDAS-OFF.png 222w, https:\/\/shortonargentina.com.ar\/wp-content\/uploads\/2020\/02\/boton-tripas-POLIAMIDAS-OFF-50x11.png 50w, https:\/\/shortonargentina.com.ar\/wp-content\/uploads\/2020\/02\/boton-tripas-POLIAMIDAS-OFF-150x32.png 150w\" sizes=\"(max-width:767px) 222px, 222px\" \/><\/a>\n\t\t<\/figure>\n\t<\/div>\n<\/div><\/div><\/div><\/div><div class=\"vc_row-full-width vc_clearfix\"><\/div><div data-vc-full-width=\"true\" data-vc-full-width-init=\"false\" class=\"vc_row wpb_row vc_row-fluid vc_custom_1545850725767 vc_row-has-fill vc_row-o-content-top vc_row-flex\"><div class=\"wpb_column vc_column_container vc_col-sm-12\"><div class=\"vc_column-inner\"><div class=\"wpb_wrapper\"><div class=\"vc_empty_space\"\n\t  style=\"height: 32px\"><span class=\"vc_empty_space_inner\"><\/span><\/div>\n<div class=\"vc_row wpb_row vc_inner vc_row-fluid vc_row-o-equal-height vc_row-flex\"><div class=\"wpb_column vc_column_container vc_col-sm-6\"><div class=\"vc_column-inner\"><div class=\"wpb_wrapper\">\n\t<div  class=\"wpb_single_image wpb_content_element vc_align_left\">\n\t\t\n\t\t<figure class=\"wpb_wrapper vc_figure\">\n\t\t\t<div class=\"vc_single_image-wrapper   vc_box_border_grey\"><img width=\"739\" height=\"300\" src=\"https:\/\/shortonargentina.com.ar\/wp-content\/uploads\/2020\/02\/tripas-naturales-vacunas.jpg\" class=\"vc_single_image-img attachment-full\" alt=\"\" decoding=\"async\" loading=\"lazy\" srcset=\"https:\/\/shortonargentina.com.ar\/wp-content\/uploads\/2020\/02\/tripas-naturales-vacunas.jpg 739w, https:\/\/shortonargentina.com.ar\/wp-content\/uploads\/2020\/02\/tripas-naturales-vacunas-300x122.jpg 300w, https:\/\/shortonargentina.com.ar\/wp-content\/uploads\/2020\/02\/tripas-naturales-vacunas-260x106.jpg 260w, https:\/\/shortonargentina.com.ar\/wp-content\/uploads\/2020\/02\/tripas-naturales-vacunas-50x20.jpg 50w, https:\/\/shortonargentina.com.ar\/wp-content\/uploads\/2020\/02\/tripas-naturales-vacunas-150x61.jpg 150w\" sizes=\"(max-width:767px) 480px, 739px\" \/><\/div>\n\t\t<\/figure>\n\t<\/div>\n<\/div><\/div><\/div><div class=\"wpb_column vc_column_container vc_col-sm-6 vc_col-has-fill\"><div class=\"vc_column-inner vc_custom_1545850798870\"><div class=\"wpb_wrapper\">\n\t<div class=\"wpb_text_column wpb_content_element\" >\n\t\t<div class=\"wpb_wrapper\">\n\t\t\t<p>Argentine fields are home to the best animals in the world and in turn, Argentine meat exceeds the highest quality standards, considered one of the \"best meats in the world.\" Our access to the highest-quality raw material (natural beef casings) combined with our experience, knowledge and dedication allow us to achieve a natural product of excellent quality.<\/p>\n\n\t\t<\/div>\n\t<\/div>\n<\/div><\/div><\/div><\/div><div class=\"vc_row wpb_row vc_inner vc_row-fluid vc_custom_1545850977852 vc_row-has-fill\"><div class=\"wpb_column vc_column_container vc_col-sm-12\"><div class=\"vc_column-inner\"><div class=\"wpb_wrapper\">\n\t<div class=\"wpb_text_column wpb_content_element\" >\n\t\t<div class=\"wpb_wrapper\">\n\t\t\t<h1><span style=\"color: #ff6c2c;\">BEEF NATURAL CASINGS<\/span><\/h1>\n<p>Argentine fields are home to the best animals in the world and in turn, Argentine meat exceeds the highest quality standards, considered one of the \"best meats in the world.\" Our access to the highest-quality raw material (natural beef casings) combined with our experience, knowledge and dedication allow us to achieve a natural product of excellent quality.<\/p>\n<h2><\/h2>\n<h2>Beef Casings<\/h2>\n<p>The beef casings produced by Shorton Argentina SRL are produced in the slaughterhouses, inspected by the SENASA on site, using modern machinery operated by fully trained and experienced personnel in this process, conferring quality assurance of the raw material for its subsequent elaboration, classification and packaging in our fully modernized industrial plant and certified by SENASA, complying with our quality policy and respecting our TRACEABILITY Operating Manual, Good Manufacturing Practices (GMP) and Standard Sanitation Operating Procedures (SSOP). With this we make sure that each skein of casing produced in our plant has been perfectly selected and controlled ensuring a standardization in the quality of the merchandise and putting an end to the old myth that the natural casings have a strong smell.<\/p>\n<p>.<\/p>\n<h2><\/h2>\n<h2>Beef Rounds Casings<\/h2>\n<p><img decoding=\"async\" loading=\"lazy\" class=\"size-medium wp-image-81 alignleft\" src=\"http:\/\/shortonargentina.com.ar\/wp-content\/uploads\/2018\/12\/ei-192x300.jpg\" alt=\"\" width=\"192\" height=\"300\" srcset=\"https:\/\/shortonargentina.com.ar\/wp-content\/uploads\/2018\/12\/ei.jpg 192w, https:\/\/shortonargentina.com.ar\/wp-content\/uploads\/2018\/12\/ei-93x146.jpg 93w, https:\/\/shortonargentina.com.ar\/wp-content\/uploads\/2018\/12\/ei-32x50.jpg 32w, https:\/\/shortonargentina.com.ar\/wp-content\/uploads\/2018\/12\/ei-48x75.jpg 48w\" sizes=\"(max-width:767px) 192px, 192px\" \/>.<br \/>\n.<\/p>\n<p class=\" translation-block\">Classification: By adhering to a rigorous and controlled calibration process, we ensure a uniformity in the product that is aligned with our customers\u2019 needs.\nCALIBERS: 34\/36 \u201336\/38 -38\/40 - 40\/43 \u201343\/46 -46\/+ and 48\/+, QUALITY A \u2013AB AND DOMESTIC IN SKEINS OF 2x13 METERS - 2x15 METERS AND 50 METERS, or custom sizes, which are available upon request.<\/p>\n<h2>Beef Middles Salami Casings<\/h2>\n<p><img decoding=\"async\" loading=\"lazy\" class=\"size-full wp-image-80 alignleft\" src=\"http:\/\/shortonargentina.com.ar\/wp-content\/uploads\/2018\/12\/ei-1.jpg\" alt=\"\" width=\"192\" height=\"220\" srcset=\"https:\/\/shortonargentina.com.ar\/wp-content\/uploads\/2018\/12\/ei-1.jpg 192w, https:\/\/shortonargentina.com.ar\/wp-content\/uploads\/2018\/12\/ei-1-127x146.jpg 127w, https:\/\/shortonargentina.com.ar\/wp-content\/uploads\/2018\/12\/ei-1-44x50.jpg 44w, https:\/\/shortonargentina.com.ar\/wp-content\/uploads\/2018\/12\/ei-1-65x75.jpg 65w\" sizes=\"(max-width:767px) 192px, 192px\" \/>.<\/p>\n<p class=\" translation-block\">Extracted directly in the slaughterhouse, it is manually desiccated with scissors by our highly trained staff and later transported to our industrial plant for calibration.\ncalibers 45\/50 - 50\/55 - 55\/60 - 60\/65 - 65\/up, AB QUALITY IN SKEINS OF 2x7MT AND 2x9 MT.<\/p>\n<h2><\/h2>\n<h2>Caps<\/h2>\n<p><img decoding=\"async\" loading=\"lazy\" class=\"size-full wp-image-82 alignleft\" src=\"http:\/\/shortonargentina.com.ar\/wp-content\/uploads\/2018\/12\/ei-2.jpg\" alt=\"\" width=\"210\" height=\"140\" srcset=\"https:\/\/shortonargentina.com.ar\/wp-content\/uploads\/2018\/12\/ei-2.jpg 210w, https:\/\/shortonargentina.com.ar\/wp-content\/uploads\/2018\/12\/ei-2-50x33.jpg 50w, https:\/\/shortonargentina.com.ar\/wp-content\/uploads\/2018\/12\/ei-2-113x75.jpg 113w\" sizes=\"(max-width:767px) 210px, 210px\" \/>.<\/p>\n<p>.<\/p>\n<p class=\" translation-block\">When working the raw material directly in the slaughterhouse and meat-packing plant, the products are desiccated in their natural state to avoid cracks, gaps and other weaknesses in the sheath, then in our industrial plant they are classified by gauge and quality before salting and preparation in sheets or skeins.\nClassification: 90\/100 - 100\/110 - 110\/120 -120\/130 - 130\/+. QUALITY A - AB.<\/p>\n<h2><\/h2>\n<h2>Beef Bladders<\/h2>\n<p>.<\/p>\n<p>.<\/p>\n<p class=\" translation-block\">Bladders are prepared dried or salted.\nClassification: \n2 - 4 Kg.\n4 - 6 Kg<\/p>\n\n\t\t<\/div>\n\t<\/div>\n<\/div><\/div><\/div><\/div><div class=\"vc_row wpb_row vc_inner vc_row-fluid\"><div class=\"wpb_column vc_column_container vc_col-sm-6\"><div class=\"vc_column-inner\"><div class=\"wpb_wrapper\">\n\t<div  class=\"wpb_single_image wpb_content_element vc_align_left\">\n\t\t\n\t\t<figure class=\"wpb_wrapper vc_figure\">\n\t\t\t<div class=\"vc_single_image-wrapper   vc_box_border_grey\"><img width=\"739\" height=\"300\" src=\"https:\/\/shortonargentina.com.ar\/wp-content\/uploads\/2020\/02\/tripas-naturales-porcinas-internas-1.jpg\" class=\"vc_single_image-img attachment-full\" alt=\"\" decoding=\"async\" loading=\"lazy\" srcset=\"https:\/\/shortonargentina.com.ar\/wp-content\/uploads\/2020\/02\/tripas-naturales-porcinas-internas-1.jpg 739w, https:\/\/shortonargentina.com.ar\/wp-content\/uploads\/2020\/02\/tripas-naturales-porcinas-internas-1-300x122.jpg 300w, https:\/\/shortonargentina.com.ar\/wp-content\/uploads\/2020\/02\/tripas-naturales-porcinas-internas-1-260x106.jpg 260w, https:\/\/shortonargentina.com.ar\/wp-content\/uploads\/2020\/02\/tripas-naturales-porcinas-internas-1-50x20.jpg 50w, https:\/\/shortonargentina.com.ar\/wp-content\/uploads\/2020\/02\/tripas-naturales-porcinas-internas-1-150x61.jpg 150w\" sizes=\"(max-width:767px) 480px, 739px\" \/><\/div>\n\t\t<\/figure>\n\t<\/div>\n<\/div><\/div><\/div><div class=\"wpb_column vc_column_container vc_col-sm-6\"><div class=\"vc_column-inner\"><div class=\"wpb_wrapper\">\n\t<div class=\"wpb_text_column wpb_content_element\" >\n\t\t<div class=\"wpb_wrapper\">\n\t\t\t<p>We are producers of pork casings of national origin. We use machinery with advanced technology for the production and cleaning of hog casings, operated by our team of specialized and trained personnel for each of the tasks.\nWe also import pork casings from the most prestigious companies in terms of quality worldwide.<\/p>\n\n\t\t<\/div>\n\t<\/div>\n<div class=\"vc_btn3-container vc_btn3-inline\" >\n\t<a class=\"vc_general vc_btn3 vc_btn3-size-md vc_btn3-shape-square vc_btn3-style-outline vc_btn3-color-warning\" href=\"https:\/\/shortonargentina.com.ar\/en\/tripas-naturales-porcinas\/\" title=\"\">See more<\/a>\t<\/div>\n<\/div><\/div><\/div><\/div><div class=\"vc_row wpb_row vc_inner vc_row-fluid\"><div class=\"wpb_column vc_column_container vc_col-sm-6\"><div class=\"vc_column-inner\"><div class=\"wpb_wrapper\">\n\t<div  class=\"wpb_single_image wpb_content_element vc_align_left\">\n\t\t\n\t\t<figure class=\"wpb_wrapper vc_figure\">\n\t\t\t<div class=\"vc_single_image-wrapper   vc_box_border_grey\"><img width=\"739\" height=\"300\" src=\"https:\/\/shortonargentina.com.ar\/wp-content\/uploads\/2020\/02\/tripas-naturales-ovinas-interna.jpg\" class=\"vc_single_image-img attachment-full\" alt=\"\" decoding=\"async\" loading=\"lazy\" srcset=\"https:\/\/shortonargentina.com.ar\/wp-content\/uploads\/2020\/02\/tripas-naturales-ovinas-interna.jpg 739w, https:\/\/shortonargentina.com.ar\/wp-content\/uploads\/2020\/02\/tripas-naturales-ovinas-interna-300x122.jpg 300w, https:\/\/shortonargentina.com.ar\/wp-content\/uploads\/2020\/02\/tripas-naturales-ovinas-interna-260x106.jpg 260w, https:\/\/shortonargentina.com.ar\/wp-content\/uploads\/2020\/02\/tripas-naturales-ovinas-interna-50x20.jpg 50w, https:\/\/shortonargentina.com.ar\/wp-content\/uploads\/2020\/02\/tripas-naturales-ovinas-interna-150x61.jpg 150w\" sizes=\"(max-width:767px) 480px, 739px\" \/><\/div>\n\t\t<\/figure>\n\t<\/div>\n<\/div><\/div><\/div><div class=\"wpb_column vc_column_container vc_col-sm-6\"><div class=\"vc_column-inner\"><div class=\"wpb_wrapper\">\n\t<div class=\"wpb_text_column wpb_content_element\" >\n\t\t<div class=\"wpb_wrapper\">\n\t\t\t<p>We produce and sell this merchandise. We supervise production, quality and all calibrations carried out on site at the slaughterhouse, which allows us to ensure consistent quality of the merchandise, delivering the same product to our customers throughout the year.<\/p>\n\n\t\t<\/div>\n\t<\/div>\n<div class=\"vc_btn3-container vc_btn3-inline\" >\n\t<a class=\"vc_general vc_btn3 vc_btn3-size-md vc_btn3-shape-square vc_btn3-style-outline vc_btn3-color-warning\" href=\"https:\/\/shortonargentina.com.ar\/en\/tripas-naturales-ovinas\/\" title=\"\">See more<\/a>\t<\/div>\n<\/div><\/div><\/div><\/div><\/div><\/div><\/div><\/div><div class=\"vc_row-full-width vc_clearfix\"><\/div><div data-vc-full-width=\"true\" data-vc-full-width-init=\"false\" class=\"vc_row wpb_row vc_row-fluid vc_custom_1545850234791 vc_row-has-fill\"><div class=\"wpb_column vc_column_container vc_col-sm-12\"><div class=\"vc_column-inner\"><div class=\"wpb_wrapper\"><\/div><\/div><\/div><\/div><div class=\"vc_row-full-width vc_clearfix\"><\/div>","protected":false},"excerpt":{"rendered":"Por naturaleza los campos Argentinos contienen los mejores animales del mundo y a su vez la carne Argentina supera los m\u00e1s altos est\u00e1ndares de calidad, consider\u00e1ndola<span class=\"excerpt-hellip\"> [\u2026]<\/span>","protected":false},"author":1,"featured_media":0,"parent":0,"menu_order":0,"comment_status":"closed","ping_status":"closed","template":"","meta":{"footnotes":""},"yoast_head":"<!-- This site is optimized with the Yoast SEO plugin v16.1.1 - https:\/\/yoast.com\/wordpress\/plugins\/seo\/ -->\n<title>TRIPAS NATURALES VACUNAS - Shorton Argentina SRL<\/title>\n<link rel=\"canonical\" href=\"https:\/\/shortonargentina.com.ar\/en\/tripas-naturales-vacunas\/\" \/>\n<meta property=\"og:locale\" content=\"en_US\" \/>\n<meta property=\"og:type\" content=\"article\" \/>\n<meta property=\"og:title\" content=\"TRIPAS NATURALES VACUNAS - Shorton Argentina SRL\" \/>\n<meta property=\"og:url\" content=\"https:\/\/shortonargentina.com.ar\/en\/tripas-naturales-vacunas\/\" \/>\n<meta property=\"og:site_name\" content=\"Shorton Argentina SRL\" \/>\n<meta property=\"article:modified_time\" content=\"2020-02-21T19:25:57+00:00\" \/>\n<meta property=\"og:image\" content=\"http:\/\/shortonargentina.com.ar\/wp-content\/uploads\/2018\/12\/ei-192x300.jpg\" \/>\n<meta name=\"twitter:card\" content=\"summary_large_image\" \/>\n<meta name=\"twitter:label1\" content=\"Est. reading time\">\n\t<meta name=\"twitter:data1\" content=\"6 minutes\">\n<script type=\"application\/ld+json\" class=\"yoast-schema-graph\">{\"@context\":\"https:\/\/schema.org\",\"@graph\":[{\"@type\":\"WebSite\",\"@id\":\"https:\/\/shortonargentina.com.ar\/#website\",\"url\":\"https:\/\/shortonargentina.com.ar\/\",\"name\":\"Shorton Argentina SRL\",\"description\":\"Productores de tripas naturales para embutidos\",\"potentialAction\":[{\"@type\":\"SearchAction\",\"target\":\"https:\/\/shortonargentina.com.ar\/?s={search_term_string}\",\"query-input\":\"required name=search_term_string\"}],\"inLanguage\":\"en-US\"},{\"@type\":\"ImageObject\",\"@id\":\"https:\/\/shortonargentina.com.ar\/tripas-naturales-vacunas\/#primaryimage\",\"inLanguage\":\"en-US\",\"url\":\"http:\/\/shortonargentina.com.ar\/wp-content\/uploads\/2018\/12\/ei-192x300.jpg\",\"contentUrl\":\"http:\/\/shortonargentina.com.ar\/wp-content\/uploads\/2018\/12\/ei-192x300.jpg\"},{\"@type\":\"WebPage\",\"@id\":\"https:\/\/shortonargentina.com.ar\/tripas-naturales-vacunas\/#webpage\",\"url\":\"https:\/\/shortonargentina.com.ar\/tripas-naturales-vacunas\/\",\"name\":\"TRIPAS NATURALES VACUNAS - Shorton Argentina SRL\",\"isPartOf\":{\"@id\":\"https:\/\/shortonargentina.com.ar\/#website\"},\"primaryImageOfPage\":{\"@id\":\"https:\/\/shortonargentina.com.ar\/tripas-naturales-vacunas\/#primaryimage\"},\"datePublished\":\"2018-12-26T19:07:18+00:00\",\"dateModified\":\"2020-02-21T19:25:57+00:00\",\"breadcrumb\":{\"@id\":\"https:\/\/shortonargentina.com.ar\/tripas-naturales-vacunas\/#breadcrumb\"},\"inLanguage\":\"en-US\",\"potentialAction\":[{\"@type\":\"ReadAction\",\"target\":[\"https:\/\/shortonargentina.com.ar\/tripas-naturales-vacunas\/\"]}]},{\"@type\":\"BreadcrumbList\",\"@id\":\"https:\/\/shortonargentina.com.ar\/tripas-naturales-vacunas\/#breadcrumb\",\"itemListElement\":[{\"@type\":\"ListItem\",\"position\":1,\"item\":{\"@type\":\"WebPage\",\"@id\":\"https:\/\/shortonargentina.com.ar\/\",\"url\":\"https:\/\/shortonargentina.com.ar\/\",\"name\":\"Home\"}},{\"@type\":\"ListItem\",\"position\":2,\"item\":{\"@type\":\"WebPage\",\"@id\":\"https:\/\/shortonargentina.com.ar\/tripas-naturales-vacunas\/\",\"url\":\"https:\/\/shortonargentina.com.ar\/tripas-naturales-vacunas\/\",\"name\":\"TRIPAS NATURALES VACUNAS\"}}]}]}<\/script>\n<!-- \/ Yoast SEO plugin. -->","_links":{"self":[{"href":"https:\/\/shortonargentina.com.ar\/en\/wp-json\/wp\/v2\/pages\/79"}],"collection":[{"href":"https:\/\/shortonargentina.com.ar\/en\/wp-json\/wp\/v2\/pages"}],"about":[{"href":"https:\/\/shortonargentina.com.ar\/en\/wp-json\/wp\/v2\/types\/page"}],"author":[{"embeddable":true,"href":"https:\/\/shortonargentina.com.ar\/en\/wp-json\/wp\/v2\/users\/1"}],"replies":[{"embeddable":true,"href":"https:\/\/shortonargentina.com.ar\/en\/wp-json\/wp\/v2\/comments?post=79"}],"version-history":[{"count":14,"href":"https:\/\/shortonargentina.com.ar\/en\/wp-json\/wp\/v2\/pages\/79\/revisions"}],"predecessor-version":[{"id":640,"href":"https:\/\/shortonargentina.com.ar\/en\/wp-json\/wp\/v2\/pages\/79\/revisions\/640"}],"wp:attachment":[{"href":"https:\/\/shortonargentina.com.ar\/en\/wp-json\/wp\/v2\/media?parent=79"}],"curies":[{"name":"wp","href":"https:\/\/api.w.org\/{rel}","templated":true}]}}